{"id":1023875,"date":"2024-06-17T15:47:21","date_gmt":"2024-06-17T07:47:21","guid":{"rendered":"https:\/\/vimaterial.de\/product\/hafnium-metal-5\/"},"modified":"2025-09-16T13:38:19","modified_gmt":"2025-09-16T05:38:19","slug":"hafnium-metallique","status":"publish","type":"product","link":"https:\/\/vimaterial.de\/fr\/product\/hafnium-metallique\/","title":{"rendered":"Hafnium m\u00e9tal"},"content":{"rendered":"<h2><span style=\"font-size: 14pt;\">Pr\u00e9sentation de la poudre d&#8217;hafnium m\u00e9tallique<\/span><\/h2>\n<p>La poudre d&#8217;<span style=\"color: #0000ff;\"><a style=\"color: #0000ff;\" href=\"https:\/\/vimaterial.de\/fr\/search\/?type=element&#038;keyword=Hf\">hafnium m\u00e9tallique,<\/a><\/span> d&#8217;une puret\u00e9 de 99,9 % ou plus, est un mat\u00e9riau essentiel pour diverses applications de haute technologie telles que l&#8217;a\u00e9rospatiale, les r\u00e9acteurs nucl\u00e9aires et les semi-conducteurs. Reconnue pour son excellente stabilit\u00e9 \u00e0 haute temp\u00e9rature et sa r\u00e9sistance \u00e0 la corrosion, la poudre d&#8217;hafnium est utilis\u00e9e dans les cibles de pulv\u00e9risation cathodique, les catalyseurs et les rev\u00eatements avanc\u00e9s. Chez VIMATERIAL, nous fournissons une poudre d&#8217;hafnium de haute qualit\u00e9 qui r\u00e9pond aux exigences rigoureuses des industries exigeant des performances mat\u00e9rielles pr\u00e9cises.<\/p>\n<h2><span style=\"font-size: 14pt;\">Pourquoi choisir notre poudre d&#8217;hafnium\u00a0?<\/span><\/h2>\n<p><strong>1.Haute puret\u00e9 :<\/strong> Notre poudre d&#8217;hafnium pr\u00e9sente un niveau de puret\u00e9 de 99,9 %, garantissant des performances sup\u00e9rieures dans les applications exigeantes. Ce niveau de puret\u00e9 est crucial pour les applications en \u00e9lectronique de pointe et en technologie nucl\u00e9aire.<\/p>\n<p><strong>2.Stabilit\u00e9 \u00e0 haute temp\u00e9rature :<\/strong> Le point de fusion \u00e9lev\u00e9 de l&#8217;hafnium le rend adapt\u00e9 \u00e0 une utilisation \u00e0 des temp\u00e9ratures extr\u00eames. C&#8217;est un mat\u00e9riau id\u00e9al pour les composants a\u00e9rospatiaux et les r\u00e9acteurs nucl\u00e9aires o\u00f9 la r\u00e9sistance \u00e0 la chaleur est essentielle.<\/p>\n<p><strong>3.R\u00e9sistance \u00e0 la corrosion :<\/strong> Le hafnium est tr\u00e8s r\u00e9sistant \u00e0 la corrosion, m\u00eame \u00e0 haute temp\u00e9rature, ce qui en fait un excellent choix pour les \u00e9quipements de traitement chimique et les rev\u00eatements haute performance.<\/p>\n<h2><span style=\"font-size: 14pt;\">Principales applications de la poudre de hafnium\u00a0<\/span><\/h2>\n<p>A\u00e9rospatiale\u00a0: Le hafnium est utilis\u00e9 dans les alliages haute temp\u00e9rature pour les aubes de turbines et les boucliers thermiques a\u00e9rospatiaux.<\/p>\n<p>Technologie nucl\u00e9aire\u00a0: La section efficace d\u2019absorption neutronique \u00e9lev\u00e9e du hafnium le rend pr\u00e9cieux dans les r\u00e9acteurs nucl\u00e9aires comme mat\u00e9riau de barres de contr\u00f4le.<\/p>\n<p>Semi-conducteurs\u00a0: L\u2019oxyde de hafnium est un mat\u00e9riau essentiel pour les di\u00e9lectriques \u00e0 haute constante di\u00e9lectrique dans les dispositifs semi-conducteurs.<\/p>\n<p>Cibles de pulv\u00e9risation cathodique\u00a0: La poudre de hafnium est largement utilis\u00e9e pour le d\u00e9p\u00f4t de couches minces dans les applications \u00e9lectroniques et opto\u00e9lectroniques.<\/p>\n<h2><span style=\"font-size: 14pt;\">Sp\u00e9cifications techniques de la poudre de hafnium<\/span><\/h2>\n<table style=\"border-collapse: collapse; width: 60.4702%; height: 168px;\">\n<tbody>\n<tr style=\"height: 24px;\">\n<td style=\"width: 19.1992%; height: 24px; text-align: center;\">Propri\u00e9t\u00e9<\/td>\n<td style=\"width: 44.4213%; height: 24px; text-align: center;\">Sp\u00e9cification<\/td>\n<\/tr>\n<tr style=\"height: 24px;\">\n<td style=\"width: 19.1992%; height: 24px; text-align: center;\">Puret\u00e9<\/td>\n<td style=\"width: 44.4213%; height: 24px; text-align: center;\">99,9 %<\/td>\n<\/tr>\n<tr style=\"height: 24px;\">\n<td style=\"width: 19.1992%; height: 24px; text-align: center;\">Granulom\u00e9trie<\/td>\n<td style=\"width: 44.4213%; height: 24px; text-align: center;\">Personnalisable<\/td>\n<\/tr>\n<tr style=\"height: 24px;\">\n<td style=\"width: 19.1992%; height: 24px; text-align: center;\">Densit\u00e9<\/td>\n<td style=\"width: 44.4213%; height: 24px; text-align: center;\">13,31 g\/cm\u00b3<\/td>\n<\/tr>\n<tr style=\"height: 24px;\">\n<td style=\"width: 19.1992%; height: 24px; text-align: center;\">Point de fusion<\/td>\n<td style=\"width: 44.4213%; height: 24px; text-align: center;\">2233 \u00b0C<\/td>\n<\/tr>\n<tr style=\"height: 24px;\">\n<td style=\"width: 19.1992%; height: 24px; text-align: center;\">Aspect<\/td>\n<td style=\"width: 44.4213%; height: 24px; text-align: center;\">Poudre grise<\/td>\n<\/tr>\n<tr style=\"height: 24px;\">\n<td style=\"width: 19.1992%; height: 24px; text-align: center;\"><span style=\"color: #0000ff;\"><a style=\"color: #0000ff;\" href=\"https:\/\/en.wikipedia.org\/wiki\/Crystal_structure\" rel=\"nofollow noopener\" target=\"_blank\">Structure cristalline<\/a><\/span><\/td>\n<td style=\"width: 44.4213%; height: 24px; text-align: center;\">En dessous de 1300 \u00b0C, forme hexagonale compacte (forme \u03b1)<br \/>\nAu-dessus de 1300 \u00b0C, forme cubique centr\u00e9e (forme \u03b2)<\/td>\n<\/tr>\n<\/tbody>\n<\/table>\n<h2><span style=\"font-size: 14pt;\">Pourquoi choisir VIMATERIAL pour vos besoins en poudre de hafnium\u00a0?<\/span><\/h2>\n<p>Chez <span style=\"color: #0000ff;\"><a style=\"color: #0000ff;\" href=\"https:\/\/vimaterial.de\/fr\/a-propos-de-nous\/\">VIMATERIAL<\/a><\/span>, nous nous engageons \u00e0 fournir de la poudre de hafnium de qualit\u00e9 sup\u00e9rieure pour r\u00e9pondre aux besoins des industries de pointe. Notre processus de production garantit que chaque lot de poudre de hafnium r\u00e9pond \u00e0 des normes de qualit\u00e9 strictes. Nous proposons des granulom\u00e9tries et des conditionnements personnalisables pour r\u00e9pondre \u00e0 vos besoins sp\u00e9cifiques.<\/p>\n<h2><span style=\"font-size: 14pt;\">Comment commander de la poudre de hafnium aupr\u00e8s de VIMATERIAL\u00a0?<\/span><\/h2>\n<p>Contactez-nous pour obtenir un devis concernant la quantit\u00e9 et les sp\u00e9cifications de poudre de hafnium dont vous avez besoin.<\/p>\n<p>Demandez un \u00e9chantillon pour vous assurer que le mat\u00e9riau r\u00e9pond \u00e0 vos besoins techniques.<\/p>\n<p>La commande et la livraison seront organis\u00e9es rapidement, garantissant ainsi le respect de vos d\u00e9lais de production.<\/p>\n<p><span style=\"color: #0000ff;\"><a style=\"color: #0000ff;\" href=\"https:\/\/vimaterial.de\/fr\/contact\/\">Pour plus d&#8217;informations, consultez notre page Produits Hafnium ou contactez notre \u00e9quipe.<\/a><\/span><\/p>\n<h2><span style=\"font-size: 14pt;\">Foire aux questions (FAQ)<\/span><\/h2>\n<h3><span style=\"font-size: 12pt;\">Q1\u00a0: Quelle est l&#8217;utilisation typique de la poudre de hafnium dans les applications a\u00e9rospatiales\u00a0?<\/span><\/h3>\n<p>A1\u00a0: La poudre de hafnium est utilis\u00e9e pour cr\u00e9er des alliages haute temp\u00e9rature dans les aubes de turbines et les boucliers thermiques a\u00e9rospatiaux, o\u00f9 sa r\u00e9sistance \u00e0 la chaleur est cruciale.<\/p>\n<h3><span style=\"font-size: 12pt;\">Q2\u00a0: Quel est l&#8217;impact de la puret\u00e9 de la poudre de hafnium sur ses performances\u00a0?<\/span><\/h3>\n<p>A2\u00a0: La puret\u00e9 sup\u00e9rieure de la poudre de hafnium garantit de meilleures performances dans les semi-conducteurs, les r\u00e9acteurs nucl\u00e9aires et les applications de pulv\u00e9risation cathodique, o\u00f9 la r\u00e9gularit\u00e9 du mat\u00e9riau est essentielle.<\/p>\n<h3><span style=\"font-size: 12pt;\">Q3\u00a0: Puis-je personnaliser la granulom\u00e9trie de la poudre de hafnium\u00a0?<\/span><\/h3>\n<p>A3\u00a0: Oui, chez VIMATERIAL, nous proposons des granulom\u00e9tries personnalisables pour r\u00e9pondre aux exigences de votre application. Veuillez nous contacter pour plus d&#8217;informations.<\/p>\n<h2><span style=\"font-size: 14pt;\">Produits connexes<\/span><\/h2>\n<p><span style=\"color: #0000ff;\"><a style=\"color: #0000ff;\" href=\"https:\/\/vimaterial.de\/fr\/product\/zirconium-metal-2\/\"><span style=\"font-size: 12pt;\">Poudre de zirconium<\/span><\/a><\/span><\/p>\n<p><span style=\"color: #0000ff;\"><a style=\"color: #0000ff;\" href=\"https:\/\/vimaterial.de\/fr\/product\/tantale-metal-2\/\">Tantale m\u00e9tallique<\/a><\/span><\/p>\n<p><span style=\"color: #0000ff;\"><a style=\"color: #0000ff;\" href=\"https:\/\/vimaterial.de\/fr\/product\/hafnium-metal-2\/\">Cible de pulv\u00e9risation d&#8217;hafnium m\u00e9tallique<\/a><\/span><\/p>\n<p><span style=\"color: #0000ff;\"><a style=\"color: #0000ff;\" href=\"https:\/\/vimaterial.de\/fr\/produits-en-poudre\/\">Autres produits connexes<\/a><\/span><\/p>\n<h2><span style=\"font-size: 14pt;\">Conclusion\u00a0<\/span><\/h2>\n<p>Chez VIMATERIAL, nous comprenons le r\u00f4le crucial de la poudre d&#8217;hafnium de haute qualit\u00e9 dans les applications avanc\u00e9es. Nos produits sont con\u00e7us pour r\u00e9pondre aux exigences sp\u00e9cifiques de secteurs tels que l&#8217;a\u00e9rospatiale, le nucl\u00e9aire et les semi-conducteurs. Avec une puret\u00e9 de 99,9\u00a0% et des options personnalisables, notre poudre d&#8217;hafnium est le choix id\u00e9al pour votre entreprise.<\/p>\n<p><span style=\"color: #0000ff;\"><a style=\"color: #0000ff;\" href=\"https:\/\/vimaterial.de\/fr\/contact\/\">Pour plus d&#8217;informations ou pour passer commande, contactez-nous d\u00e8s aujourd&#8217;hui.<\/a><\/span><\/p>\n","protected":false},"excerpt":{"rendered":"<p>La poudre d&#8217;<span style=\"color: #0000ff;\"><a style=\"color: #0000ff;\" href=\"https:\/\/vimaterial.de\/fr\/search\/?type=element&#038;keyword=Hf\">hafnium m\u00e9tallique,<\/a><\/span> d&#8217;une puret\u00e9 de 99,9 % ou plus, est un mat\u00e9riau essentiel pour diverses applications de haute technologie telles que l&#8217;a\u00e9rospatiale, les r\u00e9acteurs nucl\u00e9aires et les semi-conducteurs. Reconnue pour son excellente stabilit\u00e9 \u00e0 haute temp\u00e9rature et sa r\u00e9sistance \u00e0 la corrosion, la poudre d&#8217;hafnium est utilis\u00e9e dans les cibles de pulv\u00e9risation cathodique, les catalyseurs et les rev\u00eatements avanc\u00e9s. Chez VIMATERIAL, nous fournissons une poudre d&#8217;hafnium de haute qualit\u00e9 qui r\u00e9pond aux exigences rigoureuses des industries exigeant des performances mat\u00e9rielles pr\u00e9cises.<\/p>\n","protected":false},"featured_media":1032889,"comment_status":"open","ping_status":"closed","template":"","meta":{"_acf_changed":false},"product_brand":[],"product_cat":[250],"product_tag":[],"class_list":{"0":"post-1023875","1":"product","2":"type-product","3":"status-publish","4":"has-post-thumbnail","6":"product_cat-poudre-de-metal-pur-et-dalliage","8":"first","9":"instock","10":"shipping-taxable","11":"purchasable","12":"product-type-variable"},"acf":[],"_links":{"self":[{"href":"https:\/\/vimaterial.de\/fr\/wp-json\/wp\/v2\/product\/1023875","targetHints":{"allow":["GET"]}}],"collection":[{"href":"https:\/\/vimaterial.de\/fr\/wp-json\/wp\/v2\/product"}],"about":[{"href":"https:\/\/vimaterial.de\/fr\/wp-json\/wp\/v2\/types\/product"}],"replies":[{"embeddable":true,"href":"https:\/\/vimaterial.de\/fr\/wp-json\/wp\/v2\/comments?post=1023875"}],"wp:featuredmedia":[{"embeddable":true,"href":"https:\/\/vimaterial.de\/fr\/wp-json\/wp\/v2\/media\/1032889"}],"wp:attachment":[{"href":"https:\/\/vimaterial.de\/fr\/wp-json\/wp\/v2\/media?parent=1023875"}],"wp:term":[{"taxonomy":"product_brand","embeddable":true,"href":"https:\/\/vimaterial.de\/fr\/wp-json\/wp\/v2\/product_brand?post=1023875"},{"taxonomy":"product_cat","embeddable":true,"href":"https:\/\/vimaterial.de\/fr\/wp-json\/wp\/v2\/product_cat?post=1023875"},{"taxonomy":"product_tag","embeddable":true,"href":"https:\/\/vimaterial.de\/fr\/wp-json\/wp\/v2\/product_tag?post=1023875"}],"curies":[{"name":"wp","href":"https:\/\/api.w.org\/{rel}","templated":true}]}}