{"id":1023844,"date":"2024-06-17T15:47:21","date_gmt":"2024-06-17T07:47:21","guid":{"rendered":"https:\/\/vimaterial.de\/product\/hafnium-metal-3\/"},"modified":"2024-10-29T14:09:41","modified_gmt":"2024-10-29T06:09:41","slug":"hafnium-metal-3","status":"publish","type":"product","link":"https:\/\/vimaterial.de\/fr\/product\/hafnium-metal-3\/","title":{"rendered":"Hafnium m\u00e9tal"},"content":{"rendered":"<p>Les tiges m\u00e9talliques au hafnium sont un mat\u00e9riau important pour les tiges m\u00e9talliques.<\/p>\n<h3>Informations de base<\/h3>\n<p>Information \u00e9l\u00e9mentaire : Le hafnium est un \u00e9l\u00e9ment chimique de num\u00e9ro atomique 72 et se trouve dans le groupe IVB, p\u00e9riode 5 du tableau p\u00e9riodique.<\/p>\n<p>Aspect : de couleur gris-noir.<\/p>\n<p>Densit\u00e9 : 13,31 g\/cm\u00b3.<\/p>\n<p>Duret\u00e9 Mohs : 5,5.<\/p>\n<p>Point de fusion : 2233\u00b0C.<\/p>\n<p>Point d\u2019\u00e9bullition : 4602\u00b0C.<\/p>\n<p>Conductivit\u00e9 thermique du hafnium : environ 23,0 W\/(m\u30fbK).<\/p>\n<p>Structure cristalline : Le hafnium a une structure cristalline hexagonale dens\u00e9ment tass\u00e9e.<\/p>\n<h3>Domaines d\u2019application<\/h3>\n<p>Industrie nucl\u00e9aire : Le hafnium m\u00e9tal est utilis\u00e9 comme barre de contr\u00f4le dans les r\u00e9acteurs nucl\u00e9aires. En raison de sa grande section efficace d\u2019absorption des neutrons, le hafnium absorbe efficacement les neutrons, contr\u00f4lant ainsi le taux des r\u00e9actions nucl\u00e9aires.<\/p>\n<p>A\u00e9rospatiale : Le hafnium m\u00e9tallique et ses alliages sont utilis\u00e9s dans la fabrication de composants \u00e0 haute temp\u00e9rature pour les moteurs a\u00e9rospatiaux, tels que les pales et les chambres de combustion.<\/p>\n<p>Industrie \u00e9lectronique : le hafnium peut \u00eatre utilis\u00e9 pour fabriquer des mat\u00e9riaux de cathode pour les tubes \u00e0 \u00e9lectrons, afin d\u2019am\u00e9liorer les performances d\u2019\u00e9mission et la dur\u00e9e de vie des tubes \u00e0 \u00e9lectrons. Dans l\u2019industrie des semi-conducteurs, les compos\u00e9s de hafnium (par exemple l\u2019oxyde de hafnium) sont largement utilis\u00e9s pour fabriquer des mat\u00e9riaux di\u00e9lectriques de grille avec des constantes di\u00e9lectriques \u00e9lev\u00e9es, qui sont utilis\u00e9s pour am\u00e9liorer les performances et l\u2019int\u00e9gration des circuits int\u00e9gr\u00e9s.<\/p>\n","protected":false},"excerpt":{"rendered":"<p>Les tiges m\u00e9talliques au hafnium sont un mat\u00e9riau important pour les tiges m\u00e9talliques.<\/p>\n<p>Industrie nucl\u00e9aire : Le hafnium m\u00e9tal est utilis\u00e9 comme barre de contr\u00f4le dans les r\u00e9acteurs nucl\u00e9aires. En raison de sa grande section efficace d\u2019absorption des neutrons, le hafnium absorbe efficacement les neutrons, contr\u00f4lant ainsi le taux des r\u00e9actions nucl\u00e9aires.<\/p>\n<p>A\u00e9rospatiale : Le hafnium et ses alliages sont utilis\u00e9s dans la fabrication de composants \u00e0 haute temp\u00e9rature pour les moteurs a\u00e9rospatiaux, tels que les pales et les chambres de combustion.<\/p>\n","protected":false},"featured_media":1032894,"comment_status":"open","ping_status":"closed","template":"","meta":{"_acf_changed":false},"product_brand":[],"product_cat":[245],"product_tag":[],"class_list":{"0":"post-1023844","1":"product","2":"type-product","3":"status-publish","4":"has-post-thumbnail","6":"product_cat-profil-fr","8":"first","9":"instock","10":"shipping-taxable","11":"purchasable","12":"product-type-variable"},"acf":[],"_links":{"self":[{"href":"https:\/\/vimaterial.de\/fr\/wp-json\/wp\/v2\/product\/1023844","targetHints":{"allow":["GET"]}}],"collection":[{"href":"https:\/\/vimaterial.de\/fr\/wp-json\/wp\/v2\/product"}],"about":[{"href":"https:\/\/vimaterial.de\/fr\/wp-json\/wp\/v2\/types\/product"}],"replies":[{"embeddable":true,"href":"https:\/\/vimaterial.de\/fr\/wp-json\/wp\/v2\/comments?post=1023844"}],"wp:featuredmedia":[{"embeddable":true,"href":"https:\/\/vimaterial.de\/fr\/wp-json\/wp\/v2\/media\/1032894"}],"wp:attachment":[{"href":"https:\/\/vimaterial.de\/fr\/wp-json\/wp\/v2\/media?parent=1023844"}],"wp:term":[{"taxonomy":"product_brand","embeddable":true,"href":"https:\/\/vimaterial.de\/fr\/wp-json\/wp\/v2\/product_brand?post=1023844"},{"taxonomy":"product_cat","embeddable":true,"href":"https:\/\/vimaterial.de\/fr\/wp-json\/wp\/v2\/product_cat?post=1023844"},{"taxonomy":"product_tag","embeddable":true,"href":"https:\/\/vimaterial.de\/fr\/wp-json\/wp\/v2\/product_tag?post=1023844"}],"curies":[{"name":"wp","href":"https:\/\/api.w.org\/{rel}","templated":true}]}}