{"id":1023792,"date":"2024-06-17T15:47:21","date_gmt":"2024-06-17T07:47:21","guid":{"rendered":"https:\/\/vimaterial.de\/product\/hafnium-metal\/"},"modified":"2024-10-29T14:28:23","modified_gmt":"2024-10-29T06:28:23","slug":"hafnium-metal","status":"publish","type":"product","link":"https:\/\/vimaterial.de\/fr\/product\/hafnium-metal\/","title":{"rendered":"Hafnium m\u00e9tal"},"content":{"rendered":"<p>La feuille Hafnium m\u00e9tal est un produit semblable \u00e0 une feuille fabriqu\u00e9 \u00e0 partir de hafnium (Hf) comme mat\u00e9riau de base.<\/p>\n<h3>Informations de base<\/h3>\n<p>Information \u00e9l\u00e9mentaire : Le hafnium est un \u00e9l\u00e9ment chimique de num\u00e9ro atomique 72 et se trouve dans le groupe IVB, p\u00e9riode 5 du tableau p\u00e9riodique.<\/p>\n<p>Apparence\u00a0: Lustre m\u00e9tallis\u00e9 gris argent\u00e9.<\/p>\n<p>Densit\u00e9 : 13,31 g\/cm\u00b3.<\/p>\n<p>Duret\u00e9 Mohs : 5,5.<\/p>\n<p>Point de fusion : 2233\u00b0C.<\/p>\n<p>Point d\u2019\u00e9bullition : 4602\u00b0C.<\/p>\n<p>Conductivit\u00e9 thermique du hafnium : environ 23,0 W\/(m\u30fbK).<\/p>\n<p>Structure cristalline : Le hafnium a une structure cristalline hexagonale dens\u00e9ment tass\u00e9e.<\/p>\n<h3>Domaines d\u2019application<\/h3>\n<p>Fabrication de composants \u00e9lectroniques : La feuille Hafnium m\u00e9tal a de nombreuses applications dans la fabrication de composants \u00e9lectroniques. Dans la fabrication de condensateurs, la feuille de hafnium peut \u00eatre utilis\u00e9e comme mat\u00e9riau d\u2019\u00e9lectrode, en utilisant sa bonne conductivit\u00e9 \u00e9lectrique et sa stabilit\u00e9 chimique pour am\u00e9liorer les performances et la dur\u00e9e de vie des condensateurs.<\/p>\n<p>Mat\u00e9riaux de blindage \u00e9lectromagn\u00e9tique : La feuille de hafnium peut \u00eatre utilis\u00e9e comme mat\u00e9riau de blindage \u00e9lectromagn\u00e9tique dans les \u00e9quipements \u00e9lectroniques en raison de sa bonne conductivit\u00e9 \u00e9lectrique et de sa capacit\u00e9 \u00e0 r\u00e9fl\u00e9chir les ondes \u00e9lectromagn\u00e9tiques.<\/p>\n<p>Mat\u00e9riaux de rev\u00eatement optique : La feuille de hafnium est l\u2019un des mat\u00e9riaux importants pour le rev\u00eatement optique. Par d\u00e9p\u00f4t physique ou chimique en phase vapeur, la feuille de hafnium s\u2019\u00e9vapore ou se d\u00e9compose et se d\u00e9pose \u00e0 la surface des lentilles optiques, des \u00e9crans et d\u2019autres surfaces, qui peuvent former des films antireflets, des films am\u00e9liorant la transmission et d\u2019autres films minces optiques.<\/p>\n<p>Industrie nucl\u00e9aire : Dans les r\u00e9acteurs nucl\u00e9aires, la feuille d\u2019hafnium peut \u00eatre utilis\u00e9e pour fabriquer des mat\u00e9riaux de blindage sp\u00e9ciaux ou des composants pour les barres de contr\u00f4le.<\/p>\n","protected":false},"excerpt":{"rendered":"<p>La feuille m\u00e9tallique de hafnium est un produit semblable \u00e0 une feuille fabriqu\u00e9 \u00e0 partir de hafnium (Hf) comme mat\u00e9riau de base.<\/p>\n<p>Fabrication de composants \u00e9lectroniques : La feuille m\u00e9tallique de hafnium a de nombreuses applications dans la fabrication de composants \u00e9lectroniques. Dans la fabrication de condensateurs, la feuille de hafnium peut \u00eatre utilis\u00e9e comme mat\u00e9riau d\u2019\u00e9lectrode, en utilisant sa bonne conductivit\u00e9 \u00e9lectrique et sa stabilit\u00e9 chimique pour am\u00e9liorer les performances et la dur\u00e9e de vie des condensateurs.<\/p>\n<p>Mat\u00e9riaux de blindage \u00e9lectromagn\u00e9tique : La feuille de hafnium peut \u00eatre utilis\u00e9e comme mat\u00e9riau de blindage \u00e9lectromagn\u00e9tique dans les \u00e9quipements \u00e9lectroniques en raison de sa bonne conductivit\u00e9 \u00e9lectrique et de sa capacit\u00e9 \u00e0 r\u00e9fl\u00e9chir les ondes \u00e9lectromagn\u00e9tiques.<\/p>\n","protected":false},"featured_media":1032899,"comment_status":"open","ping_status":"closed","template":"","meta":{"_acf_changed":false},"product_brand":[],"product_cat":[245],"product_tag":[],"class_list":{"0":"post-1023792","1":"product","2":"type-product","3":"status-publish","4":"has-post-thumbnail","6":"product_cat-profil-fr","8":"first","9":"instock","10":"shipping-taxable","11":"purchasable","12":"product-type-variable"},"acf":[],"_links":{"self":[{"href":"https:\/\/vimaterial.de\/fr\/wp-json\/wp\/v2\/product\/1023792","targetHints":{"allow":["GET"]}}],"collection":[{"href":"https:\/\/vimaterial.de\/fr\/wp-json\/wp\/v2\/product"}],"about":[{"href":"https:\/\/vimaterial.de\/fr\/wp-json\/wp\/v2\/types\/product"}],"replies":[{"embeddable":true,"href":"https:\/\/vimaterial.de\/fr\/wp-json\/wp\/v2\/comments?post=1023792"}],"wp:featuredmedia":[{"embeddable":true,"href":"https:\/\/vimaterial.de\/fr\/wp-json\/wp\/v2\/media\/1032899"}],"wp:attachment":[{"href":"https:\/\/vimaterial.de\/fr\/wp-json\/wp\/v2\/media?parent=1023792"}],"wp:term":[{"taxonomy":"product_brand","embeddable":true,"href":"https:\/\/vimaterial.de\/fr\/wp-json\/wp\/v2\/product_brand?post=1023792"},{"taxonomy":"product_cat","embeddable":true,"href":"https:\/\/vimaterial.de\/fr\/wp-json\/wp\/v2\/product_cat?post=1023792"},{"taxonomy":"product_tag","embeddable":true,"href":"https:\/\/vimaterial.de\/fr\/wp-json\/wp\/v2\/product_tag?post=1023792"}],"curies":[{"name":"wp","href":"https:\/\/api.w.org\/{rel}","templated":true}]}}