{"id":1023636,"date":"2024-06-17T15:47:24","date_gmt":"2024-06-17T07:47:24","guid":{"rendered":"https:\/\/vimaterial.de\/product\/nitrure-de-hafnium\/"},"modified":"2025-09-23T13:22:57","modified_gmt":"2025-09-23T05:22:57","slug":"nitrure-de-hafnium","status":"publish","type":"product","link":"https:\/\/vimaterial.de\/fr\/product\/nitrure-de-hafnium\/","title":{"rendered":"Nitrure d\u2019hafnium"},"content":{"rendered":"<div class=\"n4sEPd\">\n<h2 class=\"QFw9Te BLojaf\"><span style=\"font-size: 14pt;\">Pr\u00e9sentation des cibles de pulv\u00e9risation en nitrure d&#8217;hafnium<\/span><\/h2>\n<\/div>\n<div class=\"QcsUad BDJ8fb BLojaf sMVRZe hCXDsb wneUed\">\n<div class=\"usGWQd\">\n<div class=\"KkbLmb\">\n<div class=\"lRu31\" dir=\"ltr\">\n<div class=\"NQSJo\">\n<p>Les cibles de pulv\u00e9risation en<span style=\"color: #0000ff;\"><a style=\"color: #0000ff;\" href=\"https:\/\/vimaterial.de\/fr\/product\/nitrure-de-hafnium\/\"> nitrure d&#8217;hafnium<\/a> <\/span>sont fabriqu\u00e9es \u00e0 partir de nitrure d&#8217;hafnium de haute puret\u00e9 et sont largement utilis\u00e9es pour le d\u00e9p\u00f4t de couches minces, les technologies de rev\u00eatement et l&#8217;industrie des semi-conducteurs. Les cibles de pulv\u00e9risation en nitrure d&#8217;hafnium de VImaterial offrent une excellente stabilit\u00e9 chimique et une excellente duret\u00e9, ce qui les rend adapt\u00e9es \u00e0 une vari\u00e9t\u00e9 d&#8217;applications de couches minces de haute pr\u00e9cision. Elles assurent une vitesse de pulv\u00e9risation uniforme pendant le d\u00e9p\u00f4t, permettant un contr\u00f4le pr\u00e9cis de l&#8217;\u00e9paisseur et de la qualit\u00e9 du mat\u00e9riau d\u00e9pos\u00e9.<\/p>\n<h2><span style=\"font-size: 14pt;\">Avantages du produit<\/span><\/h2>\n<p><strong>Mat\u00e9riau de haute puret\u00e9\u00a0:<\/strong> Nos cibles sont fabriqu\u00e9es \u00e0 partir de mati\u00e8res premi\u00e8res de haute puret\u00e9, garantissant l&#8217;absence d&#8217;impuret\u00e9s lors du processus de pulv\u00e9risation et la production de films de haute qualit\u00e9.<\/p>\n<p><strong>Excellente stabilit\u00e9 thermique\u00a0:<\/strong> Nos cibles offrent une conductivit\u00e9 thermique \u00e9lev\u00e9e et une r\u00e9sistance aux temp\u00e9ratures \u00e9lev\u00e9es, permettant un fonctionnement stable dans des environnements \u00e0 haute temp\u00e9rature et adapt\u00e9es aux processus de d\u00e9p\u00f4t dans diverses conditions extr\u00eames.<\/p>\n<p><strong>Forte stabilit\u00e9 chimique\u00a0:<\/strong> Nos cibles sont tr\u00e8s r\u00e9sistantes \u00e0 l&#8217;oxydation et \u00e0 la corrosion, conservant une stabilit\u00e9 \u00e0 long terme dans divers environnements chimiques.<\/p>\n<p><strong>Applications vari\u00e9es\u00a0:<\/strong> Convient aux rev\u00eatements durs, fonctionnels, optiques, couches minces semi-conductrices et autres applications, r\u00e9pondant aux exigences des proc\u00e9d\u00e9s de d\u00e9p\u00f4t de couches minces haut de gamme.<\/p>\n<h2><span style=\"font-size: 14pt;\">Technique Param\u00e8tres<\/span><\/h2>\n<table style=\"border-collapse: collapse; width: 60.3687%; height: 288px;\">\n<tbody>\n<tr style=\"height: 24px;\">\n<td style=\"width: 23.4086%; height: 24px; text-align: center;\">Param\u00e8tres<\/td>\n<td style=\"width: 36.961%; height: 24px; text-align: center;\">Sp\u00e9cifications<\/td>\n<\/tr>\n<tr style=\"height: 24px;\">\n<td style=\"width: 23.4086%; height: 24px; text-align: center;\">Formule chimique<\/td>\n<td style=\"width: 36.961%; height: 24px; text-align: center;\">HfN<\/td>\n<\/tr>\n<tr style=\"height: 24px;\">\n<td style=\"width: 23.4086%; height: 24px; text-align: center;\">Puret\u00e9<\/td>\n<td style=\"width: 36.961%; height: 24px; text-align: center;\">99,5 %<\/td>\n<\/tr>\n<tr style=\"height: 24px;\">\n<td style=\"width: 23.4086%; height: 24px; text-align: center;\">Diam\u00e8tre et \u00e9paisseur<\/td>\n<td style=\"width: 36.961%; height: 24px; text-align: center;\">Personnalis\u00e9<\/td>\n<\/tr>\n<tr style=\"height: 24px;\">\n<td style=\"width: 23.4086%; height: 24px; text-align: center;\">Densit\u00e9<\/td>\n<td style=\"width: 36.961%; height: 24px; text-align: center;\">12,5 g\/cm\u00b3<\/td>\n<\/tr>\n<tr style=\"height: 24px;\">\n<td style=\"width: 23.4086%; height: 24px; text-align: center;\">Duret\u00e9<\/td>\n<td style=\"width: 36.961%; height: 24px; text-align: center;\">1600 HV<\/td>\n<\/tr>\n<tr style=\"height: 24px;\">\n<td style=\"width: 23.4086%; height: 24px; text-align: center;\">Conductivit\u00e9 thermique<\/td>\n<td style=\"width: 36.961%; height: 24px; text-align: center;\">14 W\/m\u00b7K<\/td>\n<\/tr>\n<tr style=\"height: 24px;\">\n<td style=\"width: 23.4086%; height: 24px; text-align: center;\">Temp\u00e9rature de fonctionnement<\/td>\n<td style=\"width: 36.961%; height: 24px; text-align: center;\">1000 \u00b0C (jusqu&#8217;\u00e0 1500 \u00b0C)<\/td>\n<\/tr>\n<tr style=\"height: 24px;\">\n<td style=\"width: 23.4086%; height: 24px; text-align: center;\">M\u00e9thode de pulv\u00e9risation cathodique<\/td>\n<td style=\"width: 36.961%; height: 24px; text-align: center;\">Pulv\u00e9risation CC \/ Pulv\u00e9risation RF \/ Pulv\u00e9risation laser puls\u00e9<\/td>\n<\/tr>\n<tr style=\"height: 24px;\">\n<td style=\"width: 23.4086%; height: 24px; text-align: center;\"><span style=\"color: #0000ff;\"><a style=\"color: #0000ff;\" href=\"https:\/\/en.wikipedia.org\/wiki\/Crystal_structure\" rel=\"nofollow noopener\" target=\"_blank\">Structure cristalline<\/a><\/span><\/td>\n<td style=\"width: 36.961%; height: 24px; text-align: center;\">Cubique \u00e0 faces centr\u00e9es (FCC)<\/td>\n<\/tr>\n<tr style=\"height: 24px;\">\n<td style=\"width: 23.4086%; height: 24px; text-align: center;\">M\u00e9thode de collage<\/td>\n<td style=\"width: 36.961%; height: 24px; text-align: center;\">Collage m\u00e9tallique \/ Adh\u00e9sif conducteur \/ Soudure de fond de panier<\/td>\n<\/tr>\n<tr style=\"height: 24px;\">\n<td style=\"width: 23.4086%; height: 24px; text-align: center;\">Options de fond de panier<\/td>\n<td style=\"width: 36.961%; height: 24px; text-align: center;\">Fond de panier en cuivre \/ Fond de panier en aluminium \/ Fond de panier en acier inoxydable<\/td>\n<\/tr>\n<\/tbody>\n<\/table>\n<h2><span style=\"font-size: 14pt;\">Applications<\/span><\/h2>\n<p><strong>Rev\u00eatements durs et rev\u00eatements fonctionnels\u00a0<\/strong>: Dot\u00e9s d&#8217;une excellente duret\u00e9 et d&#8217;une excellente r\u00e9sistance \u00e0 l&#8217;usure, ces films conviennent aux rev\u00eatements de surface des outils de coupe, des moules, des composants \u00e9lectroniques, et d&#8217;autres applications, am\u00e9liorant la durabilit\u00e9 des mat\u00e9riaux et la r\u00e9sistance aux rayures.<\/p>\n<p><strong>Rev\u00eatements optiques\u00a0:<\/strong> Les films de nitrure d&#8217;hafnium peuvent \u00eatre utilis\u00e9s dans les rev\u00eatements r\u00e9fl\u00e9chissants haute temp\u00e9rature, les dispositifs optiques, les r\u00e9flecteurs laser et autres composants optiques, offrant une meilleure r\u00e9flectivit\u00e9 et une meilleure r\u00e9sistance aux dommages caus\u00e9s par la lumi\u00e8re.<\/p>\n<p><strong>Industrie des semi-conducteurs\u00a0:<\/strong> Largement utilis\u00e9s comme couches de r\u00e9sistance aux radiations ou d&#8217;isolation \u00e9lectrique dans les dispositifs semi-conducteurs, notamment en \u00e9lectronique de puissance, MEMS et opto\u00e9lectronique.<\/p>\n<p><strong>Technologie des batteries\u00a0:<\/strong> Les films minces de nitrure d&#8217;hafnium peuvent \u00eatre utilis\u00e9s dans les batteries au lithium, les supercondensateurs et autres dispositifs de stockage d&#8217;\u00e9nergie, am\u00e9liorant leur conductivit\u00e9 et leur stabilit\u00e9, prolongeant ainsi leur dur\u00e9e de vie.<\/p>\n<h2><span style=\"font-size: 14pt;\">Pourquoi choisir VIMATERIAL\u00a0?<\/span><\/h2>\n<p><strong>Garantie de haute qualit\u00e9\u00a0:<\/strong> Chaque cible de pulv\u00e9risation cathodique en nitrure d&#8217;hafnium que nous fournissons est soumise \u00e0 des tests de qualit\u00e9 rigoureux afin de garantir sa stabilit\u00e9 et sa fiabilit\u00e9 dans diverses applications de haute pr\u00e9cision.<\/p>\n<p><strong>Personnalisation\u00a0:<\/strong> En fonction de vos besoins sp\u00e9cifiques, nous pouvons fournir des services personnalis\u00e9s avec diff\u00e9rentes tailles et puret\u00e9s pour r\u00e9pondre aux exigences sp\u00e9cifiques des diff\u00e9rents \u00e9quipements de pulv\u00e9risation cathodique.<\/p>\n<p><strong>Prix \u200b\u200bcomp\u00e9titifs\u00a0:<\/strong> En tant que fabricant professionnel de cibles de pulv\u00e9risation cathodique, VIMATERIAL propose \u00e0 ses clients des produits \u00e9conomiques et un approvisionnement stable et durable.<\/p>\n<p><strong>Support technique\u00a0:<\/strong> Notre \u00e9quipe technique propose des services complets d&#8217;assistance et de conseil pour aider nos clients \u00e0 r\u00e9soudre divers probl\u00e8mes li\u00e9s \u00e0 l&#8217;utilisation des cibles de pulv\u00e9risation cathodique et garantir un processus fluide.<\/p>\n<h2><span style=\"font-size: 14pt;\">Foire aux questions (FAQ)<\/span><\/h2>\n<h3><span style=\"font-size: 12pt;\">Q1 : Les cibles en nitrure d&#8217;hafnium sont-elles stables \u00e0 haute temp\u00e9rature ?<\/span><\/h3>\n<p>A1\u00a0: Oui, les cibles en nitrure d\u2019hafnium pr\u00e9sentent une excellente stabilit\u00e9 thermique et peuvent fonctionner de mani\u00e8re stable jusqu\u2019\u00e0 1\u00a0000\u00a0\u00b0C, ce qui les rend id\u00e9ales pour les applications de d\u00e9p\u00f4t de couches minces \u00e0 haute temp\u00e9rature.<\/p>\n<h3><span style=\"font-size: 12pt;\">Q2\u00a0: Puis-je personnaliser la taille de mes cibles de pulv\u00e9risation\u00a0? Puis-je personnaliser mes produits\u00a0?<\/span><\/h3>\n<p>A2\u00a0: Oui, <span style=\"color: #0000ff;\"><a style=\"color: #0000ff;\" href=\"https:\/\/vimaterial.de\/fr\/contact\/\">VIMATERIAL<\/a><\/span> propose des tailles sur mesure pour r\u00e9pondre aux besoins des diff\u00e9rents \u00e9quipements de pulv\u00e9risation.<\/p>\n<h3><span style=\"font-size: 12pt;\">Q3\u00a0: VIMATERIAL peut-il personnaliser mes produits\u00a0?<\/span><\/h3>\n<p>A3\u00a0: Notre \u00e9quipe technique professionnelle prend en charge la personnalisation de nos produits. N\u2019h\u00e9sitez pas \u00e0 nous faire part de vos informations ou suggestions pertinentes pour \u00e9valuation.<\/p>\n<h3><span style=\"font-size: 12pt;\">Q4 : Quelles pr\u00e9cautions faut-il prendre lors de la pulv\u00e9risation de cibles en nitrure d&#8217;hafnium ?<\/span><\/h3>\n<p>A4 : Lors de la pulv\u00e9risation cathodique au nitrure d&#8217;hafnium, les points suivants doivent \u00eatre pris en compte :<\/p>\n<p>1. Choix de l\u2019atmosph\u00e8re de pulv\u00e9risation\u00a0: Utiliser de l\u2019azote (N\u2082) ou de l\u2019argon (Ar) comme gaz de pulv\u00e9risation. L\u2019azote favorise la formation d\u2019un film de nitrure stable sur le substrat.<\/p>\n<p>2. Contr\u00f4le de la puissance de pulv\u00e9risation\u00a0: Maintenir une puissance de pulv\u00e9risation appropri\u00e9e pour \u00e9viter toute surchauffe ou \u00e9vaporation de la surface de la cible, susceptibles d\u2019alt\u00e9rer la qualit\u00e9 du film.<\/p>\n<p>3. Temp\u00e9rature du substrat\u00a0: La temp\u00e9rature du substrat doit \u00eatre maintenue dans une plage appropri\u00e9e pour garantir la qualit\u00e9 et l\u2019uniformit\u00e9 du film, et \u00e9viter une cristallisation excessive ou une fissuration fragile.<\/p>\n<p>4. Nettoyage de la surface de la cible\u00a0: S\u2019assurer que la surface de la cible est exempte de contaminants. Un nettoyage peut \u00eatre effectu\u00e9 avant utilisation pour \u00e9viter tout impact sur les performances de pulv\u00e9risation.<\/p>\n<p>5. Suivi de la vitesse de pulv\u00e9risation\u00a0: Maintenir une vitesse de pulv\u00e9risation stable pour garantir une \u00e9paisseur de film uniforme et s\u2019adapter aux diff\u00e9rentes exigences de d\u00e9p\u00f4t.<\/p>\n<h2><span style=\"font-size: 14pt;\">Emballage et exp\u00e9dition<\/span><\/h2>\n<h3><span style=\"font-size: 12pt;\">Emballage<\/span><\/h3>\n<p>Les cibles de pulv\u00e9risation cathodique en nitrure d&#8217;hafnium sont emball\u00e9es conform\u00e9ment aux normes internationales avant exp\u00e9dition. Nous utilisons des sacs en plastique antistatiques, de la mousse et des cartons ext\u00e9rieurs haute r\u00e9sistance pour prot\u00e9ger les cibles des dommages pendant le transport. La surface de la cible est \u00e9galement trait\u00e9e pour \u00e9viter les rayures et autres dommages m\u00e9caniques.<\/p>\n<h3><span style=\"font-size: 12pt;\">Transport<\/span><\/h3>\n<p>Nous proposons diff\u00e9rentes options d&#8217;exp\u00e9dition, notamment maritime, a\u00e9rienne et terrestre, afin de garantir une livraison rapide et s\u00fbre. Toutes les proc\u00e9dures de transport sont strictement conformes aux r\u00e9glementations internationales en mati\u00e8re d&#8217;exp\u00e9dition afin de garantir que les cibles en nitrure d&#8217;hafnium soient en parfait \u00e9tat \u00e0 la livraison.<\/p>\n<h3><span style=\"font-size: 12pt;\">Stockage<\/span><\/h3>\n<p>Les cibles en nitrure d&#8217;hafnium doivent \u00eatre stock\u00e9es dans un endroit sec et frais, en \u00e9vitant toute exposition directe \u00e0 l&#8217;humidit\u00e9, aux gaz corrosifs ou aux temp\u00e9ratures \u00e9lev\u00e9es, afin de pr\u00e9server leurs performances et leur qualit\u00e9.<\/p>\n<h2><span style=\"font-size: 14pt;\">Produits recommand\u00e9s<\/span><\/h2>\n<p><span style=\"color: #0000ff;\"><strong><a style=\"color: #0000ff;\" href=\"https:\/\/vimaterial.de\/fr\/product\/oxyde-de-hafnium-2\/\">Cibles de pulv\u00e9risation cathodique en oxyde d&#8217;hafnium (HfO\u2082)<\/a> <\/strong><\/span>: Utilis\u00e9es dans les rev\u00eatements r\u00e9sistants \u00e0 la chaleur et aux hautes temp\u00e9ratures, les condensateurs et les couches minces optiques, elles offrent d&#8217;excellentes propri\u00e9t\u00e9s \u00e9lectriques et une excellente stabilit\u00e9 chimique.<\/p>\n<p><strong><span style=\"color: #0000ff;\"><a style=\"color: #0000ff;\" href=\"https:\/\/vimaterial.de\/fr\/product\/nitrure-de-silicium\/\">Cibles de pulv\u00e9risation en nitrure de silicium (Si3N4)<\/a><\/span>\u00a0<\/strong>: Adapt\u00e9es \u00e0 la fabrication de composants \u00e9lectroniques, de cellules solaires et de dispositifs optiques, elles offrent une r\u00e9sistivit\u00e9 et une r\u00e9sistance \u00e0 l&#8217;usure \u00e9lev\u00e9es.<\/p>\n<p><span style=\"color: #0000ff;\"><a style=\"color: #0000ff;\" href=\"https:\/\/vimaterial.de\/fr\/product\/nitrure-de-tantale\/\"><strong>Cibles de pulv\u00e9risation en nitrure de tantale (TaN)\u00a0<\/strong><\/a><\/span>: Utilis\u00e9es dans l&#8217;industrie des semi-conducteurs, les r\u00e9sistances \u00e0 couches minces et les circuits int\u00e9gr\u00e9s.<\/p>\n<h2><span style=\"font-size: 14pt;\">Rapports et documentation technique<\/span><\/h2>\n<p>Nous fournissons une documentation technique compl\u00e8te sur les cibles de pulv\u00e9risation en nitrure d&#8217;hafnium, comprenant un certificat d&#8217;analyse (COA), une fiche technique (TDS) et une fiche de donn\u00e9es de s\u00e9curit\u00e9 (FDS). Vous pouvez t\u00e9l\u00e9charger la documentation directement depuis la page produit ou nous contacter par message. Nous vous fournirons un rapport produit complet et adapt\u00e9 \u00e0 vos besoins. De plus, sur demande, nous pouvons fournir des \u00e9chantillons pour v\u00e9rification par des laboratoires d&#8217;essai tiers, garantissant ainsi une conformit\u00e9 et une fiabilit\u00e9 optimales.<\/p>\n<\/div>\n<\/div>\n<\/div>\n<\/div>\n<\/div>\n","protected":false},"excerpt":{"rendered":"<p>Les cibles de pulv\u00e9risation en<span style=\"color: #0000ff;\"><a style=\"color: #0000ff;\" href=\"https:\/\/vimaterial.de\/fr\/product\/nitrure-de-hafnium\/\"> nitrure d&#8217;hafnium<\/a> <\/span>sont fabriqu\u00e9es \u00e0 partir de nitrure d&#8217;hafnium de haute puret\u00e9 et sont largement utilis\u00e9es pour le d\u00e9p\u00f4t de couches minces, les technologies de rev\u00eatement et l&#8217;industrie des semi-conducteurs. Les cibles de pulv\u00e9risation en nitrure d&#8217;hafnium de VImaterial offrent une excellente stabilit\u00e9 chimique et une excellente duret\u00e9, ce qui les rend adapt\u00e9es \u00e0 une vari\u00e9t\u00e9 d&#8217;applications de couches minces de haute pr\u00e9cision. Elles assurent une vitesse de pulv\u00e9risation uniforme pendant le d\u00e9p\u00f4t, permettant un contr\u00f4le pr\u00e9cis de l&#8217;\u00e9paisseur et de la qualit\u00e9 du mat\u00e9riau d\u00e9pos\u00e9.<\/p>\n","protected":false},"featured_media":1032959,"comment_status":"open","ping_status":"closed","template":"","meta":{"_acf_changed":false},"product_brand":[],"product_cat":[235],"product_tag":[],"class_list":{"0":"post-1023636","1":"product","2":"type-product","3":"status-publish","4":"has-post-thumbnail","6":"product_cat-cibles-de-pulverisation-planaire","8":"first","9":"instock","10":"shipping-taxable","11":"product-type-variable"},"acf":[],"_links":{"self":[{"href":"https:\/\/vimaterial.de\/fr\/wp-json\/wp\/v2\/product\/1023636","targetHints":{"allow":["GET"]}}],"collection":[{"href":"https:\/\/vimaterial.de\/fr\/wp-json\/wp\/v2\/product"}],"about":[{"href":"https:\/\/vimaterial.de\/fr\/wp-json\/wp\/v2\/types\/product"}],"replies":[{"embeddable":true,"href":"https:\/\/vimaterial.de\/fr\/wp-json\/wp\/v2\/comments?post=1023636"}],"wp:featuredmedia":[{"embeddable":true,"href":"https:\/\/vimaterial.de\/fr\/wp-json\/wp\/v2\/media\/1032959"}],"wp:attachment":[{"href":"https:\/\/vimaterial.de\/fr\/wp-json\/wp\/v2\/media?parent=1023636"}],"wp:term":[{"taxonomy":"product_brand","embeddable":true,"href":"https:\/\/vimaterial.de\/fr\/wp-json\/wp\/v2\/product_brand?post=1023636"},{"taxonomy":"product_cat","embeddable":true,"href":"https:\/\/vimaterial.de\/fr\/wp-json\/wp\/v2\/product_cat?post=1023636"},{"taxonomy":"product_tag","embeddable":true,"href":"https:\/\/vimaterial.de\/fr\/wp-json\/wp\/v2\/product_tag?post=1023636"}],"curies":[{"name":"wp","href":"https:\/\/api.w.org\/{rel}","templated":true}]}}