{"id":1023398,"date":"2024-06-17T15:47:26","date_gmt":"2024-06-17T07:47:26","guid":{"rendered":"https:\/\/vimaterial.de\/product\/sulfure-dhafnium\/"},"modified":"2024-10-29T10:51:09","modified_gmt":"2024-10-29T02:51:09","slug":"sulfure-dhafnium","status":"publish","type":"product","link":"https:\/\/vimaterial.de\/fr\/product\/sulfure-dhafnium\/","title":{"rendered":"Sulfure d\u2019hafnium"},"content":{"rendered":"<p>La poudre de sulfure d\u2019hafnium est une poudre de compos\u00e9 inorganique importante.<\/p>\n<h3>Informations de base :<\/h3>\n<p>La formule chimique : HfS\u2082, indique qu\u2019il est constitu\u00e9 de deux \u00e9l\u00e9ments, l\u2019hafnium (Hf) et le soufre (S), d\u2019un poids mol\u00e9culaire de 242,62 g\/mol.<\/p>\n<p>N\u00b0 CAS : 18855-94-2.<\/p>\n<p>Aspect : g\u00e9n\u00e9ralement poudre grise ou violette.<\/p>\n<p>Structure cristalline : Structure en couches, les couches interagissent les unes avec les autres par de faibles forces de van der Waals.<\/p>\n<p>Point de fusion : \u00e9lev\u00e9, avec une bonne stabilit\u00e9 thermique.<\/p>\n<p>Solubilit\u00e9 : Insoluble dans l\u2019eau, les acides et les bases.<\/p>\n<h3>Domaines d\u2019application :<\/h3>\n<p>Mat\u00e9riau de la couche de transport de trous\u00a0: Le sulfure d\u2019hafnium a une mobilit\u00e9 de porteur tr\u00e8s \u00e9lev\u00e9e et un chiffre de m\u00e9rite \u00e9lev\u00e9, et sa structure bidimensionnelle a \u00e9galement une transmission lumineuse \u00e9lev\u00e9e, ce qui le rend tr\u00e8s appropri\u00e9 comme mat\u00e9riau pour la couche de transport de trous des cellules solaires organiques.<\/p>\n<p>Photod\u00e9tecteurs : Le sulfure d\u2019hafnium est un mat\u00e9riau semi-conducteur dont les propri\u00e9t\u00e9s optiques et \u00e9lectriques uniques lui donnent un potentiel d\u2019application dans les photod\u00e9tecteurs.<\/p>\n<p>Diode \u00e9lectroluminescente (LED) : Elle peut \u00eatre utilis\u00e9e comme mat\u00e9riau \u00e9lectroluminescent ou mat\u00e9riau auxiliaire pour les LED afin d\u2019am\u00e9liorer l\u2019efficacit\u00e9 lumineuse et la stabilit\u00e9 des performances des LED.<\/p>\n<p>Transistors \u00e0 effet de champ (FET) : Le sulfure d\u2019hafnium peut \u00eatre d\u00e9coll\u00e9 par la m\u00e9thode de la bande ou la m\u00e9thode de d\u00e9capage en phase liquide pour produire un mat\u00e9riau bidimensionnel d\u2019une \u00e9paisseur de quelques couches atomiques, et ces nanofeuilles de HfS\u2082 bidimensionnelles peuvent \u00eatre utilis\u00e9es pour fabriquer des transistors \u00e0 effet de champ.<\/p>\n","protected":false},"excerpt":{"rendered":"<p>La poudre de sulfure d\u2019hafnium est une poudre de compos\u00e9 inorganique importante.<\/p>\n<p>Mat\u00e9riau de la couche de transport de trous : HfS\u2082 a une mobilit\u00e9 de porteur tr\u00e8s \u00e9lev\u00e9e et un chiffre de m\u00e9rite \u00e9lev\u00e9, et sa structure bidimensionnelle a \u00e9galement une transmission lumineuse \u00e9lev\u00e9e, ce qui le rend tr\u00e8s appropri\u00e9 comme mat\u00e9riau pour la couche de transport de trous des cellules solaires organiques.<\/p>\n<p>Photod\u00e9tecteurs : Le HfS\u2082 est un mat\u00e9riau semi-conducteur dont les propri\u00e9t\u00e9s optiques et \u00e9lectriques uniques lui donnent un potentiel d\u2019application dans les photod\u00e9tecteurs.<\/p>\n","protected":false},"featured_media":1032994,"comment_status":"open","ping_status":"closed","template":"","meta":{"_acf_changed":false},"product_brand":[],"product_cat":[238],"product_tag":[],"class_list":{"0":"post-1023398","1":"product","2":"type-product","3":"status-publish","4":"has-post-thumbnail","6":"product_cat-materiaux-de-chalcogenure","8":"first","9":"instock","10":"shipping-taxable","11":"product-type-variable"},"acf":[],"_links":{"self":[{"href":"https:\/\/vimaterial.de\/fr\/wp-json\/wp\/v2\/product\/1023398","targetHints":{"allow":["GET"]}}],"collection":[{"href":"https:\/\/vimaterial.de\/fr\/wp-json\/wp\/v2\/product"}],"about":[{"href":"https:\/\/vimaterial.de\/fr\/wp-json\/wp\/v2\/types\/product"}],"replies":[{"embeddable":true,"href":"https:\/\/vimaterial.de\/fr\/wp-json\/wp\/v2\/comments?post=1023398"}],"wp:featuredmedia":[{"embeddable":true,"href":"https:\/\/vimaterial.de\/fr\/wp-json\/wp\/v2\/media\/1032994"}],"wp:attachment":[{"href":"https:\/\/vimaterial.de\/fr\/wp-json\/wp\/v2\/media?parent=1023398"}],"wp:term":[{"taxonomy":"product_brand","embeddable":true,"href":"https:\/\/vimaterial.de\/fr\/wp-json\/wp\/v2\/product_brand?post=1023398"},{"taxonomy":"product_cat","embeddable":true,"href":"https:\/\/vimaterial.de\/fr\/wp-json\/wp\/v2\/product_cat?post=1023398"},{"taxonomy":"product_tag","embeddable":true,"href":"https:\/\/vimaterial.de\/fr\/wp-json\/wp\/v2\/product_tag?post=1023398"}],"curies":[{"name":"wp","href":"https:\/\/api.w.org\/{rel}","templated":true}]}}