{"id":1023383,"date":"2024-06-17T15:47:26","date_gmt":"2024-06-17T07:47:26","guid":{"rendered":"https:\/\/vimaterial.de\/product\/siliciure-de-hafnium-2\/"},"modified":"2024-10-29T11:28:08","modified_gmt":"2024-10-29T03:28:08","slug":"siliciure-de-hafnium-2","status":"publish","type":"product","link":"https:\/\/vimaterial.de\/fr\/product\/siliciure-de-hafnium-2\/","title":{"rendered":"Siliciure d\u2019hafnium"},"content":{"rendered":"<h3>Informations de base<\/h3>\n<p>Formule chimique : compos\u00e9 de deux \u00e9l\u00e9ments, le hafnium (Hf) et le silicium (Si), avec un rapport atomique de 1:2.<\/p>\n<p>Poids mol\u00e9culaire : 234,61.<\/p>\n<p>Structure cristalline : HfSi\u2082 a une structure cristalline t\u00e9tragonale, qui donne aux atomes un arrangement r\u00e9gulier et ordonn\u00e9 dans l\u2019espace.<\/p>\n<p>Aspect et morphologie : La poudre HfSi\u2082 est g\u00e9n\u00e9ralement grise ou blanc cass\u00e9.<\/p>\n<p>Densit\u00e9 : 9,56 g\/cm\u00b3, ce qui lui donne un avantage dans les applications o\u00f9 le poids et la stabilit\u00e9 sont importants.<\/p>\n<p>Point de fusion : Environ entre 1800 et 1900\u00b0C, ce qui indique qu\u2019il est capable de rester solide et de maintenir sa structure de base \u00e0 des temp\u00e9ratures \u00e9lev\u00e9es.<\/p>\n<h3>Domaines d\u2019application<\/h3>\n<p>Mat\u00e9riaux \u00e9lectroniques : Le siliciure de hafnium, en tant que mat\u00e9riau semi-conducteur, est utilis\u00e9 dans la fabrication de divers composants \u00e9lectroniques dans les circuits int\u00e9gr\u00e9s, tels que les transistors \u00e0 effet de champ, les r\u00e9sistances et les condensateurs.<\/p>\n<p>Mat\u00e9riaux \u00e0 haute temp\u00e9rature : En raison de son point de fusion \u00e9lev\u00e9 et de sa bonne stabilit\u00e9 thermique, le HfSi\u2082 peut \u00eatre utilis\u00e9 dans la fabrication de c\u00e9ramiques structurelles \u00e0 haute temp\u00e9rature. Dans les \u00e9quipements \u00e0 haute temp\u00e9rature de l\u2019a\u00e9rospatiale, de la m\u00e9tallurgie, de l\u2019\u00e9nergie et d\u2019autres domaines, le HfSi\u2082 est utilis\u00e9 comme composants structurels \u00e0 haute temp\u00e9rature ou mat\u00e9riaux de rev\u00eatement de barri\u00e8re thermique.<\/p>\n<p>Domaine des mat\u00e9riaux c\u00e9ramiques : Le HfSi\u2082 peut \u00eatre m\u00e9lang\u00e9 \u00e0 d\u2019autres mat\u00e9riaux c\u00e9ramiques pour former des composites c\u00e9ramiques aux propri\u00e9t\u00e9s particuli\u00e8res.<\/p>\n","protected":false},"excerpt":{"rendered":"<p>Mat\u00e9riaux \u00e9lectroniques : Le siliciure de hafnium, en tant que mat\u00e9riau semi-conducteur, est utilis\u00e9 dans la fabrication de divers composants \u00e9lectroniques dans les circuits int\u00e9gr\u00e9s, tels que les transistors \u00e0 effet de champ, les r\u00e9sistances et les condensateurs.<\/p>\n<p>Mat\u00e9riaux \u00e0 haute temp\u00e9rature : En raison de son point de fusion \u00e9lev\u00e9 et de sa bonne stabilit\u00e9 thermique, le siliciure d\u2019hafnium peut \u00eatre utilis\u00e9 dans la fabrication de c\u00e9ramiques structurelles \u00e0 haute temp\u00e9rature. Dans les \u00e9quipements \u00e0 haute temp\u00e9rature de l\u2019a\u00e9rospatiale, de la m\u00e9tallurgie, de l\u2019\u00e9nergie et d\u2019autres domaines, le HfSi\u2082 est utilis\u00e9 comme composants structurels \u00e0 haute temp\u00e9rature ou mat\u00e9riaux de rev\u00eatement de barri\u00e8re thermique.<\/p>\n","protected":false},"featured_media":1033004,"comment_status":"open","ping_status":"closed","template":"","meta":{"_acf_changed":false},"product_brand":[],"product_cat":[240],"product_tag":[],"class_list":{"0":"post-1023383","1":"product","2":"type-product","3":"status-publish","4":"has-post-thumbnail","6":"product_cat-materiaux-c-n-b-si","8":"first","9":"instock","10":"shipping-taxable","11":"purchasable","12":"product-type-variable"},"acf":[],"_links":{"self":[{"href":"https:\/\/vimaterial.de\/fr\/wp-json\/wp\/v2\/product\/1023383","targetHints":{"allow":["GET"]}}],"collection":[{"href":"https:\/\/vimaterial.de\/fr\/wp-json\/wp\/v2\/product"}],"about":[{"href":"https:\/\/vimaterial.de\/fr\/wp-json\/wp\/v2\/types\/product"}],"replies":[{"embeddable":true,"href":"https:\/\/vimaterial.de\/fr\/wp-json\/wp\/v2\/comments?post=1023383"}],"wp:featuredmedia":[{"embeddable":true,"href":"https:\/\/vimaterial.de\/fr\/wp-json\/wp\/v2\/media\/1033004"}],"wp:attachment":[{"href":"https:\/\/vimaterial.de\/fr\/wp-json\/wp\/v2\/media?parent=1023383"}],"wp:term":[{"taxonomy":"product_brand","embeddable":true,"href":"https:\/\/vimaterial.de\/fr\/wp-json\/wp\/v2\/product_brand?post=1023383"},{"taxonomy":"product_cat","embeddable":true,"href":"https:\/\/vimaterial.de\/fr\/wp-json\/wp\/v2\/product_cat?post=1023383"},{"taxonomy":"product_tag","embeddable":true,"href":"https:\/\/vimaterial.de\/fr\/wp-json\/wp\/v2\/product_tag?post=1023383"}],"curies":[{"name":"wp","href":"https:\/\/api.w.org\/{rel}","templated":true}]}}