{"id":1023381,"date":"2024-06-17T15:47:26","date_gmt":"2024-06-17T07:47:26","guid":{"rendered":"https:\/\/vimaterial.de\/product\/seleniure-de-hafnium\/"},"modified":"2024-10-29T11:03:45","modified_gmt":"2024-10-29T03:03:45","slug":"seleniure-de-hafnium","status":"publish","type":"product","link":"https:\/\/vimaterial.de\/fr\/product\/seleniure-de-hafnium\/","title":{"rendered":"S\u00e9l\u00e9niure d\u2019hafnium"},"content":{"rendered":"<p>Les particules de s\u00e9l\u00e9niure d\u2019hafnium sont un mat\u00e9riau aux propri\u00e9t\u00e9s physiques et chimiques uniques.<\/p>\n<p>Informations de base<\/p>\n<p>Formule chimique et composition chimique : La formule chimique du HfSe\u2082 indique clairement qu\u2019il se compose des \u00e9l\u00e9ments hafnium (Hf) et s\u00e9l\u00e9nium (Se) dans un rapport st\u0153chiom\u00e9trique de 1:2.<\/p>\n<p>Poids mol\u00e9culaire : 336,41.<\/p>\n<p>Structure cristalline : HfSe\u2082 a une structure cristalline en couches typique.<\/p>\n<p>Apparence et morphologie : Il se pr\u00e9sente g\u00e9n\u00e9ralement sous la forme d\u2019une substance granulaire noire ou grise.<\/p>\n<p>Densit\u00e9\u00a0: A une densit\u00e9 relativement \u00e9lev\u00e9e, qui est li\u00e9e \u00e0 la masse atomique des \u00e9l\u00e9ments hafnium et s\u00e9l\u00e9nium eux-m\u00eames, ainsi qu\u2019\u00e0 la structure cristalline compacte.<\/p>\n<p>Point de fusion et stabilit\u00e9 thermique : Le HfSe\u2082 a un point de fusion \u00e9lev\u00e9, ce qui signifie qu\u2019il est capable de maintenir une stabilit\u00e9 structurelle relative dans des environnements \u00e0 haute temp\u00e9rature.<\/p>\n<p>Domaines d\u2019application<\/p>\n<p>Champ des dispositifs \u00e9lectroniques : En raison de ses bonnes propri\u00e9t\u00e9s \u00e9lectriques, en particulier de sa grande mobilit\u00e9 des porteurs et de sa bande interdite appropri\u00e9e en tant que mat\u00e9riau semi-conducteur, le s\u00e9l\u00e9niure de hafnium peut \u00eatre utilis\u00e9 dans la pr\u00e9paration de dispositifs \u00e9lectroniques tels que les transistors \u00e0 effet de champ (FET) et les circuits int\u00e9gr\u00e9s.<\/p>\n<p>Champ des dispositifs opto\u00e9lectroniques : Gr\u00e2ce \u00e0 ses propri\u00e9t\u00e9s optiques, le HfSe\u2082 a des applications potentielles dans les dispositifs opto\u00e9lectroniques tels que les photod\u00e9tecteurs, les diodes \u00e9lectroluminescentes (LED) et les cellules solaires.<\/p>\n<p>Stockage d\u2019\u00e9nergie : HfSe\u2082 est une structure en couches et ses propri\u00e9t\u00e9s \u00e9lectriques le rendent prometteur pour une utilisation dans les dispositifs de stockage d\u2019\u00e9nergie tels que les batteries lithium-ion et les supercondensateurs.<\/p>\n<p>Domaine de recherche sur les mat\u00e9riaux quantiques : en tant que mat\u00e9riau dot\u00e9 de propri\u00e9t\u00e9s physiques particuli\u00e8res, le HfSe\u2082 a \u00e9galement attir\u00e9 beaucoup d\u2019attention dans la recherche sur les mat\u00e9riaux quantiques.<\/p>\n","protected":false},"excerpt":{"rendered":"<p>Les particules de s\u00e9l\u00e9niure d\u2019hafnium sont un mat\u00e9riau aux propri\u00e9t\u00e9s physiques et chimiques uniques.<\/p>\n<p>Champ des dispositifs \u00e9lectroniques : En raison de ses bonnes propri\u00e9t\u00e9s \u00e9lectriques, en particulier de sa grande mobilit\u00e9 des porteurs et de sa bande interdite appropri\u00e9e en tant que mat\u00e9riau semi-conducteur, le s\u00e9l\u00e9niure de hafnium peut \u00eatre utilis\u00e9 dans la pr\u00e9paration de dispositifs \u00e9lectroniques tels que les transistors \u00e0 effet de champ (FET) et les circuits int\u00e9gr\u00e9s.<\/p>\n<p>Champ des dispositifs opto\u00e9lectroniques : Gr\u00e2ce \u00e0 ses propri\u00e9t\u00e9s optiques, le s\u00e9l\u00e9niure d\u2019hafnium a des applications potentielles dans les dispositifs opto\u00e9lectroniques tels que les photod\u00e9tecteurs, les diodes \u00e9lectroluminescentes (LED) et les cellules solaires.<\/p>\n","protected":false},"featured_media":1032999,"comment_status":"open","ping_status":"closed","template":"","meta":{"_acf_changed":false},"product_brand":[],"product_cat":[236],"product_tag":[],"class_list":{"0":"post-1023381","1":"product","2":"type-product","3":"status-publish","4":"has-post-thumbnail","6":"product_cat-materiaux-devaporation","8":"first","9":"instock","10":"shipping-taxable","11":"product-type-variable"},"acf":[],"_links":{"self":[{"href":"https:\/\/vimaterial.de\/fr\/wp-json\/wp\/v2\/product\/1023381","targetHints":{"allow":["GET"]}}],"collection":[{"href":"https:\/\/vimaterial.de\/fr\/wp-json\/wp\/v2\/product"}],"about":[{"href":"https:\/\/vimaterial.de\/fr\/wp-json\/wp\/v2\/types\/product"}],"replies":[{"embeddable":true,"href":"https:\/\/vimaterial.de\/fr\/wp-json\/wp\/v2\/comments?post=1023381"}],"wp:featuredmedia":[{"embeddable":true,"href":"https:\/\/vimaterial.de\/fr\/wp-json\/wp\/v2\/media\/1032999"}],"wp:attachment":[{"href":"https:\/\/vimaterial.de\/fr\/wp-json\/wp\/v2\/media?parent=1023381"}],"wp:term":[{"taxonomy":"product_brand","embeddable":true,"href":"https:\/\/vimaterial.de\/fr\/wp-json\/wp\/v2\/product_brand?post=1023381"},{"taxonomy":"product_cat","embeddable":true,"href":"https:\/\/vimaterial.de\/fr\/wp-json\/wp\/v2\/product_cat?post=1023381"},{"taxonomy":"product_tag","embeddable":true,"href":"https:\/\/vimaterial.de\/fr\/wp-json\/wp\/v2\/product_tag?post=1023381"}],"curies":[{"name":"wp","href":"https:\/\/api.w.org\/{rel}","templated":true}]}}