{"id":1023368,"date":"2024-06-17T15:47:26","date_gmt":"2024-06-17T07:47:26","guid":{"rendered":"https:\/\/vimaterial.de\/product\/tantale-metal-6\/"},"modified":"2024-10-14T17:38:10","modified_gmt":"2024-10-14T09:38:10","slug":"tantale-metal-6","status":"publish","type":"product","link":"https:\/\/vimaterial.de\/fr\/product\/tantale-metal-6\/","title":{"rendered":"Tantale m\u00e9tal"},"content":{"rendered":"<p>Le lingot de tantale est un produit grumeleux fait de tantale m\u00e9tallique.<\/p>\n<p>&nbsp;<\/p>\n<p>Informations de base :<\/p>\n<p>Apparence\u00a0: il pr\u00e9sente g\u00e9n\u00e9ralement un \u00e9clat m\u00e9tallique gris argent\u00e9 avec une surface relativement lisse. Densit\u00e9 : 16,6 g\/cm3.<br \/>\nPoint de fusion : 2996\u00b0C.<br \/>\nConductivit\u00e9 : bonne conductivit\u00e9<br \/>\n\u00e9lectriquePropri\u00e9t\u00e9s de surface\u00a0: la surface du lingot de tantale est facile \u00e0 former une couche de film d\u2019oxyde dense et stable, cette couche de film d\u2019oxyde a des propri\u00e9t\u00e9s m\u00e9talliques de soupape conductrice unidirectionnelle, peut prot\u00e9ger davantage le lingot de tantale interne de l\u2019oxydation et de la corrosion.<\/p>\n<p>&nbsp;<\/p>\n<p>Processus de production.<\/p>\n<p>&nbsp;<\/p>\n<p>Pr\u00e9paration des mati\u00e8res premi\u00e8res\u00a0: le minerai de tantale de haute puret\u00e9 ou les d\u00e9chets de tantale sont s\u00e9lectionn\u00e9s comme mati\u00e8res premi\u00e8res, et apr\u00e8s enrichissement, purification et autres processus pour \u00e9liminer les impuret\u00e9s, pour obtenir des mati\u00e8res premi\u00e8res de tantale m\u00e9tal de haute puret\u00e9.<\/p>\n<p>Fusion\u00a0: La mati\u00e8re premi\u00e8re de tantale m\u00e9tal purifi\u00e9 est plac\u00e9e dans un four \u00e0 haute temp\u00e9rature pour la fusion, qui adopte g\u00e9n\u00e9ralement les m\u00e9thodes de fusion par faisceau d\u2019\u00e9lectrons, de fusion \u00e0 l\u2019arc sous vide, etc.<\/p>\n<p>Coul\u00e9e de lingots : Le liquide de tantale m\u00e9tallique fondu est vers\u00e9 dans des moules pour la coul\u00e9e de lingots, de sorte qu\u2019il refroidit et se solidifie en lingots de tantale.<\/p>\n<p>&nbsp;<\/p>\n<p>Domaines d\u2019application.<\/p>\n<p>&nbsp;<\/p>\n<p>Industrie \u00e9lectronique\u00a0: Le lingot de tantale est l\u2019un des mat\u00e9riaux importants pour la fabrication de composants \u00e9lectroniques, tels que les condensateurs, les r\u00e9sistances, les inductances, etc.<\/p>\n<p>A\u00e9rospatiale : En raison de sa r\u00e9sistance aux temp\u00e9ratures \u00e9lev\u00e9es et \u00e0 la corrosion ainsi que de ses bonnes propri\u00e9t\u00e9s m\u00e9caniques, le lingot de tantale peut \u00eatre utilis\u00e9 pour fabriquer des pi\u00e8ces dans le domaine a\u00e9rospatial, telles que la couche de protection thermique des moteurs d\u2019avion, les tuy\u00e8res des moteurs de fus\u00e9e, etc.<\/p>\n<p>Industrie chimique\u00a0: il peut \u00eatre utilis\u00e9 pour fabriquer des pi\u00e8ces r\u00e9sistantes \u00e0 la corrosion dans les \u00e9quipements chimiques, tels que les r\u00e9acteurs, les pipelines, les vannes, etc. Dans les milieux chimiques fortement corrosifs, les lingots de tantale peuvent pr\u00e9venir efficacement la corrosion et les dommages \u00e0 l\u2019\u00e9quipement.<\/p>\n","protected":false},"excerpt":{"rendered":"<p>Le lingot de tantale est un produit grumeleux fait de tantale m\u00e9tallique.<\/p>\n<p>Industrie \u00e9lectronique\u00a0: Le lingot de tantale est l\u2019un des mat\u00e9riaux importants pour la fabrication de composants \u00e9lectroniques, tels que les condensateurs, les r\u00e9sistances, les inductances, etc.<\/p>\n<p>A\u00e9rospatiale : En raison de sa r\u00e9sistance aux temp\u00e9ratures \u00e9lev\u00e9es et \u00e0 la corrosion ainsi que de ses bonnes propri\u00e9t\u00e9s m\u00e9caniques, le lingot de tantale peut \u00eatre utilis\u00e9 pour fabriquer des pi\u00e8ces dans le domaine a\u00e9rospatial, telles que la couche de protection thermique des moteurs d\u2019avion, les tuy\u00e8res des moteurs de fus\u00e9e, etc.<\/p>\n<p>&nbsp;<\/p>\n","protected":false},"featured_media":1033014,"comment_status":"open","ping_status":"closed","template":"","meta":{"_acf_changed":false},"product_brand":[],"product_cat":[236],"product_tag":[],"class_list":{"0":"post-1023368","1":"product","2":"type-product","3":"status-publish","4":"has-post-thumbnail","6":"product_cat-materiaux-devaporation","8":"first","9":"instock","10":"shipping-taxable","11":"purchasable","12":"product-type-variable"},"acf":[],"_links":{"self":[{"href":"https:\/\/vimaterial.de\/fr\/wp-json\/wp\/v2\/product\/1023368","targetHints":{"allow":["GET"]}}],"collection":[{"href":"https:\/\/vimaterial.de\/fr\/wp-json\/wp\/v2\/product"}],"about":[{"href":"https:\/\/vimaterial.de\/fr\/wp-json\/wp\/v2\/types\/product"}],"replies":[{"embeddable":true,"href":"https:\/\/vimaterial.de\/fr\/wp-json\/wp\/v2\/comments?post=1023368"}],"wp:featuredmedia":[{"embeddable":true,"href":"https:\/\/vimaterial.de\/fr\/wp-json\/wp\/v2\/media\/1033014"}],"wp:attachment":[{"href":"https:\/\/vimaterial.de\/fr\/wp-json\/wp\/v2\/media?parent=1023368"}],"wp:term":[{"taxonomy":"product_brand","embeddable":true,"href":"https:\/\/vimaterial.de\/fr\/wp-json\/wp\/v2\/product_brand?post=1023368"},{"taxonomy":"product_cat","embeddable":true,"href":"https:\/\/vimaterial.de\/fr\/wp-json\/wp\/v2\/product_cat?post=1023368"},{"taxonomy":"product_tag","embeddable":true,"href":"https:\/\/vimaterial.de\/fr\/wp-json\/wp\/v2\/product_tag?post=1023368"}],"curies":[{"name":"wp","href":"https:\/\/api.w.org\/{rel}","templated":true}]}}