{"id":1023358,"date":"2024-06-17T15:47:26","date_gmt":"2024-06-17T07:47:26","guid":{"rendered":"https:\/\/vimaterial.de\/product\/siliciure-de-hafnium\/"},"modified":"2024-10-29T13:24:57","modified_gmt":"2024-10-29T05:24:57","slug":"siliciure-de-hafnium","status":"publish","type":"product","link":"https:\/\/vimaterial.de\/fr\/product\/siliciure-de-hafnium\/","title":{"rendered":"Siliciure d\u2019hafnium"},"content":{"rendered":"<p>La cible de siliciure de hafnium est un mat\u00e9riau important.<\/p>\n<h3>Informations de base :<\/h3>\n<p>Composition chimique : compos\u00e9 de deux \u00e9l\u00e9ments, le hafnium (Hf) et le silicium (Si), de formule chimique HfSi\u2082.<br \/>\nN\u00b0 CAS : 12401-56-8.<br \/>\nAspect : cible solide g\u00e9n\u00e9ralement grise.<br \/>\nDensit\u00e9\u00a0: Relativement \u00e9lev\u00e9e, ce qui lui conf\u00e8re une bonne stabilit\u00e9 et des propri\u00e9t\u00e9s de transport de mat\u00e9riau lors de la pulv\u00e9risation.<br \/>\nPoint de fusion : point de fusion \u00e9lev\u00e9, bonne r\u00e9sistance aux temp\u00e9ratures \u00e9lev\u00e9es, capable de maintenir la stabilit\u00e9 structurelle pendant le processus de pulv\u00e9risation.<br \/>\nTaille des particules et cristallinit\u00e9 : A g\u00e9n\u00e9ralement une distribution granulom\u00e9trique plus uniforme et une bonne cristallinit\u00e9, ce qui est tr\u00e8s important pour l\u2019uniformit\u00e9 et la qualit\u00e9 du rev\u00eatement pulv\u00e9ris\u00e9.<\/p>\n<h3>Domaines d\u2019application<\/h3>\n<p>D\u00e9p\u00f4t de couches minces : Dans la fabrication de semi-conducteurs, les cibles de siliciure d\u2019hafnium sont utilis\u00e9es dans des processus tels que le d\u00e9p\u00f4t physique en phase vapeur (PVD) et le d\u00e9p\u00f4t chimique en phase vapeur (CVD) pour pr\u00e9parer des films minces de haute qualit\u00e9.<\/p>\n<p>Rev\u00eatement optique\u00a0: Il peut \u00eatre utilis\u00e9 pour pr\u00e9parer des films optiques, tels que des films antireflets, des films d\u2019am\u00e9lioration de la transmittance, etc., qui sont utilis\u00e9s dans les dispositifs optiques, les lentilles, les \u00e9crans et d\u2019autres domaines.<\/p>\n<p>Domaine de la communication optique : Dans les dispositifs de communication optique, tels que les amplificateurs \u00e0 fibre optique, les WDM, etc., les cibles HfSi\u2082 peuvent \u00eatre utilis\u00e9es pour pr\u00e9parer des films optiques associ\u00e9s afin de r\u00e9aliser les fonctions de transmission, d\u2019amplification et de multiplexage des signaux optiques.<\/p>\n<p>\u00c9crans plats : Dans la fabrication d\u2019\u00e9crans plats tels que les \u00e9crans \u00e0 cristaux liquides (LCD), les \u00e9crans plasma (PDP), les \u00e9crans \u00e0 diodes \u00e9lectroluminescentes organiques (OLED), etc., les cibles HfSi\u2082 peuvent \u00eatre utilis\u00e9es pour pr\u00e9parer des films minces tels que des \u00e9lectrodes et des couches isolantes. Ces films peuvent am\u00e9liorer la r\u00e9solution, la luminosit\u00e9, le contraste et d\u2019autres propri\u00e9t\u00e9s de l\u2019\u00e9cran, et ont une bonne stabilit\u00e9 et fiabilit\u00e9.<\/p>\n","protected":false},"excerpt":{"rendered":"<p>La cible de siliciure de hafnium est un mat\u00e9riau important. D\u00e9p\u00f4t de couches minces : Dans la fabrication de semi-conducteurs, les cibles de siliciure d\u2019hafnium sont utilis\u00e9es dans des processus tels que le d\u00e9p\u00f4t physique en phase vapeur (PVD) et le d\u00e9p\u00f4t chimique en phase vapeur (CVD) pour pr\u00e9parer des films minces de haute qualit\u00e9.<\/p>\n<p>Rev\u00eatement optique\u00a0: Il peut \u00eatre utilis\u00e9 pour pr\u00e9parer des films optiques, tels que des films antireflets, des films d\u2019am\u00e9lioration de la transmittance, etc., qui sont utilis\u00e9s dans les dispositifs optiques, les lentilles, les \u00e9crans et d\u2019autres domaines.<\/p>\n<p>Domaine de la communication optique : Dans les dispositifs de communication optique, tels que les amplificateurs \u00e0 fibre optique, les WDM, etc., les cibles HfSi\u2082 peuvent \u00eatre utilis\u00e9es pour pr\u00e9parer des films optiques associ\u00e9s afin de r\u00e9aliser les fonctions de transmission, d\u2019amplification et de multiplexage des signaux optiques.<\/p>\n","protected":false},"featured_media":1033009,"comment_status":"open","ping_status":"closed","template":"","meta":{"_acf_changed":false},"product_brand":[],"product_cat":[235],"product_tag":[],"class_list":{"0":"post-1023358","1":"product","2":"type-product","3":"status-publish","4":"has-post-thumbnail","6":"product_cat-cibles-de-pulverisation-planaire","8":"first","9":"instock","10":"shipping-taxable","11":"product-type-variable"},"acf":[],"_links":{"self":[{"href":"https:\/\/vimaterial.de\/fr\/wp-json\/wp\/v2\/product\/1023358","targetHints":{"allow":["GET"]}}],"collection":[{"href":"https:\/\/vimaterial.de\/fr\/wp-json\/wp\/v2\/product"}],"about":[{"href":"https:\/\/vimaterial.de\/fr\/wp-json\/wp\/v2\/types\/product"}],"replies":[{"embeddable":true,"href":"https:\/\/vimaterial.de\/fr\/wp-json\/wp\/v2\/comments?post=1023358"}],"wp:featuredmedia":[{"embeddable":true,"href":"https:\/\/vimaterial.de\/fr\/wp-json\/wp\/v2\/media\/1033009"}],"wp:attachment":[{"href":"https:\/\/vimaterial.de\/fr\/wp-json\/wp\/v2\/media?parent=1023358"}],"wp:term":[{"taxonomy":"product_brand","embeddable":true,"href":"https:\/\/vimaterial.de\/fr\/wp-json\/wp\/v2\/product_brand?post=1023358"},{"taxonomy":"product_cat","embeddable":true,"href":"https:\/\/vimaterial.de\/fr\/wp-json\/wp\/v2\/product_cat?post=1023358"},{"taxonomy":"product_tag","embeddable":true,"href":"https:\/\/vimaterial.de\/fr\/wp-json\/wp\/v2\/product_tag?post=1023358"}],"curies":[{"name":"wp","href":"https:\/\/api.w.org\/{rel}","templated":true}]}}