{"id":1023335,"date":"2024-06-17T15:47:26","date_gmt":"2024-06-17T07:47:26","guid":{"rendered":"https:\/\/vimaterial.de\/product\/tantale-metal-5\/"},"modified":"2024-10-14T16:23:41","modified_gmt":"2024-10-14T08:23:41","slug":"tantale-metal-5","status":"publish","type":"product","link":"https:\/\/vimaterial.de\/fr\/product\/tantale-metal-5\/","title":{"rendered":"Tantale m\u00e9tal"},"content":{"rendered":"<p>Les granules de tantale sont une petite substance granulaire fabriqu\u00e9e \u00e0 partir du tantale, un m\u00e9tal.<\/p>\n<p>&nbsp;<\/p>\n<p>Informations de base :<\/p>\n<p>&nbsp;<\/p>\n<p>Apparence\u00a0: Le tantale m\u00e9tallique a g\u00e9n\u00e9ralement une couleur m\u00e9tallis\u00e9e gris argent\u00e9 avec un certain \u00e9clat m\u00e9tallique.<br \/>\nDensit\u00e9 : 16,69 g\/cm3.<br \/>\nPoint de fusion : 2996\u00b0C.<br \/>\nDuret\u00e9\u00a0: La duret\u00e9 est grande et a une bonne r\u00e9sistance m\u00e9canique, ce qui rend difficile la d\u00e9formation ou l\u2019endommagement pendant le traitement et l\u2019utilisation.<\/p>\n<p>&nbsp;<\/p>\n<p>Processus de production :<\/p>\n<p>&nbsp;<\/p>\n<p>Les m\u00e9thodes de production des particules de tantale m\u00e9tallique comprennent principalement la m\u00e9thode de m\u00e9tallurgie des poudres et la m\u00e9thode de fusion.<br \/>\nLa m\u00e9thode de m\u00e9tallurgie des poudres consiste \u00e0 fabriquer des particules de tantale m\u00e9tallique \u00e0 partir de poudre de tantale par pressage, frittage et autres processus, et cette m\u00e9thode peut produire des particules de tantale avec des formes complexes et une grande pr\u00e9cision dimensionnelle\u00a0;<br \/>\nLa m\u00e9thode de fusion consiste \u00e0 chauffer la mati\u00e8re premi\u00e8re de tantale au-dessus du point de fusion, \u00e0 la faire fondre, puis \u00e0 la refroidir et \u00e0 la solidifier en granul\u00e9s, les granul\u00e9s de tantale produits par cette m\u00e9thode ont une puret\u00e9 plus \u00e9lev\u00e9e et des performances stables.<\/p>\n<p>&nbsp;<\/p>\n<p>Domaines d\u2019application :<\/p>\n<p>&nbsp;<\/p>\n<p>Industrie \u00e9lectronique : en raison de la bonne conductivit\u00e9 et de la stabilit\u00e9 des particules de tantale, elles sont souvent utilis\u00e9es dans la fabrication de condensateurs, de r\u00e9sistances, d\u2019inductances et d\u2019autres composants \u00e9lectroniques.<\/p>\n<p>&nbsp;<\/p>\n<p>Domaine m\u00e9dical : La biocompatibilit\u00e9 du tantale est bonne et les particules de tantale peuvent \u00eatre utilis\u00e9es pour fabriquer des articulations artificielles, des implants dentaires et d\u2019autres dispositifs m\u00e9dicaux.<\/p>\n<p>&nbsp;<\/p>\n<p>Industrie chimique : Le tantale m\u00e9tallique peut \u00eatre utilis\u00e9 pour fabriquer des pi\u00e8ces r\u00e9sistantes \u00e0 la corrosion dans les \u00e9quipements chimiques, tels que le rev\u00eatement des r\u00e9acteurs et la couche anticorrosion des pipelines. Dans les milieux chimiques hautement corrosifs, les particules de tantale peuvent pr\u00e9venir efficacement la corrosion et les dommages aux \u00e9quipements.<\/p>\n<p>&nbsp;<\/p>\n<p>Mat\u00e9riaux de rev\u00eatement : Dans la technologie de rev\u00eatement sous vide, les particules de tantale peuvent \u00eatre utilis\u00e9es comme mat\u00e9riaux de rev\u00eatement pour former un film de tantale \u00e0 la surface des objets par \u00e9vaporation, pulv\u00e9risation, etc. Ce film a une bonne r\u00e9sistance \u00e0 l\u2019abrasion, \u00e0 la corrosion et \u00e0 la conductivit\u00e9.<\/p>\n<p>&nbsp;<\/p>\n","protected":false},"excerpt":{"rendered":"<p>Les granules de tantale sont une petite substance granulaire fabriqu\u00e9e \u00e0 partir du tantale, un m\u00e9tal.<\/p>\n<p>Industrie \u00e9lectronique : en raison de la bonne conductivit\u00e9 et de la stabilit\u00e9 des particules de tantale, elles sont souvent utilis\u00e9es dans la fabrication de condensateurs, de r\u00e9sistances, d\u2019inductances et d\u2019autres composants \u00e9lectroniques.<\/p>\n<p>Domaine m\u00e9dical : La biocompatibilit\u00e9 du tantale, c\u2019est bon, et les particules de tantale m\u00e9tallique peuvent \u00eatre utilis\u00e9es pour fabriquer des articulations artificielles, des implants dentaires et d\u2019autres dispositifs m\u00e9dicaux.<\/p>\n<p>&nbsp;<\/p>\n","protected":false},"featured_media":1033019,"comment_status":"open","ping_status":"closed","template":"","meta":{"_acf_changed":false},"product_brand":[],"product_cat":[236],"product_tag":[],"class_list":{"0":"post-1023335","1":"product","2":"type-product","3":"status-publish","4":"has-post-thumbnail","6":"product_cat-materiaux-devaporation","8":"first","9":"instock","10":"shipping-taxable","11":"purchasable","12":"product-type-variable"},"acf":[],"_links":{"self":[{"href":"https:\/\/vimaterial.de\/fr\/wp-json\/wp\/v2\/product\/1023335","targetHints":{"allow":["GET"]}}],"collection":[{"href":"https:\/\/vimaterial.de\/fr\/wp-json\/wp\/v2\/product"}],"about":[{"href":"https:\/\/vimaterial.de\/fr\/wp-json\/wp\/v2\/types\/product"}],"replies":[{"embeddable":true,"href":"https:\/\/vimaterial.de\/fr\/wp-json\/wp\/v2\/comments?post=1023335"}],"wp:featuredmedia":[{"embeddable":true,"href":"https:\/\/vimaterial.de\/fr\/wp-json\/wp\/v2\/media\/1033019"}],"wp:attachment":[{"href":"https:\/\/vimaterial.de\/fr\/wp-json\/wp\/v2\/media?parent=1023335"}],"wp:term":[{"taxonomy":"product_brand","embeddable":true,"href":"https:\/\/vimaterial.de\/fr\/wp-json\/wp\/v2\/product_brand?post=1023335"},{"taxonomy":"product_cat","embeddable":true,"href":"https:\/\/vimaterial.de\/fr\/wp-json\/wp\/v2\/product_cat?post=1023335"},{"taxonomy":"product_tag","embeddable":true,"href":"https:\/\/vimaterial.de\/fr\/wp-json\/wp\/v2\/product_tag?post=1023335"}],"curies":[{"name":"wp","href":"https:\/\/api.w.org\/{rel}","templated":true}]}}