{"id":1023306,"date":"2024-06-17T15:47:27","date_gmt":"2024-06-17T07:47:27","guid":{"rendered":"https:\/\/vimaterial.de\/product\/tantale-metal-4\/"},"modified":"2024-10-14T15:27:57","modified_gmt":"2024-10-14T07:27:57","slug":"tantale-metal-4","status":"publish","type":"product","link":"https:\/\/vimaterial.de\/fr\/product\/tantale-metal-4\/","title":{"rendered":"Tantale m\u00e9tal"},"content":{"rendered":"<p>La feuille de tantale est une fine feuille de tantale.<\/p>\n<p>&nbsp;<\/p>\n<p>Informations de base :<\/p>\n<p>&nbsp;<\/p>\n<p>Apparence\u00a0: Il a g\u00e9n\u00e9ralement un \u00e9clat m\u00e9tallique gris argent\u00e9 avec une surface relativement lisse et plate.<br \/>\nDensit\u00e9 : La densit\u00e9 est relativement \u00e9lev\u00e9e, environ 16,69 gg\/cm3.<br \/>\nPoint de fusion : 3017\u00b0C.<br \/>\nPropri\u00e9t\u00e9s de surface\u00a0: la surface est susceptible de former un film d\u2019oxyde dense et stable, qui a la propri\u00e9t\u00e9 d\u2019un m\u00e9tal de vanne conductrice unidirectionnelle, et peut prot\u00e9ger davantage l\u2019int\u00e9rieur de la feuille de tantale de l\u2019oxydation et de la corrosion.<\/p>\n<p>&nbsp;<\/p>\n<p>Processus de production :<\/p>\n<p>&nbsp;<\/p>\n<p>La poudre de tantale m\u00e9tallique est d\u2019abord soumise \u00e0 un traitement de laminage de poudre et au premier traitement de frittage sous vide pour obtenir une feuille brute ; Ensuite, la feuille brute est soumise \u00e0 un traitement de laminage \u00e0 froid, au deuxi\u00e8me traitement de frittage sous vide et au traitement de laminage de finition pour finalement obtenir une feuille m\u00e9tallique de tantale.<\/p>\n<p>&nbsp;<\/p>\n<p>Domaines d\u2019application :<\/p>\n<p>&nbsp;<\/p>\n<p>Industrie \u00e9lectronique : Le tantale m\u00e9tallique peut \u00eatre utilis\u00e9 pour fabriquer des \u00e9lectrodes m\u00e9talliques dans des dispositifs semi-conducteurs, des fils m\u00e9talliques et des masques dans le processus de fabrication.<\/p>\n<p>&nbsp;<\/p>\n<p>Industrie a\u00e9rospatiale : utilis\u00e9 dans la fabrication de chambres de combustion, de conduits, de gorges et de tuy\u00e8res et d\u2019autres composants de moteurs d\u2019avions, ainsi que de chambres de combustion et de tuy\u00e8res dans les moteurs de fus\u00e9e, etc., qui peuvent fonctionner de mani\u00e8re fiable dans l\u2019environnement difficile de haute temp\u00e9rature et de haute pression.<\/p>\n<p>&nbsp;<\/p>\n<p>Industrie nucl\u00e9aire : Le tantale m\u00e9tallique peut \u00eatre utilis\u00e9 comme barres de combustible dans les r\u00e9acteurs nucl\u00e9aires et comme mat\u00e9riaux de gaine pour le combustible nucl\u00e9aire, et son excellente r\u00e9sistance \u00e0 la corrosion et sa stabilit\u00e9 \u00e0 haute temp\u00e9rature peuvent r\u00e9pondre aux exigences strictes de l\u2019industrie nucl\u00e9aire.<\/p>\n<p>&nbsp;<\/p>\n<p>Dispositifs m\u00e9dicaux\u00a0: En raison de la bonne biocompatibilit\u00e9 du tantale, la feuille de tantale peut \u00eatre utilis\u00e9e dans la fabrication d\u2019articulations artificielles, d\u2019implants et d\u2019autres dispositifs m\u00e9dicaux, qui ne provoqueront pas de r\u00e9actions allergiques dans le corps.<\/p>\n<p>&nbsp;<\/p>\n","protected":false},"excerpt":{"rendered":"<p>La feuille de tantale est une fine feuille de tantale.<\/p>\n<p>Industrie \u00e9lectronique : Le tantale m\u00e9tallique peut \u00eatre utilis\u00e9 pour fabriquer des \u00e9lectrodes m\u00e9talliques dans des dispositifs semi-conducteurs, des fils m\u00e9talliques et des masques dans le processus de fabrication.<\/p>\n<p>Industrie a\u00e9rospatiale : Tantale m\u00e9tallique utilis\u00e9 dans la fabrication de chambres de combustion, de conduits, de gorges et de tuy\u00e8res et d\u2019autres composants de moteurs d\u2019avions, ainsi que de chambres de combustion et de tuy\u00e8res dans les moteurs de fus\u00e9e, etc., qui peuvent fonctionner de mani\u00e8re fiable dans l\u2019environnement difficile de haute temp\u00e9rature et de haute pression.<\/p>\n<p>&nbsp;<\/p>\n","protected":false},"featured_media":1033029,"comment_status":"open","ping_status":"closed","template":"","meta":{"_acf_changed":false},"product_brand":[],"product_cat":[245],"product_tag":[],"class_list":{"0":"post-1023306","1":"product","2":"type-product","3":"status-publish","4":"has-post-thumbnail","6":"product_cat-profil-fr","8":"first","9":"instock","10":"shipping-taxable","11":"purchasable","12":"product-type-variable"},"acf":[],"_links":{"self":[{"href":"https:\/\/vimaterial.de\/fr\/wp-json\/wp\/v2\/product\/1023306","targetHints":{"allow":["GET"]}}],"collection":[{"href":"https:\/\/vimaterial.de\/fr\/wp-json\/wp\/v2\/product"}],"about":[{"href":"https:\/\/vimaterial.de\/fr\/wp-json\/wp\/v2\/types\/product"}],"replies":[{"embeddable":true,"href":"https:\/\/vimaterial.de\/fr\/wp-json\/wp\/v2\/comments?post=1023306"}],"wp:featuredmedia":[{"embeddable":true,"href":"https:\/\/vimaterial.de\/fr\/wp-json\/wp\/v2\/media\/1033029"}],"wp:attachment":[{"href":"https:\/\/vimaterial.de\/fr\/wp-json\/wp\/v2\/media?parent=1023306"}],"wp:term":[{"taxonomy":"product_brand","embeddable":true,"href":"https:\/\/vimaterial.de\/fr\/wp-json\/wp\/v2\/product_brand?post=1023306"},{"taxonomy":"product_cat","embeddable":true,"href":"https:\/\/vimaterial.de\/fr\/wp-json\/wp\/v2\/product_cat?post=1023306"},{"taxonomy":"product_tag","embeddable":true,"href":"https:\/\/vimaterial.de\/fr\/wp-json\/wp\/v2\/product_tag?post=1023306"}],"curies":[{"name":"wp","href":"https:\/\/api.w.org\/{rel}","templated":true}]}}