{"id":1023291,"date":"2024-06-17T15:47:27","date_gmt":"2024-06-17T07:47:27","guid":{"rendered":"https:\/\/vimaterial.de\/product\/tantale-metal-3\/"},"modified":"2024-10-14T17:00:00","modified_gmt":"2024-10-14T09:00:00","slug":"tantale-metal-3","status":"publish","type":"product","link":"https:\/\/vimaterial.de\/fr\/product\/tantale-metal-3\/","title":{"rendered":"Tantale m\u00e9tal"},"content":{"rendered":"<p>Les tiges de tantale sont un produit en forme de tige en tantale m\u00e9tallique avec une vari\u00e9t\u00e9 de propri\u00e9t\u00e9s et un large \u00e9ventail d\u2019applications.<\/p>\n<p>&nbsp;<\/p>\n<p>Informations de base :<\/p>\n<p>&nbsp;<\/p>\n<p>Apparence\u00a0: pr\u00e9sentant g\u00e9n\u00e9ralement un \u00e9clat m\u00e9tallique gris argent\u00e9, la surface des tiges de tantale trait\u00e9es est relativement lisse.<br \/>\nDensit\u00e9 : 16,69 g \/ cm3<br \/>\nPoint de fusion : 2996\u00b0C.<br \/>\nCoefficient de dilatation thermique : Le coefficient de dilatation thermique est tr\u00e8s faible, ce qui signifie que le changement dimensionnel des tiges de tantale est relativement faible lorsque la temp\u00e9rature change, ce qui leur permet de maintenir une bonne stabilit\u00e9 dimensionnelle \u00e0 des temp\u00e9ratures \u00e9lev\u00e9es ou dans des environnements avec de grands changements de temp\u00e9rature.<\/p>\n<p>&nbsp;<\/p>\n<p>Processus de production :<\/p>\n<p>&nbsp;<\/p>\n<p>Pr\u00e9paration des mat\u00e9riaux\u00a0: s\u00e9lectionnez des mati\u00e8res premi\u00e8res de tantale de haute puret\u00e9 pour garantir la qualit\u00e9 et les performances des tiges de tantale.<\/p>\n<p>&nbsp;<\/p>\n<p>Forgeage ou extrusion : Les mati\u00e8res premi\u00e8res au tantale sont forg\u00e9es ou extrud\u00e9es pour former des billettes interm\u00e9diaires de dimensions mod\u00e9r\u00e9es, avec un rendement de section de forgeage ou d\u2019extrusion de 70 \u00e0 90 %.<\/p>\n<p>&nbsp;<\/p>\n<p>Traitement thermique : Les billettes sont recuites et trait\u00e9es thermiquement pour am\u00e9liorer les propri\u00e9t\u00e9s m\u00e9caniques et l\u2019organisation des barres de tantale.<\/p>\n<p>&nbsp;<\/p>\n<p>Usinage : Les tiges de tantale sont ensuite trait\u00e9es par tournage, fraisage, meulage et autres m\u00e9thodes d\u2019usinage pour obtenir des exigences de forme et de taille pr\u00e9cises.<\/p>\n<p>&nbsp;<\/p>\n<p>Traitement de surface\u00a0: Selon les besoins, les tiges de tantale sont soumises \u00e0 un traitement de surface, tel que le polissage, le sablage, le polissage \u00e9lectrochimique, etc., afin d\u2019am\u00e9liorer la qualit\u00e9 de surface et la r\u00e9sistance \u00e0 la corrosion des tiges de tantale.<\/p>\n<p>&nbsp;<\/p>\n<p>Domaines d\u2019application :<\/p>\n<p>&nbsp;<\/p>\n<p>Industrie \u00e9lectronique : Le tantale m\u00e9tallique peut \u00eatre utilis\u00e9 pour fabriquer des \u00e9lectrodes ou des fils pour les condensateurs, les r\u00e9sistances, les inductances et autres composants \u00e9lectroniques.<\/p>\n<p>&nbsp;<\/p>\n<p>A\u00e9rospatiale\u00a0: Dans le domaine a\u00e9rospatial, les tiges m\u00e9talliques de tantale peuvent \u00eatre utilis\u00e9es pour fabriquer des alliages \u00e0 haute temp\u00e9rature, des pi\u00e8ces de moteur \u00e0 r\u00e9action, des tuy\u00e8res de moteur de fus\u00e9e, etc.<\/p>\n<p>&nbsp;<\/p>\n<p>Industrie de l\u2019\u00e9nergie nucl\u00e9aire : Il peut \u00eatre utilis\u00e9 pour fabriquer des pi\u00e8ces dans les r\u00e9acteurs nucl\u00e9aires, telles que des barres de combustible, des pi\u00e8ces structurelles \u00e0 l\u2019int\u00e9rieur du r\u00e9acteur, etc. La r\u00e9sistance aux radiations et la stabilit\u00e9 \u00e0 haute temp\u00e9rature des barres de tantale peuvent assurer le fonctionnement normal des r\u00e9acteurs nucl\u00e9aires.<\/p>\n","protected":false},"excerpt":{"rendered":"<p>Les tiges m\u00e9talliques de tantale sont un produit en forme de tige en tantale m\u00e9tallique avec une vari\u00e9t\u00e9 de propri\u00e9t\u00e9s et un large \u00e9ventail d\u2019applications.<\/p>\n<p>Industrie \u00e9lectronique : Le tantale m\u00e9tallique peut \u00eatre utilis\u00e9 pour fabriquer des \u00e9lectrodes ou des fils pour les condensateurs, les r\u00e9sistances, les inductances et autres composants \u00e9lectroniques.<\/p>\n<p>A\u00e9rospatiale : Dans le domaine a\u00e9rospatial, les tiges de tantale peuvent \u00eatre utilis\u00e9es pour fabriquer des alliages \u00e0 haute temp\u00e9rature, des pi\u00e8ces de moteurs \u00e0 r\u00e9action, des tuy\u00e8res de moteurs de fus\u00e9e, etc.<\/p>\n<p>&nbsp;<\/p>\n","protected":false},"featured_media":1033024,"comment_status":"open","ping_status":"closed","template":"","meta":{"_acf_changed":false},"product_brand":[],"product_cat":[245],"product_tag":[],"class_list":{"0":"post-1023291","1":"product","2":"type-product","3":"status-publish","4":"has-post-thumbnail","6":"product_cat-profil-fr","8":"first","9":"instock","10":"shipping-taxable","11":"purchasable","12":"product-type-variable"},"acf":[],"_links":{"self":[{"href":"https:\/\/vimaterial.de\/fr\/wp-json\/wp\/v2\/product\/1023291","targetHints":{"allow":["GET"]}}],"collection":[{"href":"https:\/\/vimaterial.de\/fr\/wp-json\/wp\/v2\/product"}],"about":[{"href":"https:\/\/vimaterial.de\/fr\/wp-json\/wp\/v2\/types\/product"}],"replies":[{"embeddable":true,"href":"https:\/\/vimaterial.de\/fr\/wp-json\/wp\/v2\/comments?post=1023291"}],"wp:featuredmedia":[{"embeddable":true,"href":"https:\/\/vimaterial.de\/fr\/wp-json\/wp\/v2\/media\/1033024"}],"wp:attachment":[{"href":"https:\/\/vimaterial.de\/fr\/wp-json\/wp\/v2\/media?parent=1023291"}],"wp:term":[{"taxonomy":"product_brand","embeddable":true,"href":"https:\/\/vimaterial.de\/fr\/wp-json\/wp\/v2\/product_brand?post=1023291"},{"taxonomy":"product_cat","embeddable":true,"href":"https:\/\/vimaterial.de\/fr\/wp-json\/wp\/v2\/product_cat?post=1023291"},{"taxonomy":"product_tag","embeddable":true,"href":"https:\/\/vimaterial.de\/fr\/wp-json\/wp\/v2\/product_tag?post=1023291"}],"curies":[{"name":"wp","href":"https:\/\/api.w.org\/{rel}","templated":true}]}}