{"id":1023264,"date":"2024-06-17T15:47:28","date_gmt":"2024-06-17T07:47:28","guid":{"rendered":"https:\/\/vimaterial.de\/product\/tantale-metal-2\/"},"modified":"2024-10-14T14:44:01","modified_gmt":"2024-10-14T06:44:01","slug":"tantale-metal-2","status":"publish","type":"product","link":"https:\/\/vimaterial.de\/fr\/product\/tantale-metal-2\/","title":{"rendered":"Tantale m\u00e9tal"},"content":{"rendered":"<p>La poudre de tantale m\u00e9tallique est la forme en poudre du tantale m\u00e9tallique, avec des propri\u00e9t\u00e9s \u00e0 multiples facettes et un large \u00e9ventail d\u2019applications.<\/p>\n<p>&nbsp;<\/p>\n<p>Informations de base :<\/p>\n<p>&nbsp;<\/p>\n<p>Apparence\u00a0: g\u00e9n\u00e9ralement une poudre grise ou noire, la couleur et la taille des particules varieront en fonction du processus de production et de la puret\u00e9.<br \/>\nDensit\u00e9 : g\u00e9n\u00e9ralement sup\u00e9rieure \u00e0 10 g\/cm3.<br \/>\nPoint de fusion : 2996\u00b0C.<br \/>\nConductivit\u00e9\u00a0: Il a une bonne conductivit\u00e9 \u00e9lectrique et est un mat\u00e9riau conducteur important dans l\u2019industrie \u00e9lectronique.<\/p>\n<p>&nbsp;<\/p>\n<p>Processus de production :<\/p>\n<p>&nbsp;<\/p>\n<p>M\u00e9thode de r\u00e9duction thermique du sodium\u00a0: il s\u2019agit d\u2019une m\u00e9thode courante de production de poudre de tantale m\u00e9tallique, l\u2019utilisation de fluorotantalate de potassium sous la protection de l\u2019hydrog\u00e8ne, avec la r\u00e9duction du sodium m\u00e9tallique, la temp\u00e9rature de r\u00e9action est g\u00e9n\u00e9ralement dans le 577 &#8211; 627 \u00b0C, la m\u00e9thode peut \u00eatre obtenue avec de la poudre de tantale de haute puret\u00e9.<\/p>\n<p>&nbsp;<\/p>\n<p>M\u00e9thode de fragilisation par l\u2019hydrog\u00e8ne : La poudre de tantale m\u00e9tallique est obtenue en hydrog\u00e9nant le tantale m\u00e9tallique pour le rendre cassant, suivi de processus tels que le broyage et le broyage.<\/p>\n<p>&nbsp;<\/p>\n<p>M\u00e9thode d\u2019\u00e9lectrolyse au sel fondu : La poudre de tantale m\u00e9tallique peut \u00eatre obtenue \u00e0 partir de la cathode en utilisant une certaine proportion de chlorure de potassium, de fluorure de potassium et de fluorotantalate de potassium pour former un \u00e9lectrolyte \u00e0 sel fondu, qui est \u00e9lectrolys\u00e9 dans un r\u00e9servoir \u00e9lectrolytique.<\/p>\n<p>&nbsp;<\/p>\n<p>Domaines d\u2019application :<\/p>\n<p>&nbsp;<\/p>\n<p>Industrie \u00e9lectronique\u00a0: c\u2019est le mat\u00e9riau cl\u00e9 pour la fabrication de condensateurs \u00e9lectrolytiques, le film d\u2019anode en poudre de tantale est chimiquement stable, r\u00e9sistivit\u00e9 \u00e9lev\u00e9e, constante di\u00e9lectrique \u00e9lev\u00e9e, faible courant de fuite, qui peut r\u00e9pondre aux exigences des condensateurs haute performance.<\/p>\n<p>&nbsp;<\/p>\n<p>A\u00e9rospatiale : En raison de sa r\u00e9sistance aux temp\u00e9ratures \u00e9lev\u00e9es, de sa r\u00e9sistance \u00e0 la corrosion et de ses bonnes propri\u00e9t\u00e9s m\u00e9caniques, il peut \u00eatre utilis\u00e9 pour fabriquer des pi\u00e8ces dans le domaine a\u00e9rospatial, telles que certaines pi\u00e8ces de moteurs d\u2019avions et des pi\u00e8ces structurelles de satellites.<\/p>\n<p>&nbsp;<\/p>\n<p>Industrie chimique : La poudre de tantale peut \u00eatre utilis\u00e9e pour fabriquer des pi\u00e8ces r\u00e9sistantes \u00e0 la corrosion dans les \u00e9quipements chimiques, tels que les tuyaux, les vannes et les cuves d\u2019\u00e9vaporation.<\/p>\n<p>&nbsp;<\/p>\n<p>M\u00e9tallurgie des poudres : Dans le domaine de la m\u00e9tallurgie des poudres, la poudre de tantale peut \u00eatre utilis\u00e9e comme mat\u00e9riau additif pour am\u00e9liorer la duret\u00e9, la r\u00e9sistance et la r\u00e9sistance \u00e0 l\u2019abrasion et d\u2019autres propri\u00e9t\u00e9s du mat\u00e9riau.<\/p>\n<p>&nbsp;<\/p>\n","protected":false},"excerpt":{"rendered":"<p>La poudre de tantale m\u00e9tallique est la forme en poudre du tantale m\u00e9tallique, avec des propri\u00e9t\u00e9s \u00e0 multiples facettes et un large \u00e9ventail d\u2019applications.<\/p>\n<p>&nbsp;<\/p>\n<p>Industrie \u00e9lectronique\u00a0: c\u2019est le mat\u00e9riau cl\u00e9 pour la fabrication de condensateurs \u00e9lectrolytiques, le film d\u2019anode en poudre de tantale est chimiquement stable, r\u00e9sistivit\u00e9 \u00e9lev\u00e9e, constante di\u00e9lectrique \u00e9lev\u00e9e, faible courant de fuite, qui peut r\u00e9pondre aux exigences des condensateurs haute performance.<\/p>\n<p>&nbsp;<\/p>\n<p>A\u00e9rospatiale : En raison de sa r\u00e9sistance aux temp\u00e9ratures \u00e9lev\u00e9es, de sa r\u00e9sistance \u00e0 la corrosion et de ses bonnes propri\u00e9t\u00e9s m\u00e9caniques, il peut \u00eatre utilis\u00e9 pour fabriquer des pi\u00e8ces dans le domaine a\u00e9rospatial, telles que certaines pi\u00e8ces de moteurs d\u2019avions et des pi\u00e8ces structurelles de satellites.<\/p>\n","protected":false},"featured_media":1049369,"comment_status":"open","ping_status":"closed","template":"","meta":{"_acf_changed":false},"product_brand":[],"product_cat":[250],"product_tag":[],"class_list":{"0":"post-1023264","1":"product","2":"type-product","3":"status-publish","4":"has-post-thumbnail","6":"product_cat-poudre-de-metal-pur-et-dalliage","8":"first","9":"instock","10":"shipping-taxable","11":"product-type-variable"},"acf":[],"_links":{"self":[{"href":"https:\/\/vimaterial.de\/fr\/wp-json\/wp\/v2\/product\/1023264","targetHints":{"allow":["GET"]}}],"collection":[{"href":"https:\/\/vimaterial.de\/fr\/wp-json\/wp\/v2\/product"}],"about":[{"href":"https:\/\/vimaterial.de\/fr\/wp-json\/wp\/v2\/types\/product"}],"replies":[{"embeddable":true,"href":"https:\/\/vimaterial.de\/fr\/wp-json\/wp\/v2\/comments?post=1023264"}],"wp:featuredmedia":[{"embeddable":true,"href":"https:\/\/vimaterial.de\/fr\/wp-json\/wp\/v2\/media\/1049369"}],"wp:attachment":[{"href":"https:\/\/vimaterial.de\/fr\/wp-json\/wp\/v2\/media?parent=1023264"}],"wp:term":[{"taxonomy":"product_brand","embeddable":true,"href":"https:\/\/vimaterial.de\/fr\/wp-json\/wp\/v2\/product_brand?post=1023264"},{"taxonomy":"product_cat","embeddable":true,"href":"https:\/\/vimaterial.de\/fr\/wp-json\/wp\/v2\/product_cat?post=1023264"},{"taxonomy":"product_tag","embeddable":true,"href":"https:\/\/vimaterial.de\/fr\/wp-json\/wp\/v2\/product_tag?post=1023264"}],"curies":[{"name":"wp","href":"https:\/\/api.w.org\/{rel}","templated":true}]}}