{"id":1023254,"date":"2024-06-17T15:47:27","date_gmt":"2024-06-17T07:47:27","guid":{"rendered":"https:\/\/vimaterial.de\/product\/tantale-metal\/"},"modified":"2024-10-14T14:19:10","modified_gmt":"2024-10-14T06:19:10","slug":"tantale-metal","status":"publish","type":"product","link":"https:\/\/vimaterial.de\/fr\/product\/tantale-metal\/","title":{"rendered":"Tantale m\u00e9tal"},"content":{"rendered":"<p>Le fil m\u00e9tallique au tantale est une sorte de mat\u00e9riau filamenteux en tantale fabriqu\u00e9 par laminage, tr\u00e9filage et autres m\u00e9thodes de traitement du plastique.<\/p>\n<p>Informations de base :<\/p>\n<p>Apparence\u00a0: G\u00e9n\u00e9ralement filamenteux gris avec un \u00e9clat m\u00e9tallique.<\/p>\n<p>Densit\u00e9 : 16,6 g\/cm\u00b3.<\/p>\n<p>Point de fusion\u00a0: 2996 \u00b0C, peut toujours maintenir une bonne stabilit\u00e9 dans un environnement \u00e0 haute temp\u00e9rature.<\/p>\n<p>Ductilit\u00e9\u00a0: le tantale m\u00e9tallique a une bonne ductilit\u00e9 et peut \u00eatre \u00e9tir\u00e9 en filaments de diff\u00e9rents diam\u00e8tres, et il n\u2019est pas facile de se casser sous un certain degr\u00e9 de flexion et d\u2019\u00e9tirement.<\/p>\n<p>&nbsp;<\/p>\n<p>Cat\u00e9gories:<\/p>\n<p>&nbsp;<\/p>\n<p>Selon la puret\u00e9 chimique\u00a0: peut \u00eatre divis\u00e9 en fil de tantale m\u00e9tallurgique (puret\u00e9 99,0% Ta), fil de tantale de haute puret\u00e9 (puret\u00e9 %-99.9% Ta), fil de tantale ultra-haute puret\u00e9 (puret\u00e9 99,9-99,99 Ta).%-99.99%<\/p>\n<p>&nbsp;<\/p>\n<p>Selon les performances\u00a0: y compris le fil de tantale r\u00e9sistant \u00e0 la corrosion chimique, le fil de tantale \u00e0 haute temp\u00e9rature et \u00e0 haute r\u00e9sistance, le fil de tantale fragile \u00e0 l\u2019oxyg\u00e8ne, le fil de tantale de condensateur, etc.<\/p>\n<p>&nbsp;<\/p>\n<p>Le fil de tantale de condensateur peut \u00eatre divis\u00e9 en fil de tantale pour les fils de condensateur \u00e9lectrolytique au tantale solide, en fil de tantale pour les fils de condensateur \u00e9lectrolytique au tantale liquide et en fil de tantale pour les condensateurs avec indicateurs de fiabilit\u00e9.<\/p>\n<p>&nbsp;<\/p>\n<p>Il existe des \u00e9tats mous (r\u00e9sistance \u00e0 la traction \u03c3b = 300-600MPa), des \u00e9tats semi-durs (r\u00e9sistance \u00e0 la traction \u03c3b = 600-1000MPa) et des \u00e9tats durs (r\u00e9sistance \u00e0 la traction \u03c3b &gt; 1000MPa).<\/p>\n<p>&nbsp;<\/p>\n<p>Domaine d\u2019application :<\/p>\n<p>&nbsp;<\/p>\n<p>Industrie \u00e9lectronique : La plus grande quantit\u00e9 dans l\u2019industrie \u00e9lectronique, principalement utilis\u00e9e dans le fil d\u2019anode des condensateurs \u00e9lectrolytiques au tantale, mais \u00e9galement utilis\u00e9e dans la fabrication de redresseurs et de condensateurs et d\u2019autres composants \u00e9lectroniques.<\/p>\n<p>&nbsp;<\/p>\n<p>A\u00e9rospatiale : En raison de sa r\u00e9sistance aux temp\u00e9ratures \u00e9lev\u00e9es, de sa r\u00e9sistance \u00e0 la corrosion et de ses bonnes propri\u00e9t\u00e9s m\u00e9caniques, il peut \u00eatre utilis\u00e9 pour fabriquer des pi\u00e8ces dans le domaine a\u00e9rospatial, telles que certaines pi\u00e8ces de moteurs d\u2019avions, des pi\u00e8ces structurelles de satellites, etc.<\/p>\n<p>&nbsp;<\/p>\n<p>Domaine m\u00e9dical : Le tantale m\u00e9tallique est hautement biocompatible et peut \u00eatre utilis\u00e9 pour fabriquer des flocons ou des sutures dans les dispositifs m\u00e9dicaux afin de r\u00e9parer les tissus destructeurs.<\/p>\n<p>&nbsp;<\/p>\n<p>Domaine chimique\u00a0: Le tantale m\u00e9tallique peut \u00eatre utilis\u00e9 pour fabriquer des pi\u00e8ces r\u00e9sistantes \u00e0 la corrosion dans les \u00e9quipements chimiques, tels que les tuyaux, les vannes, etc.<\/p>\n","protected":false},"excerpt":{"rendered":"<p>Le fil m\u00e9tallique au tantale est une sorte de mat\u00e9riau filamenteux en tantale fabriqu\u00e9 par laminage, tr\u00e9filage et autres m\u00e9thodes de traitement du plastique.<\/p>\n<p>Domaine m\u00e9dical : Le tantale m\u00e9tallique est hautement biocompatible et peut \u00eatre utilis\u00e9 pour fabriquer des flocons ou des sutures dans les dispositifs m\u00e9dicaux afin de r\u00e9parer les tissus destructeurs.<\/p>\n<p>Domaine chimique\u00a0: Le tantale m\u00e9tallique peut \u00eatre utilis\u00e9 pour fabriquer des pi\u00e8ces r\u00e9sistantes \u00e0 la corrosion dans les \u00e9quipements chimiques, tels que les tuyaux, les vannes, etc.<\/p>\n","protected":false},"featured_media":1033034,"comment_status":"open","ping_status":"closed","template":"","meta":{"_acf_changed":false},"product_brand":[],"product_cat":[245],"product_tag":[],"class_list":{"0":"post-1023254","1":"product","2":"type-product","3":"status-publish","4":"has-post-thumbnail","6":"product_cat-profil-fr","8":"first","9":"instock","10":"shipping-taxable","11":"purchasable","12":"product-type-variable"},"acf":[],"_links":{"self":[{"href":"https:\/\/vimaterial.de\/fr\/wp-json\/wp\/v2\/product\/1023254","targetHints":{"allow":["GET"]}}],"collection":[{"href":"https:\/\/vimaterial.de\/fr\/wp-json\/wp\/v2\/product"}],"about":[{"href":"https:\/\/vimaterial.de\/fr\/wp-json\/wp\/v2\/types\/product"}],"replies":[{"embeddable":true,"href":"https:\/\/vimaterial.de\/fr\/wp-json\/wp\/v2\/comments?post=1023254"}],"wp:featuredmedia":[{"embeddable":true,"href":"https:\/\/vimaterial.de\/fr\/wp-json\/wp\/v2\/media\/1033034"}],"wp:attachment":[{"href":"https:\/\/vimaterial.de\/fr\/wp-json\/wp\/v2\/media?parent=1023254"}],"wp:term":[{"taxonomy":"product_brand","embeddable":true,"href":"https:\/\/vimaterial.de\/fr\/wp-json\/wp\/v2\/product_brand?post=1023254"},{"taxonomy":"product_cat","embeddable":true,"href":"https:\/\/vimaterial.de\/fr\/wp-json\/wp\/v2\/product_cat?post=1023254"},{"taxonomy":"product_tag","embeddable":true,"href":"https:\/\/vimaterial.de\/fr\/wp-json\/wp\/v2\/product_tag?post=1023254"}],"curies":[{"name":"wp","href":"https:\/\/api.w.org\/{rel}","templated":true}]}}