{"id":1023158,"date":"2024-06-17T15:36:42","date_gmt":"2024-06-17T07:36:42","guid":{"rendered":"https:\/\/vimaterial.de\/product\/oxyde-detainii\/"},"modified":"2024-10-30T17:02:22","modified_gmt":"2024-10-30T09:02:22","slug":"oxyde-detainii","status":"publish","type":"product","link":"https:\/\/vimaterial.de\/fr\/product\/oxyde-detainii\/","title":{"rendered":"Oxyde d\u2019\u00e9tain (II)"},"content":{"rendered":"<p>Les cibles SnO (cibles d\u2019oxyde d\u2019\u00e9tain) sont un mat\u00e9riau fonctionnel important avec un large \u00e9ventail d\u2019applications dans de nombreux domaines.<\/p>\n<h3>Informations de base<\/h3>\n<p>Formule chimique et composition chimique : La formule chimique du SnO indique qu\u2019il est compos\u00e9 d\u2019\u00e9tain (Sn) et d\u2019oxyg\u00e8ne (O), avec une valence d\u2019\u00e9tain de +2.<\/p>\n<p>Poids mol\u00e9culaire : 134,71.<\/p>\n<p>Apparence et couleur : Les cibles SnO apparaissent g\u00e9n\u00e9ralement en bleu-noir ou en noir.<\/p>\n<p>Structure cristalline : Le SnO a un syst\u00e8me de cristaux cubiques.<\/p>\n<p>Densit\u00e9 et duret\u00e9 : La densit\u00e9 est d\u2019environ 6,45 g\/cm\u00b3.<\/p>\n<p>Point de fusion : Le point de fusion du SnO est d\u2019environ 1080\u00b0C.<\/p>\n<p>Conductivit\u00e9 thermique : La conductivit\u00e9 thermique refl\u00e8te la capacit\u00e9 d\u2019un mat\u00e9riau \u00e0 conduire la chaleur. La conductivit\u00e9 thermique du SnO est affect\u00e9e par sa structure et sa composition cristallines.<\/p>\n<h3>Domaines d\u2019application<\/h3>\n<p>Films conducteurs transparents : Bas\u00e9s sur les propri\u00e9t\u00e9s semi-conductrices et optiques de l\u2019oxyde d\u2019\u00e9tain, les films conducteurs transparents sont form\u00e9s en d\u00e9posant du SnO sur des substrats transparents (par exemple le verre, le plastique, etc.) par des processus de rev\u00eatement tels que la pulv\u00e9risation ou l\u2019\u00e9vaporation. Champ de capteur sensible aux gaz : la nature semi-conductrice de l\u2019oxyde d\u2019\u00e9tain le rend sensible \u00e0 certains gaz.<\/p>\n<p>Champ des dispositifs opto\u00e9lectroniques\u00a0: dans le dispositif opto\u00e9lectronique, l\u2019effet photo\u00e9lectrique de l\u2019oxyde d\u2019\u00e9tain permet de convertir les signaux lumineux en signaux \u00e9lectriques, cible SnO gr\u00e2ce au processus de rev\u00eatement en film mince dans la lumi\u00e8re, l\u2019\u00e9nergie des photons est absorb\u00e9e, ce qui entra\u00eene des paires \u00e9lectron-cavit\u00e9, ces porteurs dans le champ \u00e9lectrique sous l\u2019action du mouvement directionnel, la formation de courant \u00e9lectrique.<\/p>\n","protected":false},"excerpt":{"rendered":"<p>Les cibles SnO (cibles d\u2019oxyde d\u2019\u00e9tain) sont un mat\u00e9riau fonctionnel important avec un large \u00e9ventail d\u2019applications dans de nombreux domaines.<\/p>\n<p>Films conducteurs transparents : Bas\u00e9s sur les propri\u00e9t\u00e9s semi-conductrices et optiques de l\u2019oxyde d\u2019\u00e9tain, les films conducteurs transparents sont form\u00e9s en d\u00e9posant du SnO sur des substrats transparents (par exemple le verre, le plastique, etc.) par des processus de rev\u00eatement tels que la pulv\u00e9risation ou l\u2019\u00e9vaporation.<\/p>\n<p>Champ du capteur sensible aux gaz : la nature semi-conductrice du SnO le rend sensible \u00e0 certains gaz.<\/p>\n","protected":false},"featured_media":1032454,"comment_status":"open","ping_status":"closed","template":"","meta":{"_acf_changed":false},"product_brand":[],"product_cat":[235],"product_tag":[],"class_list":{"0":"post-1023158","1":"product","2":"type-product","3":"status-publish","4":"has-post-thumbnail","6":"product_cat-cibles-de-pulverisation-planaire","8":"first","9":"instock","10":"shipping-taxable","11":"product-type-variable"},"acf":[],"_links":{"self":[{"href":"https:\/\/vimaterial.de\/fr\/wp-json\/wp\/v2\/product\/1023158","targetHints":{"allow":["GET"]}}],"collection":[{"href":"https:\/\/vimaterial.de\/fr\/wp-json\/wp\/v2\/product"}],"about":[{"href":"https:\/\/vimaterial.de\/fr\/wp-json\/wp\/v2\/types\/product"}],"replies":[{"embeddable":true,"href":"https:\/\/vimaterial.de\/fr\/wp-json\/wp\/v2\/comments?post=1023158"}],"wp:featuredmedia":[{"embeddable":true,"href":"https:\/\/vimaterial.de\/fr\/wp-json\/wp\/v2\/media\/1032454"}],"wp:attachment":[{"href":"https:\/\/vimaterial.de\/fr\/wp-json\/wp\/v2\/media?parent=1023158"}],"wp:term":[{"taxonomy":"product_brand","embeddable":true,"href":"https:\/\/vimaterial.de\/fr\/wp-json\/wp\/v2\/product_brand?post=1023158"},{"taxonomy":"product_cat","embeddable":true,"href":"https:\/\/vimaterial.de\/fr\/wp-json\/wp\/v2\/product_cat?post=1023158"},{"taxonomy":"product_tag","embeddable":true,"href":"https:\/\/vimaterial.de\/fr\/wp-json\/wp\/v2\/product_tag?post=1023158"}],"curies":[{"name":"wp","href":"https:\/\/api.w.org\/{rel}","templated":true}]}}