{"id":1023098,"date":"2024-06-17T15:40:34","date_gmt":"2024-06-17T07:40:34","guid":{"rendered":"https:\/\/vimaterial.de\/product\/oxyde-detain-dope-au-fluor-fto-3\/"},"modified":"2024-10-30T16:43:10","modified_gmt":"2024-10-30T08:43:10","slug":"oxyde-detain-dope-au-fluor-fto-3","status":"publish","type":"product","link":"https:\/\/vimaterial.de\/fr\/product\/oxyde-detain-dope-au-fluor-fto-3\/","title":{"rendered":"Oxyde d\u2019\u00e9tain dop\u00e9 au fluor (FTO)"},"content":{"rendered":"<p>SnO\u2082 &#8211; Les granul\u00e9s de SnF\u2082 sont un mat\u00e9riau granulaire composite compos\u00e9 de dioxyde d\u2019\u00e9tain (SnO\u2082) et de fluorure d\u2019\u00e9tain (SnF\u2082).<\/p>\n<h3>Informations de base<\/h3>\n<p>Analyse de la composition : Compos\u00e9 de SnO\u2082 et de SnF\u2082.<\/p>\n<p>Motif de changement de couleur : il pr\u00e9sente diff\u00e9rentes nuances du blanc au blanc cass\u00e9.<\/p>\n<p>Structure cristalline : le SnO\u2082 a une structure cristalline t\u00e9tragonale de rutile, le SnF\u2082 a une structure cristalline en couches.<\/p>\n<p>Propri\u00e9t\u00e9s de densit\u00e9 : La densit\u00e9 du SnO\u2082 est d\u2019environ 6,95 g\/cm\u00b3 et la densit\u00e9 du SnF\u2082 est d\u2019environ 4,57 g\/cm\u00b3, de sorte que la densit\u00e9 des particules de SnO\u2082 &#8211; SnF\u2082 d\u00e9pend du rapport entre le SnO\u2082 et le SnF\u2082 et se situe entre ces deux valeurs de densit\u00e9.<\/p>\n<h3>Domaines d\u2019application<\/h3>\n<p>Batteries lithium-ion : Les particules d\u2019oxyde d\u2019\u00e9tain dop\u00e9es au fluor sont utilis\u00e9es comme mat\u00e9riaux d\u2019anode dans les batteries lithium-ion, o\u00f9 les \u00e9l\u00e9ments \u00e9tain du SnO\u2082 et du SnF\u2082 peuvent r\u00e9agir de mani\u00e8re r\u00e9versible avec les ions lithium.<\/p>\n<p>Capteurs de gaz : Les capteurs de gaz sont pr\u00e9par\u00e9s en fonction des propri\u00e9t\u00e9s semi-conductrices et de chimisorption des particules SnO\u2082 &#8211; SnF\u2082. Lorsque le capteur est expos\u00e9 \u00e0 l\u2019environnement gazeux cible, les mol\u00e9cules de gaz sont adsorb\u00e9es \u00e0 la surface des particules, ce qui entra\u00eene des modifications des propri\u00e9t\u00e9s \u00e9lectriques des particules (par exemple, r\u00e9sistance, capacit\u00e9, etc.).<\/p>\n<p>Catalyse\u00a0: Les particules d\u2019oxyde d\u2019\u00e9tain dop\u00e9es au fluor ont un r\u00f4le catalytique dans un certain nombre de r\u00e9actions chimiques. la structure cristalline et les propri\u00e9t\u00e9s de surface du SnO\u2082 lui permettent d\u2019adsorber les mol\u00e9cules de r\u00e9actifs, facilitant ainsi la r\u00e9action.<\/p>\n","protected":false},"excerpt":{"rendered":"<p>Les granul\u00e9s d\u2019oxyde d\u2019\u00e9tain dop\u00e9s au fluor sont un mat\u00e9riau granulaire composite compos\u00e9 de dioxyde d\u2019\u00e9tain (SnO\u2082) et de fluorure d\u2019\u00e9tain (SnF\u2082). Batteries lithium-ion : Les particules d\u2019oxyde d\u2019\u00e9tain dop\u00e9es au fluor sont utilis\u00e9es comme mat\u00e9riaux d\u2019anode dans les batteries lithium-ion, o\u00f9 les \u00e9l\u00e9ments \u00e9tain du SnO\u2082 et du SnF\u2082 peuvent r\u00e9agir de mani\u00e8re r\u00e9versible avec les ions lithium.<\/p>\n<p>Capteurs de gaz : Les capteurs de gaz sont pr\u00e9par\u00e9s en fonction des propri\u00e9t\u00e9s semi-conductrices et de chimisorption des particules SnO\u2082 &#8211; SnF\u2082. Lorsque le capteur est expos\u00e9 \u00e0 l\u2019environnement gazeux cible, les mol\u00e9cules de gaz sont adsorb\u00e9es \u00e0 la surface des particules, ce qui entra\u00eene des modifications des propri\u00e9t\u00e9s \u00e9lectriques des particules (par exemple, r\u00e9sistance, capacit\u00e9, etc.).<\/p>\n<p>&nbsp;<\/p>\n","protected":false},"featured_media":1032474,"comment_status":"open","ping_status":"closed","template":"","meta":{"_acf_changed":false},"product_brand":[],"product_cat":[236],"product_tag":[],"class_list":{"0":"post-1023098","1":"product","2":"type-product","3":"status-publish","4":"has-post-thumbnail","6":"product_cat-materiaux-devaporation","8":"first","9":"instock","10":"shipping-taxable","11":"product-type-variable"},"acf":[],"_links":{"self":[{"href":"https:\/\/vimaterial.de\/fr\/wp-json\/wp\/v2\/product\/1023098","targetHints":{"allow":["GET"]}}],"collection":[{"href":"https:\/\/vimaterial.de\/fr\/wp-json\/wp\/v2\/product"}],"about":[{"href":"https:\/\/vimaterial.de\/fr\/wp-json\/wp\/v2\/types\/product"}],"replies":[{"embeddable":true,"href":"https:\/\/vimaterial.de\/fr\/wp-json\/wp\/v2\/comments?post=1023098"}],"wp:featuredmedia":[{"embeddable":true,"href":"https:\/\/vimaterial.de\/fr\/wp-json\/wp\/v2\/media\/1032474"}],"wp:attachment":[{"href":"https:\/\/vimaterial.de\/fr\/wp-json\/wp\/v2\/media?parent=1023098"}],"wp:term":[{"taxonomy":"product_brand","embeddable":true,"href":"https:\/\/vimaterial.de\/fr\/wp-json\/wp\/v2\/product_brand?post=1023098"},{"taxonomy":"product_cat","embeddable":true,"href":"https:\/\/vimaterial.de\/fr\/wp-json\/wp\/v2\/product_cat?post=1023098"},{"taxonomy":"product_tag","embeddable":true,"href":"https:\/\/vimaterial.de\/fr\/wp-json\/wp\/v2\/product_tag?post=1023098"}],"curies":[{"name":"wp","href":"https:\/\/api.w.org\/{rel}","templated":true}]}}