{"id":1023058,"date":"2024-06-17T15:40:35","date_gmt":"2024-06-17T07:40:35","guid":{"rendered":"https:\/\/vimaterial.de\/product\/oxyde-detain-dope-au-fluor-fto-2\/"},"modified":"2024-10-30T16:01:24","modified_gmt":"2024-10-30T08:01:24","slug":"oxyde-detain-dope-au-fluor-fto-2","status":"publish","type":"product","link":"https:\/\/vimaterial.de\/fr\/product\/oxyde-detain-dope-au-fluor-fto-2\/","title":{"rendered":"Oxyde d\u2019\u00e9tain dop\u00e9 au fluor (FTO)"},"content":{"rendered":"<p>SnO\u2082 &#8211; La poudre SnF\u2082 est un mat\u00e9riau en poudre hybride contenant deux compos\u00e9s de dioxyde d\u2019\u00e9tain (SnO\u2082) et de fluorure d\u2019\u00e9tain (SnF\u2082).<\/p>\n<h3>Informations de base<\/h3>\n<p>Aspect et couleur : Diff\u00e9rentes nuances du blanc au blanc cass\u00e9.<\/p>\n<p>Morphologie et taille des particules : Les poudres ont une vari\u00e9t\u00e9 de morphologies de particules, qui peuvent \u00eatre de forme irr\u00e9guli\u00e8re, sph\u00e9riques ou sph\u00e9riques.<\/p>\n<p>Densit\u00e9 : La densit\u00e9 du SnO\u2082 est d\u2019environ 6,95 g\/cm\u00b3 et la densit\u00e9 du SnF\u2082 est d\u2019environ 4,57 g\/cm\u00b3, de sorte que la densit\u00e9 des poudres SnO\u2082 &#8211; SnF\u2082 varie entre ces deux valeurs en fonction du rapport de m\u00e9lange des deux.<\/p>\n<p>Duret\u00e9 : Le SnO\u2082 est dur et le SnF\u2082 est relativement mou, de sorte que la duret\u00e9 du m\u00e9lange de poudre d\u00e9pend \u00e9galement du rapport des deux.<\/p>\n<h3>Domaines d\u2019application<\/h3>\n<p>Batteries lithium-ion : Les poudres d\u2019oxyde d\u2019\u00e9tain dop\u00e9es au fluor sont utilis\u00e9es comme mat\u00e9riaux d\u2019anode dans les batteries lithium-ion, o\u00f9 les \u00e9l\u00e9ments \u00e9tain du SnO\u2082 et du SnF\u2082 peuvent r\u00e9agir avec les ions lithium dans une r\u00e9action chimique r\u00e9versible.<\/p>\n<p>Capteurs de gaz : Bas\u00e9s sur les propri\u00e9t\u00e9s semi-conductrices et de chimisorption des poudres d\u2019oxyde d\u2019\u00e9tain dop\u00e9es au fluor, ils peuvent \u00eatre utilis\u00e9s pour pr\u00e9parer des capteurs de gaz.<\/p>\n<p>Catalyse\u00a0: Les poudres d\u2019oxyde d\u2019\u00e9tain dop\u00e9es au fluor ont un effet catalytique dans certaines r\u00e9actions chimiques. la structure cristalline et les propri\u00e9t\u00e9s de surface du SnO\u2082 lui permettent d\u2019adsorber les mol\u00e9cules r\u00e9actives et de favoriser la r\u00e9action.<\/p>\n","protected":false},"excerpt":{"rendered":"<p>SnO\u2082 &#8211; La poudre SnF\u2082 est un mat\u00e9riau en poudre hybride contenant deux compos\u00e9s de dioxyde d\u2019\u00e9tain (SnO\u2082) et de fluorure d\u2019\u00e9tain (SnF\u2082).<\/p>\n<p>Batteries lithium-ion : Les poudres d\u2019oxyde d\u2019\u00e9tain dop\u00e9es au fluor sont utilis\u00e9es comme mat\u00e9riaux d\u2019anode dans les batteries lithium-ion, o\u00f9 les \u00e9l\u00e9ments \u00e9tain du SnO\u2082 et du SnF\u2082 peuvent r\u00e9agir avec les ions lithium dans une r\u00e9action chimique r\u00e9versible.<\/p>\n<p>Capteurs de gaz : Bas\u00e9s sur les propri\u00e9t\u00e9s semi-conductrices et de chimisorption des poudres SnO\u2082 &#8211; SnF\u2082, ils peuvent \u00eatre utilis\u00e9s pour pr\u00e9parer des capteurs de gaz.<\/p>\n","protected":false},"featured_media":1032479,"comment_status":"open","ping_status":"closed","template":"","meta":{"_acf_changed":false},"product_brand":[],"product_cat":[243],"product_tag":[],"class_list":{"0":"post-1023058","1":"product","2":"type-product","3":"status-publish","4":"has-post-thumbnail","6":"product_cat-materiaux-oxydes-hydroxydes","8":"first","9":"instock","10":"shipping-taxable","11":"product-type-variable"},"acf":[],"_links":{"self":[{"href":"https:\/\/vimaterial.de\/fr\/wp-json\/wp\/v2\/product\/1023058","targetHints":{"allow":["GET"]}}],"collection":[{"href":"https:\/\/vimaterial.de\/fr\/wp-json\/wp\/v2\/product"}],"about":[{"href":"https:\/\/vimaterial.de\/fr\/wp-json\/wp\/v2\/types\/product"}],"replies":[{"embeddable":true,"href":"https:\/\/vimaterial.de\/fr\/wp-json\/wp\/v2\/comments?post=1023058"}],"wp:featuredmedia":[{"embeddable":true,"href":"https:\/\/vimaterial.de\/fr\/wp-json\/wp\/v2\/media\/1032479"}],"wp:attachment":[{"href":"https:\/\/vimaterial.de\/fr\/wp-json\/wp\/v2\/media?parent=1023058"}],"wp:term":[{"taxonomy":"product_brand","embeddable":true,"href":"https:\/\/vimaterial.de\/fr\/wp-json\/wp\/v2\/product_brand?post=1023058"},{"taxonomy":"product_cat","embeddable":true,"href":"https:\/\/vimaterial.de\/fr\/wp-json\/wp\/v2\/product_cat?post=1023058"},{"taxonomy":"product_tag","embeddable":true,"href":"https:\/\/vimaterial.de\/fr\/wp-json\/wp\/v2\/product_tag?post=1023058"}],"curies":[{"name":"wp","href":"https:\/\/api.w.org\/{rel}","templated":true}]}}