{"id":1023032,"date":"2024-06-17T15:40:35","date_gmt":"2024-06-17T07:40:35","guid":{"rendered":"https:\/\/vimaterial.de\/product\/sulfure-detain-6\/"},"modified":"2024-10-30T15:39:06","modified_gmt":"2024-10-30T07:39:06","slug":"sulfure-detain-6","status":"publish","type":"product","link":"https:\/\/vimaterial.de\/fr\/product\/sulfure-detain-6\/","title":{"rendered":"Sulfure d\u2019\u00e9tain"},"content":{"rendered":"<p>Les particules SnS sont des particules compos\u00e9es inorganiques compos\u00e9es d\u2019\u00e9tain (Sn) et de soufre (S).<\/p>\n<h3>Informations de base<\/h3>\n<p>Formule et composition chimiques : La formule chimique du SnS indique clairement sa composition chimique, c\u2019est-\u00e0-dire que les atomes d\u2019\u00e9tain et de soufre forment le compos\u00e9 dans un rapport de 1:1.<\/p>\n<p>Poids mol\u00e9culaire : 150,77.<\/p>\n<p>Aspect : Les particules de SnS sont g\u00e9n\u00e9ralement de couleur brun fonc\u00e9 ou noire.<\/p>\n<p>Structure cristalline : Le SnS a une structure cristalline orthorhombique.<\/p>\n<p>Densit\u00e9 : La densit\u00e9 du SnS est d\u2019environ 5,22 g\/cm\u00b3.<\/p>\n<h3>Domaines d\u2019application<\/h3>\n<p>Mat\u00e9riaux thermo\u00e9lectriques : Sur la base de la faible conductivit\u00e9 \u00e9lectrique, de la faible conductivit\u00e9 thermique et de la structure cristalline unique des particules de SnS, ils peuvent \u00eatre transform\u00e9s en mat\u00e9riaux thermo\u00e9lectriques, qui peuvent r\u00e9aliser la conversion mutuelle de la chaleur et de l\u2019\u00e9lectricit\u00e9 en pr\u00e9sence d\u2019une diff\u00e9rence de temp\u00e9rature.<\/p>\n<p>Dispositifs opto\u00e9lectroniques : Les particules de sulfure d\u2019\u00e9tain ont des propri\u00e9t\u00e9s d\u2019absorption de la lumi\u00e8re et de conversion photo\u00e9lectrique dans les r\u00e9gions visible et proche infrarouge, qui sont li\u00e9es \u00e0 leurs structures \u00e9lectroniques et cristallines.<\/p>\n<p>Batteries lithium-ion : Les particules de sulfure d\u2019\u00e9tain contiennent des \u00e9l\u00e9ments d\u2019\u00e9tain et de soufre qui r\u00e9agissent avec les ions lithium de mani\u00e8re r\u00e9versible. Au cours du processus de charge et de d\u00e9charge, les ions lithium peuvent \u00eatre ins\u00e9r\u00e9s et d\u00e9tach\u00e9s de la structure en treillis du SnS, ce qui permet le stockage et la lib\u00e9ration d\u2019\u00e9nergie \u00e9lectrique.<\/p>\n","protected":false},"excerpt":{"rendered":"<p>Les particules de sulfure d\u2019\u00e9tain sont des particules compos\u00e9es d\u2019\u00e9tain (Sn) et de soufre (S).<\/p>\n<p>Mat\u00e9riaux thermo\u00e9lectriques : Sur la base de la faible conductivit\u00e9 \u00e9lectrique, de la faible conductivit\u00e9 thermique et de la structure cristalline unique des particules de SnS, ils peuvent \u00eatre transform\u00e9s en mat\u00e9riaux thermo\u00e9lectriques, qui peuvent r\u00e9aliser la conversion mutuelle de la chaleur et de l\u2019\u00e9lectricit\u00e9 en pr\u00e9sence d\u2019une diff\u00e9rence de temp\u00e9rature.<\/p>\n<p>Dispositifs opto\u00e9lectroniques : Les particules SnS ont des propri\u00e9t\u00e9s d\u2019absorption de la lumi\u00e8re et de conversion photo\u00e9lectrique dans les r\u00e9gions visible et proche infrarouge, qui sont li\u00e9es \u00e0 leurs structures \u00e9lectroniques et cristallines.<\/p>\n","protected":false},"featured_media":1032489,"comment_status":"open","ping_status":"closed","template":"","meta":{"_acf_changed":false},"product_brand":[],"product_cat":[236],"product_tag":[],"class_list":{"0":"post-1023032","1":"product","2":"type-product","3":"status-publish","4":"has-post-thumbnail","6":"product_cat-materiaux-devaporation","8":"first","9":"instock","10":"shipping-taxable","11":"product-type-variable"},"acf":[],"_links":{"self":[{"href":"https:\/\/vimaterial.de\/fr\/wp-json\/wp\/v2\/product\/1023032","targetHints":{"allow":["GET"]}}],"collection":[{"href":"https:\/\/vimaterial.de\/fr\/wp-json\/wp\/v2\/product"}],"about":[{"href":"https:\/\/vimaterial.de\/fr\/wp-json\/wp\/v2\/types\/product"}],"replies":[{"embeddable":true,"href":"https:\/\/vimaterial.de\/fr\/wp-json\/wp\/v2\/comments?post=1023032"}],"wp:featuredmedia":[{"embeddable":true,"href":"https:\/\/vimaterial.de\/fr\/wp-json\/wp\/v2\/media\/1032489"}],"wp:attachment":[{"href":"https:\/\/vimaterial.de\/fr\/wp-json\/wp\/v2\/media?parent=1023032"}],"wp:term":[{"taxonomy":"product_brand","embeddable":true,"href":"https:\/\/vimaterial.de\/fr\/wp-json\/wp\/v2\/product_brand?post=1023032"},{"taxonomy":"product_cat","embeddable":true,"href":"https:\/\/vimaterial.de\/fr\/wp-json\/wp\/v2\/product_cat?post=1023032"},{"taxonomy":"product_tag","embeddable":true,"href":"https:\/\/vimaterial.de\/fr\/wp-json\/wp\/v2\/product_tag?post=1023032"}],"curies":[{"name":"wp","href":"https:\/\/api.w.org\/{rel}","templated":true}]}}