{"id":1023011,"date":"2024-06-17T15:40:36","date_gmt":"2024-06-17T07:40:36","guid":{"rendered":"https:\/\/vimaterial.de\/product\/sulfure-detain-5\/"},"modified":"2024-10-30T14:34:49","modified_gmt":"2024-10-30T06:34:49","slug":"sulfure-detain-5","status":"publish","type":"product","link":"https:\/\/vimaterial.de\/fr\/product\/sulfure-detain-5\/","title":{"rendered":"Sulfure d\u2019\u00e9tain"},"content":{"rendered":"<p>Les cibles SnS sont un mat\u00e9riau important avec un large \u00e9ventail d\u2019applications dans plusieurs domaines.<\/p>\n<h3>Informations de base<\/h3>\n<p>Formule chimique et composition chimique : La formule chimique du SnS indique qu\u2019il se compose d\u2019\u00e9tain (Sn) et de soufre (S) dans un rapport atomique de 1:1.<\/p>\n<p>Poids mol\u00e9culaire : 150,77.<\/p>\n<p>Apparence : Les cibles SnS apparaissent g\u00e9n\u00e9ralement en brun fonc\u00e9 ou en noir.<\/p>\n<p>Structure cristalline : Le SnS a une structure cristalline orthorhombique dans laquelle les atomes de Sn et S sont dispos\u00e9s selon un motif sp\u00e9cifique pour former un r\u00e9seau cristallin.<\/p>\n<p>Densit\u00e9 : Le SnS a une densit\u00e9 d\u2019environ 5,22 g\/cm\u00b3.<\/p>\n<p>Duret\u00e9 et fragilit\u00e9 : Les cibles SnS sont dures, mais aussi cassantes.<\/p>\n<h3>Domaines d\u2019application<\/h3>\n<p>Dispositifs opto\u00e9lectroniques : Le sulfure d\u2019\u00e9tain poss\u00e8de de bonnes propri\u00e9t\u00e9s d\u2019absorption de la lumi\u00e8re et de conversion photo\u00e9lectrique dans les r\u00e9gions visible et proche infrarouge, qui sont li\u00e9es \u00e0 sa structure \u00e9lectronique et \u00e0 sa structure cristalline.<\/p>\n<p>Semi-conducteur\u00a0:Le sulfure d\u2019\u00e9tain est un mat\u00e9riau semi-conducteur dont les propri\u00e9t\u00e9s \u00e9lectriques peuvent \u00eatre ajust\u00e9es au moyen du dopage. Dans les dispositifs \u00e0 semi-conducteurs, les cibles SnS sont utilis\u00e9es pour pr\u00e9parer des films semi-conducteurs tels que des couches de canaux pour les transistors \u00e0 effet de champ (FET).<\/p>\n","protected":false},"excerpt":{"rendered":"<p>La recherche sur l\u2019application du sulfure d\u2019\u00e9tain dans les semi-conducteurs progresse, en particulier dans le d\u00e9veloppement de nouveaux dispositifs \u00e0 semi-conducteurs, tels que des transistors \u00e0 effet de champ haute performance et \u00e0 faible co\u00fbt utilisant les propri\u00e9t\u00e9s \u00e9lectriques uniques et la structure cristalline du SnS pour r\u00e9pondre \u00e0 la demande de miniaturisation, de haute performance et de faible consommation d\u2019\u00e9nergie dans les appareils \u00e9lectroniques.<\/p>\n","protected":false},"featured_media":1032499,"comment_status":"open","ping_status":"closed","template":"","meta":{"_acf_changed":false},"product_brand":[],"product_cat":[235],"product_tag":[],"class_list":{"0":"post-1023011","1":"product","2":"type-product","3":"status-publish","4":"has-post-thumbnail","6":"product_cat-cibles-de-pulverisation-planaire","8":"first","9":"instock","10":"shipping-taxable","11":"product-type-variable"},"acf":[],"_links":{"self":[{"href":"https:\/\/vimaterial.de\/fr\/wp-json\/wp\/v2\/product\/1023011","targetHints":{"allow":["GET"]}}],"collection":[{"href":"https:\/\/vimaterial.de\/fr\/wp-json\/wp\/v2\/product"}],"about":[{"href":"https:\/\/vimaterial.de\/fr\/wp-json\/wp\/v2\/types\/product"}],"replies":[{"embeddable":true,"href":"https:\/\/vimaterial.de\/fr\/wp-json\/wp\/v2\/comments?post=1023011"}],"wp:featuredmedia":[{"embeddable":true,"href":"https:\/\/vimaterial.de\/fr\/wp-json\/wp\/v2\/media\/1032499"}],"wp:attachment":[{"href":"https:\/\/vimaterial.de\/fr\/wp-json\/wp\/v2\/media?parent=1023011"}],"wp:term":[{"taxonomy":"product_brand","embeddable":true,"href":"https:\/\/vimaterial.de\/fr\/wp-json\/wp\/v2\/product_brand?post=1023011"},{"taxonomy":"product_cat","embeddable":true,"href":"https:\/\/vimaterial.de\/fr\/wp-json\/wp\/v2\/product_cat?post=1023011"},{"taxonomy":"product_tag","embeddable":true,"href":"https:\/\/vimaterial.de\/fr\/wp-json\/wp\/v2\/product_tag?post=1023011"}],"curies":[{"name":"wp","href":"https:\/\/api.w.org\/{rel}","templated":true}]}}