{"id":1022959,"date":"2024-06-17T15:40:36","date_gmt":"2024-06-17T07:40:36","guid":{"rendered":"https:\/\/vimaterial.de\/product\/sulfure-detain-2\/"},"modified":"2024-10-30T15:25:20","modified_gmt":"2024-10-30T07:25:20","slug":"sulfure-detain-2","status":"publish","type":"product","link":"https:\/\/vimaterial.de\/fr\/product\/sulfure-detain-2\/","title":{"rendered":"Sulfure d\u2019\u00e9tain"},"content":{"rendered":"<p>La cible SnS\u2082 est un mat\u00e9riau important qui est couramment utilis\u00e9 dans des domaines tels que la pr\u00e9paration de couches minces.<\/p>\n<h3>Informations de base :<\/h3>\n<p>Composition chimique : principalement compos\u00e9e de deux \u00e9l\u00e9ments, l\u2019\u00e9tain (Sn) et le soufre (S), la formule chimique est SnS\u2082.<\/p>\n<p>N\u00b0 CAS : 1315-01-1.<\/p>\n<p>Apparence\u00a0: Il pr\u00e9sente g\u00e9n\u00e9ralement une couleur jaune d\u2019or ou jaune avec une couleur et un lustre uniques.<\/p>\n<p>Structure cristalline : Structure cristalline en couches avec syst\u00e8me cristallin tripartite, similaire \u00e0 la structure du CdI\u2082.<\/p>\n<p>Densit\u00e9 : Densit\u00e9 environ 4,5 g\/cm\u00b3.<\/p>\n<p>Point de fusion : Le point de fusion est d\u2019environ 600\u00b0C.<\/p>\n<h3>Domaines d\u2019application :<\/h3>\n<p>Domaine des semi-conducteurs : Le sulfure d\u2019\u00e9tain peut \u00eatre utilis\u00e9 pour pr\u00e9parer des dispositifs semi-conducteurs, tels que des transistors \u00e0 couche mince (TFT), des cellules solaires, etc. Dans les cellules solaires, le SnS\u2082 est utilis\u00e9 comme une couche absorbant la lumi\u00e8re qui absorbe la lumi\u00e8re du soleil et la convertit en \u00e9lectricit\u00e9.<\/p>\n<p>Champ optique : En raison de ses propri\u00e9t\u00e9s optiques uniques, le sulfure d\u2019\u00e9tain peut \u00eatre utilis\u00e9 pour pr\u00e9parer des films optiques, tels que des films antireflets, des films d\u2019am\u00e9lioration de la transmittance, etc., qui sont utilis\u00e9s dans les dispositifs optiques, les panneaux d\u2019affichage et d\u2019autres domaines.<\/p>\n<p>Rev\u00eatement de pulv\u00e9risation magn\u00e9tron : En tant que mat\u00e9riau cible pour la pulv\u00e9risation magn\u00e9tron, le film mince SnS\u2082 est d\u00e9pos\u00e9 sur le substrat par le processus de pulv\u00e9risation, qui est utilis\u00e9 pour la pr\u00e9paration de divers films fonctionnels, tels que le film conducteur et le film isolant.<\/p>\n<p>Champ catalytique\u00a0: Il peut \u00eatre utilis\u00e9 comme catalyseur ou support de catalyseur, appliqu\u00e9 dans des r\u00e9actions chimiques, telles que la d\u00e9composition photocatalytique de l\u2019eau, la synth\u00e8se organique et d\u2019autres r\u00e9actions.<\/p>\n","protected":false},"excerpt":{"rendered":"<p>La cible SnS\u2082 est un mat\u00e9riau important qui est couramment utilis\u00e9 dans des domaines tels que la pr\u00e9paration de couches minces.<\/p>\n<p>Domaine des semi-conducteurs : Le sulfure d\u2019\u00e9tain peut \u00eatre utilis\u00e9 pour pr\u00e9parer des dispositifs semi-conducteurs, tels que des transistors \u00e0 couche mince (TFT), des cellules solaires, etc. Dans les cellules solaires, le SnS\u2082 est utilis\u00e9 comme une couche absorbant la lumi\u00e8re qui absorbe la lumi\u00e8re du soleil et la convertit en \u00e9lectricit\u00e9.<\/p>\n<p>Champ optique : En raison de ses propri\u00e9t\u00e9s optiques uniques, le sulfure d\u2019\u00e9tain peut \u00eatre utilis\u00e9 pour pr\u00e9parer des films optiques, tels que des films antireflets, des films d\u2019am\u00e9lioration de la transmittance, etc., qui sont utilis\u00e9s dans les dispositifs optiques, les panneaux d\u2019affichage et d\u2019autres domaines.<\/p>\n<p>&nbsp;<\/p>\n","protected":false},"featured_media":1032514,"comment_status":"open","ping_status":"closed","template":"","meta":{"_acf_changed":false},"product_brand":[],"product_cat":[235],"product_tag":[],"class_list":{"0":"post-1022959","1":"product","2":"type-product","3":"status-publish","4":"has-post-thumbnail","6":"product_cat-cibles-de-pulverisation-planaire","8":"first","9":"instock","10":"shipping-taxable","11":"product-type-variable"},"acf":[],"_links":{"self":[{"href":"https:\/\/vimaterial.de\/fr\/wp-json\/wp\/v2\/product\/1022959","targetHints":{"allow":["GET"]}}],"collection":[{"href":"https:\/\/vimaterial.de\/fr\/wp-json\/wp\/v2\/product"}],"about":[{"href":"https:\/\/vimaterial.de\/fr\/wp-json\/wp\/v2\/types\/product"}],"replies":[{"embeddable":true,"href":"https:\/\/vimaterial.de\/fr\/wp-json\/wp\/v2\/comments?post=1022959"}],"wp:featuredmedia":[{"embeddable":true,"href":"https:\/\/vimaterial.de\/fr\/wp-json\/wp\/v2\/media\/1032514"}],"wp:attachment":[{"href":"https:\/\/vimaterial.de\/fr\/wp-json\/wp\/v2\/media?parent=1022959"}],"wp:term":[{"taxonomy":"product_brand","embeddable":true,"href":"https:\/\/vimaterial.de\/fr\/wp-json\/wp\/v2\/product_brand?post=1022959"},{"taxonomy":"product_cat","embeddable":true,"href":"https:\/\/vimaterial.de\/fr\/wp-json\/wp\/v2\/product_cat?post=1022959"},{"taxonomy":"product_tag","embeddable":true,"href":"https:\/\/vimaterial.de\/fr\/wp-json\/wp\/v2\/product_tag?post=1022959"}],"curies":[{"name":"wp","href":"https:\/\/api.w.org\/{rel}","templated":true}]}}