{"id":1022949,"date":"2024-06-17T15:40:36","date_gmt":"2024-06-17T07:40:36","guid":{"rendered":"https:\/\/vimaterial.de\/product\/sulfure-detain\/"},"modified":"2024-10-30T15:14:20","modified_gmt":"2024-10-30T07:14:20","slug":"sulfure-detain","status":"publish","type":"product","link":"https:\/\/vimaterial.de\/fr\/product\/sulfure-detain\/","title":{"rendered":"Sulfure d\u2019\u00e9tain"},"content":{"rendered":"<p>La poudre de SnS\u2082 est un mat\u00e9riau compos\u00e9 inorganique important.<\/p>\n<h3>Informations de base :<\/h3>\n<p>Formule chimique et composition : la formule chimique est SnS\u2082, compos\u00e9e de deux \u00e9l\u00e9ments, l\u2019\u00e9tain (Sn) et le soufre (S), le rapport atomique de l\u2019\u00e9tain et du soufre est de 1:2.<\/p>\n<p>Poids mol\u00e9culaire : Le poids mol\u00e9culaire est d\u2019environ 182,83<br \/>\nNum\u00e9ro CAS : 1314-95-0.<\/p>\n<p>Apparence et couleur : Appara\u00eet g\u00e9n\u00e9ralement jaune dor\u00e9 ou jaune, avec une couleur et un lustre uniques.<\/p>\n<p>Structure cristalline : Structure cristalline en couches avec syst\u00e8me cristallin tripartite.<\/p>\n<p>Densit\u00e9 : La densit\u00e9 est d\u2019environ 4,5 g\/cm\u00b3.<\/p>\n<h3>Domaines d\u2019application :<\/h3>\n<p>Dispositifs opto\u00e9lectroniques : en raison de ses propri\u00e9t\u00e9s optiques et \u00e9lectriques uniques, le sulfure d\u2019\u00e9tain peut \u00eatre utilis\u00e9 pour pr\u00e9parer des photod\u00e9tecteurs, des diodes \u00e9lectroluminescentes, des cellules solaires et d\u2019autres dispositifs opto\u00e9lectroniques.<\/p>\n<p>Batteries lithium-ion : en tant que mat\u00e9riau d\u2019anode pour les batteries lithium-ion, le sulfure d\u2019\u00e9tain a une capacit\u00e9 sp\u00e9cifique th\u00e9orique \u00e9lev\u00e9e et peut am\u00e9liorer les performances de stockage d\u2019\u00e9nergie de la batterie.<\/p>\n<p>Champ catalytique : il peut \u00eatre utilis\u00e9 comme catalyseur ou photocatalyseur, appliqu\u00e9 \u00e0 la d\u00e9composition photocatalytique de l\u2019eau, \u00e0 la synth\u00e8se organique et \u00e0 d\u2019autres r\u00e9actions. Peintures et pigments : Sa couleur jaune dor\u00e9 lui permet d\u2019\u00eatre utilis\u00e9 pour fabriquer des peintures et des pigments dor\u00e9s.<\/p>\n","protected":false},"excerpt":{"rendered":"<p>La poudre de SnS\u2082 est un mat\u00e9riau compos\u00e9 inorganique important.<\/p>\n<p>Dispositifs opto\u00e9lectroniques : en raison de ses propri\u00e9t\u00e9s optiques et \u00e9lectriques uniques, le sulfure d\u2019\u00e9tain peut \u00eatre utilis\u00e9 pour pr\u00e9parer des photod\u00e9tecteurs, des diodes \u00e9lectroluminescentes, des cellules solaires et d\u2019autres dispositifs opto\u00e9lectroniques.<\/p>\n<p>Batteries lithium-ion : en tant que mat\u00e9riau d\u2019anode pour les batteries lithium-ion, le sulfure d\u2019\u00e9tain a une capacit\u00e9 sp\u00e9cifique th\u00e9orique \u00e9lev\u00e9e et peut am\u00e9liorer les performances de stockage d\u2019\u00e9nergie de la batterie.<\/p>\n","protected":false},"featured_media":1032509,"comment_status":"open","ping_status":"closed","template":"","meta":{"_acf_changed":false},"product_brand":[],"product_cat":[238],"product_tag":[],"class_list":{"0":"post-1022949","1":"product","2":"type-product","3":"status-publish","4":"has-post-thumbnail","6":"product_cat-materiaux-de-chalcogenure","8":"first","9":"instock","10":"shipping-taxable","11":"purchasable","12":"product-type-variable"},"acf":[],"_links":{"self":[{"href":"https:\/\/vimaterial.de\/fr\/wp-json\/wp\/v2\/product\/1022949","targetHints":{"allow":["GET"]}}],"collection":[{"href":"https:\/\/vimaterial.de\/fr\/wp-json\/wp\/v2\/product"}],"about":[{"href":"https:\/\/vimaterial.de\/fr\/wp-json\/wp\/v2\/types\/product"}],"replies":[{"embeddable":true,"href":"https:\/\/vimaterial.de\/fr\/wp-json\/wp\/v2\/comments?post=1022949"}],"wp:featuredmedia":[{"embeddable":true,"href":"https:\/\/vimaterial.de\/fr\/wp-json\/wp\/v2\/media\/1032509"}],"wp:attachment":[{"href":"https:\/\/vimaterial.de\/fr\/wp-json\/wp\/v2\/media?parent=1022949"}],"wp:term":[{"taxonomy":"product_brand","embeddable":true,"href":"https:\/\/vimaterial.de\/fr\/wp-json\/wp\/v2\/product_brand?post=1022949"},{"taxonomy":"product_cat","embeddable":true,"href":"https:\/\/vimaterial.de\/fr\/wp-json\/wp\/v2\/product_cat?post=1022949"},{"taxonomy":"product_tag","embeddable":true,"href":"https:\/\/vimaterial.de\/fr\/wp-json\/wp\/v2\/product_tag?post=1022949"}],"curies":[{"name":"wp","href":"https:\/\/api.w.org\/{rel}","templated":true}]}}