{"id":1022891,"date":"2024-06-17T15:40:37","date_gmt":"2024-06-17T07:40:37","guid":{"rendered":"https:\/\/vimaterial.de\/product\/seleniure-detain-5\/"},"modified":"2024-10-30T13:44:01","modified_gmt":"2024-10-30T05:44:01","slug":"seleniure-detain-5","status":"publish","type":"product","link":"https:\/\/vimaterial.de\/fr\/product\/seleniure-detain-5\/","title":{"rendered":"S\u00e9l\u00e9niure d\u2019\u00e9tain"},"content":{"rendered":"<p>Les particules de s\u00e9l\u00e9niure d\u2019\u00e9tain sont des particules compos\u00e9es d\u2019\u00e9tain (Sn) et de s\u00e9l\u00e9nium (Se), qui sont importantes dans le domaine de la science des mat\u00e9riaux.<\/p>\n<h3>Informations de base :<\/h3>\n<p>Aspect : appara\u00eet g\u00e9n\u00e9ralement gris-noir ou noir. Structure cristalline : Syst\u00e8me<br \/>\ncristallin orthorhombique Densit\u00e9 : Densit\u00e9 environ 6,179 g\/cm\u00b3. Point de fusion : Le point de fusion est d\u2019environ 861\u00b0C. Stabilit\u00e9 : \u00c0 temp\u00e9rature ambiante, les particules de SnSe ont une relativement bonne stabilit\u00e9 dans l\u2019air, mais \u00e0 des temp\u00e9ratures \u00e9lev\u00e9es, elles sont sujettes \u00e0 des r\u00e9actions d\u2019oxydation avec l\u2019oxyg\u00e8ne.<\/p>\n<h3>Domaines d\u2019application<\/h3>\n<p>Domaine des mat\u00e9riaux thermo\u00e9lectriques : Le S\u00e9l\u00e9niure d\u2019\u00e9tain a une faible conductivit\u00e9 \u00e9lectrique et thermique et une structure cristalline unique en font un mat\u00e9riau thermo\u00e9lectrique prometteur.<\/p>\n<p>Dispositifs opto\u00e9lectroniques : Le S\u00e9l\u00e9niure d\u2019\u00e9tain poss\u00e8de certaines propri\u00e9t\u00e9s d\u2019absorption et d\u2019\u00e9mission de lumi\u00e8re dans les r\u00e9gions visible et proche infrarouge, qui sont li\u00e9es \u00e0 sa structure \u00e9lectronique et cristalline.<\/p>\n<p>Batterie lithium-ion : les \u00e9l\u00e9ments Sn et Se du SnSe peuvent avoir des r\u00e9actions chimiques r\u00e9versibles avec les ions lithium, et les ions lithium peuvent \u00eatre ins\u00e9r\u00e9s et d\u00e9tach\u00e9s de la structure en treillis du SnSe pendant le processus de charge et de d\u00e9charge de la batterie, r\u00e9alisant ainsi le stockage et la lib\u00e9ration d\u2019\u00e9nergie \u00e9lectrique.<\/p>\n","protected":false},"excerpt":{"rendered":"<p>Les particules SnSe sont des particules compos\u00e9es inorganiques compos\u00e9es d\u2019\u00e9tain (Sn) et de s\u00e9l\u00e9nium (Se), qui sont importantes dans le domaine de la science des mat\u00e9riaux.<\/p>\n<p>Domaine des mat\u00e9riaux thermo\u00e9lectriques : Le S\u00e9l\u00e9niure d\u2019\u00e9tain a une faible conductivit\u00e9 \u00e9lectrique et thermique et une structure cristalline unique en font un mat\u00e9riau thermo\u00e9lectrique prometteur.<\/p>\n<p>Dispositifs opto\u00e9lectroniques : Le S\u00e9l\u00e9niure d\u2019\u00e9tain poss\u00e8de certaines propri\u00e9t\u00e9s d\u2019absorption et d\u2019\u00e9mission de lumi\u00e8re dans les r\u00e9gions visible et proche infrarouge, qui sont li\u00e9es \u00e0 sa structure \u00e9lectronique et cristalline.<\/p>\n","protected":false},"featured_media":1032534,"comment_status":"open","ping_status":"closed","template":"","meta":{"_acf_changed":false},"product_brand":[],"product_cat":[236],"product_tag":[],"class_list":{"0":"post-1022891","1":"product","2":"type-product","3":"status-publish","4":"has-post-thumbnail","6":"product_cat-materiaux-devaporation","8":"first","9":"instock","10":"shipping-taxable","11":"product-type-variable"},"acf":[],"_links":{"self":[{"href":"https:\/\/vimaterial.de\/fr\/wp-json\/wp\/v2\/product\/1022891","targetHints":{"allow":["GET"]}}],"collection":[{"href":"https:\/\/vimaterial.de\/fr\/wp-json\/wp\/v2\/product"}],"about":[{"href":"https:\/\/vimaterial.de\/fr\/wp-json\/wp\/v2\/types\/product"}],"replies":[{"embeddable":true,"href":"https:\/\/vimaterial.de\/fr\/wp-json\/wp\/v2\/comments?post=1022891"}],"wp:featuredmedia":[{"embeddable":true,"href":"https:\/\/vimaterial.de\/fr\/wp-json\/wp\/v2\/media\/1032534"}],"wp:attachment":[{"href":"https:\/\/vimaterial.de\/fr\/wp-json\/wp\/v2\/media?parent=1022891"}],"wp:term":[{"taxonomy":"product_brand","embeddable":true,"href":"https:\/\/vimaterial.de\/fr\/wp-json\/wp\/v2\/product_brand?post=1022891"},{"taxonomy":"product_cat","embeddable":true,"href":"https:\/\/vimaterial.de\/fr\/wp-json\/wp\/v2\/product_cat?post=1022891"},{"taxonomy":"product_tag","embeddable":true,"href":"https:\/\/vimaterial.de\/fr\/wp-json\/wp\/v2\/product_tag?post=1022891"}],"curies":[{"name":"wp","href":"https:\/\/api.w.org\/{rel}","templated":true}]}}