{"id":1022872,"date":"2024-06-17T15:40:37","date_gmt":"2024-06-17T07:40:37","guid":{"rendered":"https:\/\/vimaterial.de\/product\/seleniure-detain-3\/"},"modified":"2024-10-30T14:18:16","modified_gmt":"2024-10-30T06:18:16","slug":"seleniure-detain-3","status":"publish","type":"product","link":"https:\/\/vimaterial.de\/fr\/product\/seleniure-detain-3\/","title":{"rendered":"S\u00e9l\u00e9niure d\u2019\u00e9tain"},"content":{"rendered":"<p>Les cibles SnSe sont un mat\u00e9riau important pour des processus tels que le d\u00e9p\u00f4t de couches minces.<\/p>\n<p>Informations de base<\/p>\n<p>Formule chimique et composition chimique : La formule chimique du SnSe indique qu\u2019il se compose d\u2019\u00e9tain (Sn) et de s\u00e9l\u00e9nium (Se) dans un rapport atomique de 1:1.<br \/>\nPoids mol\u00e9culaire : 197,67.<br \/>\nAspect : G\u00e9n\u00e9ralement gris-noir ou noir.<br \/>\nStructure cristalline : Il a une structure cristalline orthorhombique.<br \/>\nDensit\u00e9 : La densit\u00e9 est d\u2019environ 6,14 g\/cm\u00b3.<br \/>\nPoint de fusion : Le point de fusion est d\u2019environ 861\u00b0C. Pr\u00e8s du point de fusion, la structure cristalline et les propri\u00e9t\u00e9s physiques du SnSe changent consid\u00e9rablement.<br \/>\nConductivit\u00e9 thermique : La faible conductivit\u00e9 thermique des poudres SnSe est un avantage cl\u00e9 pour les applications thermo\u00e9lectriques.<\/p>\n<p>Domaines d\u2019application<\/p>\n<p>Champ des semi-conducteurs\u00a0: S\u00e9l\u00e9niure d\u2019\u00e9tain Peut \u00eatre utilis\u00e9 pour pr\u00e9parer des dispositifs semi-conducteurs, tels que des transistors \u00e0 effet de champ, des photod\u00e9tecteurs, etc.<\/p>\n<p>Cellules solaires\u00a0: En tant que couche absorbante des cellules solaires, le s\u00e9l\u00e9niure d\u2019\u00e9tain a un coefficient d\u2019absorption de lumi\u00e8re \u00e9lev\u00e9 et une bande interdite appropri\u00e9e, qui peut absorber efficacement la lumi\u00e8re du soleil et la convertir en \u00e9lectricit\u00e9.<\/p>\n<p>Stockage \u00e0 changement de phase : SnSe peut subir un changement de phase dans certaines conditions de temp\u00e9rature et de pression, et ses caract\u00e9ristiques de changement de phase le rendent potentiellement pr\u00e9cieux dans le domaine du stockage \u00e0 changement de phase. La structure \u00e0 couche mince super-r\u00e9seau pr\u00e9par\u00e9e par pulv\u00e9risation cathodique SnSe peut \u00eatre utilis\u00e9e pour la pr\u00e9paration de la m\u00e9moire \u00e0 changement de phase.<\/p>\n","protected":false},"excerpt":{"rendered":"<p>Les cibles SnSe sont un mat\u00e9riau important pour des processus tels que le d\u00e9p\u00f4t de couches minces.<\/p>\n<p>Champ des semi-conducteurs\u00a0: Le s\u00e9l\u00e9niure d\u2019\u00e9tain peut \u00eatre utilis\u00e9 pour pr\u00e9parer des dispositifs semi-conducteurs, tels que des transistors \u00e0 effet de champ, des photod\u00e9tecteurs, etc.<\/p>\n<p>Cellules solaires\u00a0: En tant que couche absorbante des cellules solaires, le s\u00e9l\u00e9niure d\u2019\u00e9tain a un coefficient d\u2019absorption de lumi\u00e8re \u00e9lev\u00e9 et une bande interdite appropri\u00e9e, qui peut absorber efficacement la lumi\u00e8re du soleil et la convertir en \u00e9lectricit\u00e9.<\/p>\n","protected":false},"featured_media":1032544,"comment_status":"open","ping_status":"closed","template":"","meta":{"_acf_changed":false},"product_brand":[],"product_cat":[235],"product_tag":[],"class_list":{"0":"post-1022872","1":"product","2":"type-product","3":"status-publish","4":"has-post-thumbnail","6":"product_cat-cibles-de-pulverisation-planaire","8":"first","9":"instock","10":"shipping-taxable","11":"product-type-variable"},"acf":[],"_links":{"self":[{"href":"https:\/\/vimaterial.de\/fr\/wp-json\/wp\/v2\/product\/1022872","targetHints":{"allow":["GET"]}}],"collection":[{"href":"https:\/\/vimaterial.de\/fr\/wp-json\/wp\/v2\/product"}],"about":[{"href":"https:\/\/vimaterial.de\/fr\/wp-json\/wp\/v2\/types\/product"}],"replies":[{"embeddable":true,"href":"https:\/\/vimaterial.de\/fr\/wp-json\/wp\/v2\/comments?post=1022872"}],"wp:featuredmedia":[{"embeddable":true,"href":"https:\/\/vimaterial.de\/fr\/wp-json\/wp\/v2\/media\/1032544"}],"wp:attachment":[{"href":"https:\/\/vimaterial.de\/fr\/wp-json\/wp\/v2\/media?parent=1022872"}],"wp:term":[{"taxonomy":"product_brand","embeddable":true,"href":"https:\/\/vimaterial.de\/fr\/wp-json\/wp\/v2\/product_brand?post=1022872"},{"taxonomy":"product_cat","embeddable":true,"href":"https:\/\/vimaterial.de\/fr\/wp-json\/wp\/v2\/product_cat?post=1022872"},{"taxonomy":"product_tag","embeddable":true,"href":"https:\/\/vimaterial.de\/fr\/wp-json\/wp\/v2\/product_tag?post=1022872"}],"curies":[{"name":"wp","href":"https:\/\/api.w.org\/{rel}","templated":true}]}}