{"id":1022852,"date":"2024-06-17T15:40:38","date_gmt":"2024-06-17T07:40:38","guid":{"rendered":"https:\/\/vimaterial.de\/product\/seleniure-detain-2\/"},"modified":"2024-10-30T10:42:57","modified_gmt":"2024-10-30T02:42:57","slug":"seleniure-detain-2","status":"publish","type":"product","link":"https:\/\/vimaterial.de\/fr\/product\/seleniure-detain-2\/","title":{"rendered":"S\u00e9l\u00e9niure d\u2019\u00e9tain"},"content":{"rendered":"<p>La poudre de SnSe\u2082 est un compos\u00e9 inorganique ayant une valeur de recherche importante et des perspectives d\u2019application.<\/p>\n<h3>Informations de base<\/h3>\n<p>Formule chimique : SnSe\u2082, compos\u00e9 d\u2019un \u00e9l\u00e9ment d\u2019\u00e9tain (Sn) et d\u2019un \u00e9l\u00e9ment s\u00e9l\u00e9nium (Se), son rapport atomique est de 1:2.<\/p>\n<p>Poids mol\u00e9culaire : 276,63.<\/p>\n<p>Num\u00e9ro de registre CAS : 23913 &#8211; 55 &#8211; 1.<\/p>\n<p>Aspect et couleur : g\u00e9n\u00e9ralement une poudre grise ou noire.<\/p>\n<p>Structure cristalline : Il a une structure cristalline en couches et appartient au syst\u00e8me cristallin hexagonal.<\/p>\n<p>Densit\u00e9 : Sa densit\u00e9 est d\u2019environ 6,18 g\/cm\u00b3, et la taille de la densit\u00e9 affecte ses propri\u00e9t\u00e9s telles que la stabilit\u00e9 physique dans la synth\u00e8se des mat\u00e9riaux et les applications.<\/p>\n<p>Point de fusion et point d\u2019\u00e9bullition : le point de fusion est d\u2019environ 650\u00b0C.<\/p>\n<p>Duret\u00e9\u00a0: En raison de sa structure en couches, la duret\u00e9 est relativement faible et il est facile de glisser entre les couches lorsqu\u2019il est soumis \u00e0 des forces externes.<\/p>\n<h3>Domaines d\u2019application<\/h3>\n<p>Champ de mat\u00e9riaux thermo\u00e9lectriques : La structure cristalline en couches du S\u00e9l\u00e9niure d\u2019\u00e9tain rend ses propri\u00e9t\u00e9s de transport d\u2019\u00e9lectrons et de transport de chaleur dans la direction le long de la couche et la direction perpendiculaire \u00e0 la couche tr\u00e8s diff\u00e9rentes, et cette anisotropie le rend potentiellement utile dans les mat\u00e9riaux thermo\u00e9lectriques.<\/p>\n<p>Champ des dispositifs opto\u00e9lectroniques : Le S\u00e9l\u00e9niure d\u2019\u00e9tain poss\u00e8de certaines propri\u00e9t\u00e9s d\u2019absorption et d\u2019\u00e9mission de lumi\u00e8re dans les r\u00e9gions de lumi\u00e8re visible et proche infrarouge, qui sont li\u00e9es \u00e0 ses structures \u00e9lectroniques et cristallines.<\/p>\n<p>Domaine des batteries lithium-ion : Les \u00e9l\u00e9ments Sn et Se dans le SnSe\u2082 peuvent avoir des r\u00e9actions chimiques r\u00e9versibles avec les ions lithium, qui peuvent \u00eatre ins\u00e9r\u00e9s et d\u00e9tach\u00e9s de la structure en treillis du SnSe\u2082 pendant le processus de charge et de d\u00e9charge de la batterie pour r\u00e9aliser le stockage et la lib\u00e9ration d\u2019\u00e9nergie \u00e9lectrique.<\/p>\n","protected":false},"excerpt":{"rendered":"<p>La poudre de SnSe\u2082 est un compos\u00e9 inorganique ayant une valeur de recherche importante et des perspectives d\u2019application.<\/p>\n<p>Champ de mat\u00e9riaux thermo\u00e9lectriques : La structure cristalline en couches du s\u00e9l\u00e9niure d\u2019\u00e9tain rend ses propri\u00e9t\u00e9s de transport d\u2019\u00e9lectrons et de transport de chaleur dans la direction le long de la couche et la direction perpendiculaire \u00e0 la couche tr\u00e8s diff\u00e9rentes, et cette anisotropie le rend potentiellement utile dans les mat\u00e9riaux thermo\u00e9lectriques.<\/p>\n<p>Champ des dispositifs opto\u00e9lectroniques : Le s\u00e9l\u00e9niure d\u2019\u00e9tain poss\u00e8de certaines propri\u00e9t\u00e9s d\u2019absorption et d\u2019\u00e9mission de lumi\u00e8re dans les r\u00e9gions de lumi\u00e8re visible et proche infrarouge, qui sont li\u00e9es \u00e0 ses structures \u00e9lectroniques et cristallines.<\/p>\n","protected":false},"featured_media":1032549,"comment_status":"open","ping_status":"closed","template":"","meta":{"_acf_changed":false},"product_brand":[],"product_cat":[238],"product_tag":[],"class_list":{"0":"post-1022852","1":"product","2":"type-product","3":"status-publish","4":"has-post-thumbnail","6":"product_cat-materiaux-de-chalcogenure","8":"first","9":"instock","10":"shipping-taxable","11":"purchasable","12":"product-type-variable"},"acf":[],"_links":{"self":[{"href":"https:\/\/vimaterial.de\/fr\/wp-json\/wp\/v2\/product\/1022852","targetHints":{"allow":["GET"]}}],"collection":[{"href":"https:\/\/vimaterial.de\/fr\/wp-json\/wp\/v2\/product"}],"about":[{"href":"https:\/\/vimaterial.de\/fr\/wp-json\/wp\/v2\/types\/product"}],"replies":[{"embeddable":true,"href":"https:\/\/vimaterial.de\/fr\/wp-json\/wp\/v2\/comments?post=1022852"}],"wp:featuredmedia":[{"embeddable":true,"href":"https:\/\/vimaterial.de\/fr\/wp-json\/wp\/v2\/media\/1032549"}],"wp:attachment":[{"href":"https:\/\/vimaterial.de\/fr\/wp-json\/wp\/v2\/media?parent=1022852"}],"wp:term":[{"taxonomy":"product_brand","embeddable":true,"href":"https:\/\/vimaterial.de\/fr\/wp-json\/wp\/v2\/product_brand?post=1022852"},{"taxonomy":"product_cat","embeddable":true,"href":"https:\/\/vimaterial.de\/fr\/wp-json\/wp\/v2\/product_cat?post=1022852"},{"taxonomy":"product_tag","embeddable":true,"href":"https:\/\/vimaterial.de\/fr\/wp-json\/wp\/v2\/product_tag?post=1022852"}],"curies":[{"name":"wp","href":"https:\/\/api.w.org\/{rel}","templated":true}]}}