{"id":1022813,"date":"2024-06-17T15:40:38","date_gmt":"2024-06-17T07:40:38","guid":{"rendered":"https:\/\/vimaterial.de\/product\/seleniure-detain\/"},"modified":"2024-10-30T10:52:45","modified_gmt":"2024-10-30T02:52:45","slug":"seleniure-detain","status":"publish","type":"product","link":"https:\/\/vimaterial.de\/fr\/product\/seleniure-detain\/","title":{"rendered":"S\u00e9l\u00e9niure d\u2019\u00e9tain"},"content":{"rendered":"<p>La cible SnSe\u2082 est un mat\u00e9riau important utilis\u00e9 dans des processus tels que la pr\u00e9paration de couches minces.<\/p>\n<h3>Informations de base :<\/h3>\n<p>Composition chimique : principalement compos\u00e9e de deux \u00e9l\u00e9ments, l\u2019\u00e9tain (Sn) et le s\u00e9l\u00e9nium (Se), la formule chimique est SnSe\u2082.<\/p>\n<p>N\u00b0 CAS : 20770 &#8211; 09 &#8211; 6.<\/p>\n<p>Apparence\u00a0: g\u00e9n\u00e9ralement gris ou noir grumeleux solide, avec des formes et des tailles sp\u00e9cifiques apr\u00e8s avoir \u00e9t\u00e9 transform\u00e9 en mat\u00e9riaux cibles, g\u00e9n\u00e9ralement ronds, carr\u00e9s, etc.<\/p>\n<p>Structure cristalline : Il a une structure cristalline en couches, ce qui rend ses propri\u00e9t\u00e9s physiques diff\u00e9rentes dans diff\u00e9rentes directions.<\/p>\n<p>Point de fusion : Le point de fusion est \u00e9lev\u00e9, environ 650\u00b0C.<\/p>\n<h3>Domaines d\u2019application :<\/h3>\n<p>Domaine des semi-conducteurs\u00a0: Le s\u00e9l\u00e9niure d\u2019\u00e9tain peut \u00eatre utilis\u00e9 pour pr\u00e9parer des films minces de semi-conducteurs, comme dans la fabrication de cellules solaires, de transistors \u00e0 effet de champ et d\u2019autres dispositifs, en pulv\u00e9risant des cibles SnSe\u2082 peuvent \u00eatre d\u00e9pos\u00e9es sur le substrat avec des films SnSe\u2082 de haute qualit\u00e9.<\/p>\n<p>Champ optique : \u00c9tant donn\u00e9 que le s\u00e9l\u00e9niure d\u2019\u00e9tain poss\u00e8de certaines propri\u00e9t\u00e9s d\u2019absorption et de transmission optiques dans les r\u00e9gions de lumi\u00e8re visible et proche infrarouge, il peut \u00eatre utilis\u00e9 pour pr\u00e9parer des films optiques, tels que des films antireflet et des films d\u2019am\u00e9lioration de la perm\u00e9ation, etc., qui sont appliqu\u00e9s dans les dispositifs optiques et les rev\u00eatements optiques.<\/p>\n<p>Domaine \u00e9lectronique : Dans la fabrication de dispositifs \u00e9lectroniques, les cibles SnSe\u2082 peuvent \u00eatre utilis\u00e9es pour pr\u00e9parer des \u00e9lectrodes, des couches conductrices et d\u2019autres composants, offrant une bonne conductivit\u00e9 et une structure stable pour les dispositifs \u00e9lectroniques.<\/p>\n","protected":false},"excerpt":{"rendered":"<p>La cible SnSe\u2082 est un mat\u00e9riau important utilis\u00e9 dans des processus tels que la pr\u00e9paration de couches minces.<\/p>\n<p>Champ des semi-conducteurs\u00a0: Le s\u00e9l\u00e9niure d\u2019\u00e9tain peut \u00eatre utilis\u00e9 pour pr\u00e9parer des films minces semi-conducteurs, comme dans la fabrication de cellules solaires, de transistors \u00e0 effet de champ et d\u2019autres dispositifs, en pulv\u00e9risant des cibles SnSe\u2082 peuvent \u00eatre d\u00e9pos\u00e9es sur le substrat avec des films SnSe\u2082 de haute qualit\u00e9.<\/p>\n<p>Champ optique : \u00c9tant donn\u00e9 que le s\u00e9l\u00e9niure d\u2019\u00e9tain poss\u00e8de certaines propri\u00e9t\u00e9s d\u2019absorption et de transmission optiques dans les r\u00e9gions de lumi\u00e8re visible et proche infrarouge, il peut \u00eatre utilis\u00e9 pour pr\u00e9parer des films optiques, tels que des films antireflet et des films d\u2019am\u00e9lioration de la perm\u00e9ation, etc., qui sont appliqu\u00e9s dans les dispositifs optiques et les rev\u00eatements optiques.<\/p>\n","protected":false},"featured_media":1032549,"comment_status":"open","ping_status":"closed","template":"","meta":{"_acf_changed":false},"product_brand":[],"product_cat":[235],"product_tag":[],"class_list":{"0":"post-1022813","1":"product","2":"type-product","3":"status-publish","4":"has-post-thumbnail","6":"product_cat-cibles-de-pulverisation-planaire","8":"first","9":"instock","10":"shipping-taxable","11":"product-type-variable"},"acf":[],"_links":{"self":[{"href":"https:\/\/vimaterial.de\/fr\/wp-json\/wp\/v2\/product\/1022813","targetHints":{"allow":["GET"]}}],"collection":[{"href":"https:\/\/vimaterial.de\/fr\/wp-json\/wp\/v2\/product"}],"about":[{"href":"https:\/\/vimaterial.de\/fr\/wp-json\/wp\/v2\/types\/product"}],"replies":[{"embeddable":true,"href":"https:\/\/vimaterial.de\/fr\/wp-json\/wp\/v2\/comments?post=1022813"}],"wp:featuredmedia":[{"embeddable":true,"href":"https:\/\/vimaterial.de\/fr\/wp-json\/wp\/v2\/media\/1032549"}],"wp:attachment":[{"href":"https:\/\/vimaterial.de\/fr\/wp-json\/wp\/v2\/media?parent=1022813"}],"wp:term":[{"taxonomy":"product_brand","embeddable":true,"href":"https:\/\/vimaterial.de\/fr\/wp-json\/wp\/v2\/product_brand?post=1022813"},{"taxonomy":"product_cat","embeddable":true,"href":"https:\/\/vimaterial.de\/fr\/wp-json\/wp\/v2\/product_cat?post=1022813"},{"taxonomy":"product_tag","embeddable":true,"href":"https:\/\/vimaterial.de\/fr\/wp-json\/wp\/v2\/product_tag?post=1022813"}],"curies":[{"name":"wp","href":"https:\/\/api.w.org\/{rel}","templated":true}]}}