{"id":1022198,"date":"2024-06-17T15:33:35","date_gmt":"2024-06-17T07:33:35","guid":{"rendered":"https:\/\/vimaterial.de\/product\/sulfure-de-cadmium-3\/"},"modified":"2024-10-12T17:05:11","modified_gmt":"2024-10-12T09:05:11","slug":"sulfure-de-cadmium-3","status":"publish","type":"product","link":"https:\/\/vimaterial.de\/fr\/product\/sulfure-de-cadmium-3\/","title":{"rendered":"Sulfure de cadmium"},"content":{"rendered":"<p>La poudre de sulfure de cadmium est un compos\u00e9 inorganique important.<\/p>\n<p>&nbsp;<\/p>\n<p>Informations de base :<\/p>\n<p>&nbsp;<\/p>\n<p>Formule chimique : CdS.<\/p>\n<p>Poids mol\u00e9culaire : 144,48 g\/mol.<\/p>\n<p>Num\u00e9ro CAS : 1306-23-6.<\/p>\n<p>Apparence\u00a0: G\u00e9n\u00e9ralement poudre orange \u00e0 brun fonc\u00e9.<\/p>\n<p>Densit\u00e9 : La densit\u00e9 relative est d\u2019environ 4,826 g\/cm\u00b3.<\/p>\n<p>Point de fusion : \u00e9lev\u00e9, environ 1750\u00b0C.<\/p>\n<p>Solubilit\u00e9 : l\u00e9g\u00e8rement soluble dans l\u2019eau, soluble dans l\u2019acide, l\u00e9g\u00e8rement soluble dans l\u2019ammoniac.<\/p>\n<p>Dioptrie : 2,529.<\/p>\n<p>&nbsp;<\/p>\n<p>M\u00e9thode de pr\u00e9paration :<\/p>\n<p>&nbsp;<\/p>\n<p>Mode de pr\u00e9paration courant\u00a0: G\u00e9n\u00e9ralement par la r\u00e9action d\u2019une solution acide de sel de cadmium avec du sulfure d\u2019hydrog\u00e8ne.<\/p>\n<p>&nbsp;<\/p>\n<p>Autres m\u00e9thodes\u00a0: Il peut \u00e9galement \u00eatre pr\u00e9par\u00e9 par la m\u00e9thode de la phase solide \u00e0 haute temp\u00e9rature, la m\u00e9thode hydrothermale et d\u2019autres m\u00e9thodes, mais ces m\u00e9thodes ont des exigences plus \u00e9lev\u00e9es en mati\u00e8re de conditions de r\u00e9action et d\u2019\u00e9quipement.<\/p>\n<p>&nbsp;<\/p>\n<p>Domaine d\u2019application :<\/p>\n<p>&nbsp;<\/p>\n<p>Champ des semi-conducteurs\u00a0: le sulfure de cadmium de haute puret\u00e9 est un bon semi-conducteur, a un fort effet photo\u00e9lectrique sur la lumi\u00e8re visible, peut \u00eatre utilis\u00e9 pour fabriquer des cellules photo\u00e9lectriques, des cellules solaires, etc.<\/p>\n<p>&nbsp;<\/p>\n<p>Domaine biom\u00e9dical : Il peut \u00eatre utilis\u00e9 pour l\u2019imagerie biologique, le marquage cellulaire, etc., mais comme le cadmium a une certaine toxicit\u00e9, son application dans le domaine biom\u00e9dical n\u00e9cessite un contr\u00f4le strict de la dose et de la s\u00e9curit\u00e9.<\/p>\n","protected":false},"excerpt":{"rendered":"<p>La poudre de sulfure de cadmium est un compos\u00e9 inorganique important.<\/p>\n<p>Champ des semi-conducteurs\u00a0: le sulfure de cadmium de haute puret\u00e9 est un bon semi-conducteur, a un fort effet photo\u00e9lectrique sur la lumi\u00e8re visible, peut \u00eatre utilis\u00e9 pour fabriquer des cellules photo\u00e9lectriques, des cellules solaires, etc.<\/p>\n<p>Domaine biom\u00e9dical : Il peut \u00eatre utilis\u00e9 pour l\u2019imagerie biologique, le marquage cellulaire, etc., mais comme le cadmium a une certaine toxicit\u00e9, son application dans le domaine biom\u00e9dical n\u00e9cessite un contr\u00f4le strict de la dose et de la s\u00e9curit\u00e9.<\/p>\n","protected":false},"featured_media":1032099,"comment_status":"open","ping_status":"closed","template":"","meta":{"_acf_changed":false},"product_brand":[],"product_cat":[238],"product_tag":[],"class_list":{"0":"post-1022198","1":"product","2":"type-product","3":"status-publish","4":"has-post-thumbnail","6":"product_cat-materiaux-de-chalcogenure","8":"first","9":"instock","10":"shipping-taxable","11":"product-type-variable"},"acf":[],"_links":{"self":[{"href":"https:\/\/vimaterial.de\/fr\/wp-json\/wp\/v2\/product\/1022198","targetHints":{"allow":["GET"]}}],"collection":[{"href":"https:\/\/vimaterial.de\/fr\/wp-json\/wp\/v2\/product"}],"about":[{"href":"https:\/\/vimaterial.de\/fr\/wp-json\/wp\/v2\/types\/product"}],"replies":[{"embeddable":true,"href":"https:\/\/vimaterial.de\/fr\/wp-json\/wp\/v2\/comments?post=1022198"}],"wp:featuredmedia":[{"embeddable":true,"href":"https:\/\/vimaterial.de\/fr\/wp-json\/wp\/v2\/media\/1032099"}],"wp:attachment":[{"href":"https:\/\/vimaterial.de\/fr\/wp-json\/wp\/v2\/media?parent=1022198"}],"wp:term":[{"taxonomy":"product_brand","embeddable":true,"href":"https:\/\/vimaterial.de\/fr\/wp-json\/wp\/v2\/product_brand?post=1022198"},{"taxonomy":"product_cat","embeddable":true,"href":"https:\/\/vimaterial.de\/fr\/wp-json\/wp\/v2\/product_cat?post=1022198"},{"taxonomy":"product_tag","embeddable":true,"href":"https:\/\/vimaterial.de\/fr\/wp-json\/wp\/v2\/product_tag?post=1022198"}],"curies":[{"name":"wp","href":"https:\/\/api.w.org\/{rel}","templated":true}]}}