{"id":1022195,"date":"2024-06-17T15:33:35","date_gmt":"2024-06-17T07:33:35","guid":{"rendered":"https:\/\/vimaterial.de\/product\/sulfure-de-cadmium-2\/"},"modified":"2024-10-12T16:53:34","modified_gmt":"2024-10-12T08:53:34","slug":"sulfure-de-cadmium-2","status":"publish","type":"product","link":"https:\/\/vimaterial.de\/fr\/product\/sulfure-de-cadmium-2\/","title":{"rendered":"Sulfure de cadmium"},"content":{"rendered":"<p>Les particules de sulfure de cadmium sont un mat\u00e9riau compos\u00e9 inorganique important.<\/p>\n<p>&nbsp;<\/p>\n<p>Informations de base :<\/p>\n<p>&nbsp;<\/p>\n<p>Formule chimique : CdS.<\/p>\n<p>Poids mol\u00e9culaire : 144,46.<\/p>\n<p>NCAS : 1306-23-6.<\/p>\n<p>Apparence\u00a0: G\u00e9n\u00e9ralement poudre orange \u00e0 brun fonc\u00e9, inodore.<\/p>\n<p>Densit\u00e9 : La densit\u00e9 relative est d\u2019environ 4,82 g\/cm\u00b3.<\/p>\n<p>Point de fusion : \u00e9lev\u00e9, environ 1750\u00b0C.<\/p>\n<p>Solubilit\u00e9 : Insoluble dans l\u2019eau, mais soluble dans l\u2019acide concentr\u00e9.<\/p>\n<p>Dioptrie : 2,529.<\/p>\n<p>&nbsp;<\/p>\n<p>M\u00e9thode de pr\u00e9paration :<\/p>\n<p>&nbsp;<\/p>\n<p>M\u00e9thode en phase solide \u00e0 haute temp\u00e9rature : la source de cadmium (comme la poudre de cadmium ou les compos\u00e9s de cadmium) et la source de soufre (comme la poudre de soufre ou le sulfure d\u2019hydrog\u00e8ne gazeux) sont m\u00e9lang\u00e9es dans une certaine proportion, et la r\u00e9action est effectu\u00e9e \u00e0 haute temp\u00e9rature pour produire des particules de CdS.<\/p>\n<p>&nbsp;<\/p>\n<p>M\u00e9thode de pr\u00e9cipitation chimique : la solution de sel de cadmium et la solution de sulfure sont m\u00e9lang\u00e9es pour produire une pr\u00e9cipitation de CdS par r\u00e9action chimique. Ensuite, par filtration, lavage, s\u00e9chage et autres \u00e9tapes, des particules de sulfure de cadmium sont obtenues.<\/p>\n<p>&nbsp;<\/p>\n<p>M\u00e9thode hydrothermale : Dans des conditions hydrothermales de haute temp\u00e9rature et de haute pression, la source de cadmium et la source de soufre r\u00e9agissent en solution aqueuse pour former des particules de CdS.<\/p>\n<p>&nbsp;<\/p>\n<p>Applications:<\/p>\n<p>&nbsp;<\/p>\n<p>Champ pigmentaire : Les particules de sulfure de cadmium sont un pigment jaune couramment utilis\u00e9, largement utilis\u00e9 dans l\u2019\u00e9mail, le verre, la c\u00e9ramique, les plastiques, les peintures et autres colorants.<\/p>\n<p>&nbsp;<\/p>\n<p>Champ des semi-conducteurs : En tant que mat\u00e9riau semi-conducteur, les particules de CdS ont des applications dans les dispositifs photovolta\u00efques tels que les cellules solaires, les photor\u00e9sistances et les photod\u00e9tecteurs.<\/p>\n<p>&nbsp;<\/p>\n<p>Domaine biom\u00e9dical : Les particules de CdS ont de bonnes caract\u00e9ristiques de fluorescence et de biocompatibilit\u00e9, qui peuvent \u00eatre utilis\u00e9es pour la bioimagerie, le marquage cellulaire et l\u2019administration de m\u00e9dicaments.<\/p>\n<p>&nbsp;<\/p>\n<p>Dans le domaine de la photocatalyse : Les particules de CdS ont une certaine activit\u00e9 dans la r\u00e9action photocatalytique et peuvent \u00eatre utilis\u00e9es pour d\u00e9grader les polluants organiques, d\u00e9composer l\u2019eau et produire de l\u2019hydrog\u00e8ne.<\/p>\n","protected":false},"excerpt":{"rendered":"<p>Les particules de sulfure de cadmium sont un mat\u00e9riau compos\u00e9 inorganique important.<\/p>\n<p>Champ de pigments : Les particules de CdS sont un pigment jaune couramment utilis\u00e9, largement utilis\u00e9 dans l\u2019\u00e9mail, le verre, la c\u00e9ramique, les plastiques, les peintures et autres colorants.<\/p>\n<p>Champ des semi-conducteurs : En tant que mat\u00e9riau semi-conducteur, les particules de CdS ont des applications dans les dispositifs photovolta\u00efques tels que les cellules solaires, les photor\u00e9sistances et les photod\u00e9tecteurs.<\/p>\n","protected":false},"featured_media":1032094,"comment_status":"open","ping_status":"closed","template":"","meta":{"_acf_changed":false},"product_brand":[],"product_cat":[236],"product_tag":[],"class_list":{"0":"post-1022195","1":"product","2":"type-product","3":"status-publish","4":"has-post-thumbnail","6":"product_cat-materiaux-devaporation","8":"first","9":"instock","10":"shipping-taxable","11":"product-type-variable"},"acf":[],"_links":{"self":[{"href":"https:\/\/vimaterial.de\/fr\/wp-json\/wp\/v2\/product\/1022195","targetHints":{"allow":["GET"]}}],"collection":[{"href":"https:\/\/vimaterial.de\/fr\/wp-json\/wp\/v2\/product"}],"about":[{"href":"https:\/\/vimaterial.de\/fr\/wp-json\/wp\/v2\/types\/product"}],"replies":[{"embeddable":true,"href":"https:\/\/vimaterial.de\/fr\/wp-json\/wp\/v2\/comments?post=1022195"}],"wp:featuredmedia":[{"embeddable":true,"href":"https:\/\/vimaterial.de\/fr\/wp-json\/wp\/v2\/media\/1032094"}],"wp:attachment":[{"href":"https:\/\/vimaterial.de\/fr\/wp-json\/wp\/v2\/media?parent=1022195"}],"wp:term":[{"taxonomy":"product_brand","embeddable":true,"href":"https:\/\/vimaterial.de\/fr\/wp-json\/wp\/v2\/product_brand?post=1022195"},{"taxonomy":"product_cat","embeddable":true,"href":"https:\/\/vimaterial.de\/fr\/wp-json\/wp\/v2\/product_cat?post=1022195"},{"taxonomy":"product_tag","embeddable":true,"href":"https:\/\/vimaterial.de\/fr\/wp-json\/wp\/v2\/product_tag?post=1022195"}],"curies":[{"name":"wp","href":"https:\/\/api.w.org\/{rel}","templated":true}]}}