{"id":1022171,"date":"2024-06-17T15:33:35","date_gmt":"2024-06-17T07:33:35","guid":{"rendered":"https:\/\/vimaterial.de\/product\/sulfure-de-cadmium\/"},"modified":"2024-10-12T16:37:59","modified_gmt":"2024-10-12T08:37:59","slug":"sulfure-de-cadmium","status":"publish","type":"product","link":"https:\/\/vimaterial.de\/fr\/product\/sulfure-de-cadmium\/","title":{"rendered":"Sulfure de cadmium"},"content":{"rendered":"<p>La cible du sulfure de cadmium est un mat\u00e9riau important.<\/p>\n<p>&nbsp;<\/p>\n<p>Informations de base :<\/p>\n<p>&nbsp;<\/p>\n<p>Structure cristalline : il existe deux structures cristallines du syst\u00e8me cristallin cubique et du syst\u00e8me cristallin hexagonal, et la structure commune de la sphal\u00e9rite du syst\u00e8me cristallin cubique est.<\/p>\n<p>Apparence\u00a0: G\u00e9n\u00e9ralement jaune ou orange, l\u2019\u00e9tat poudr\u00e9 peut \u00eatre l\u00e9g\u00e8rement plus clair.<\/p>\n<p>Densit\u00e9 : La densit\u00e9 relative est d\u2019environ 4,82 g\/cm\u00b3.<\/p>\n<p>Point de fusion : point de fusion \u00e9lev\u00e9, environ 1750\u00b0C.<\/p>\n<p>Duret\u00e9\u00a0: Il a une certaine duret\u00e9 et peut maintenir une bonne stabilit\u00e9 de forme dans l\u2019application des mat\u00e9riaux cibles.<\/p>\n<p>&nbsp;<\/p>\n<p>M\u00e9thode de pr\u00e9paration :<\/p>\n<p>&nbsp;<\/p>\n<p>M\u00e9thode de m\u00e9tallurgie des poudres : Tout d\u2019abord, la poudre de cadmium de haute puret\u00e9 et la poudre de soufre sont m\u00e9lang\u00e9es dans une certaine proportion, puis fritt\u00e9es \u00e0 haute temp\u00e9rature et \u00e0 haute pression, de sorte que les particules de poudre se combinent les unes avec les autres pour former une cible dense.<\/p>\n<p>&nbsp;<\/p>\n<p>M\u00e9thode de fusion sous vide : Dans un environnement sous vide, le cadmium et le soufre sont chauff\u00e9s \u00e0 des temp\u00e9ratures \u00e9lev\u00e9es pour fondre et r\u00e9agir compl\u00e8tement, puis refroidis et solidifi\u00e9s pour obtenir des mat\u00e9riaux \u00e0 base de sulfure de cadmium, puis transform\u00e9s en cibles.<\/p>\n<p>&nbsp;<\/p>\n<p>Domaine d\u2019application :<\/p>\n<p>&nbsp;<\/p>\n<p>Cellules solaires\u00a0: Dans les cellules solaires \u00e0 couche mince, le sulfure de cadmium peut \u00eatre utilis\u00e9 comme mat\u00e9riau de couche tampon, ce qui peut am\u00e9liorer l\u2019efficacit\u00e9 de la conversion photo\u00e9lectrique et la stabilit\u00e9 de la batterie. Ses bonnes propri\u00e9t\u00e9s optiques et \u00e9lectriques contribuent \u00e0 favoriser la s\u00e9paration et le transport des supports photog\u00e9n\u00e9r\u00e9s.<\/p>\n<p>&nbsp;<\/p>\n<p>Dispositifs photo\u00e9lectriques : peuvent \u00eatre utilis\u00e9s pour pr\u00e9parer des diodes \u00e9lectroluminescentes (LED), des diodes laser, des photod\u00e9tecteurs et d\u2019autres dispositifs photo\u00e9lectriques.<\/p>\n<p>&nbsp;<\/p>\n<p>Rev\u00eatement optique\u00a0: Parce que le sulfure de cadmium a un indice de r\u00e9fraction \u00e9lev\u00e9 et de bonnes propri\u00e9t\u00e9s optiques, il peut \u00eatre utilis\u00e9 dans le domaine du rev\u00eatement optique, tel que la pr\u00e9paration d\u2019un film antireflet, d\u2019un film r\u00e9fl\u00e9chissant, etc., pour am\u00e9liorer les performances des composants optiques.<\/p>\n<p>&nbsp;<\/p>\n<p>Industrie des semi-conducteurs : En tant que mat\u00e9riau semi-conducteur, le sulfure de cadmium a \u00e9galement certaines applications dans la fabrication de dispositifs \u00e0 semi-conducteurs, par exemple pour la pr\u00e9paration de transistors \u00e0 effet de champ.<\/p>\n","protected":false},"excerpt":{"rendered":"<p>La cible du sulfure de cadmium est un mat\u00e9riau important.<\/p>\n<p>Cellules solaires\u00a0: Dans les cellules solaires \u00e0 couche mince, le sulfure de cadmium peut \u00eatre utilis\u00e9 comme mat\u00e9riau de couche tampon, ce qui peut am\u00e9liorer l\u2019efficacit\u00e9 de la conversion photo\u00e9lectrique et la stabilit\u00e9 de la batterie. Ses bonnes propri\u00e9t\u00e9s optiques et \u00e9lectriques contribuent \u00e0 favoriser la s\u00e9paration et le transport des supports photog\u00e9n\u00e9r\u00e9s.<\/p>\n<p>Dispositifs photo\u00e9lectriques : peuvent \u00eatre utilis\u00e9s pour pr\u00e9parer des diodes \u00e9lectroluminescentes (LED), des diodes laser, des photod\u00e9tecteurs et d\u2019autres dispositifs photo\u00e9lectriques.<\/p>\n<p>&nbsp;<\/p>\n","protected":false},"featured_media":1032104,"comment_status":"open","ping_status":"closed","template":"","meta":{"_acf_changed":false},"product_brand":[],"product_cat":[235],"product_tag":[],"class_list":{"0":"post-1022171","1":"product","2":"type-product","3":"status-publish","4":"has-post-thumbnail","6":"product_cat-cibles-de-pulverisation-planaire","8":"first","9":"instock","10":"shipping-taxable","11":"product-type-variable"},"acf":[],"_links":{"self":[{"href":"https:\/\/vimaterial.de\/fr\/wp-json\/wp\/v2\/product\/1022171","targetHints":{"allow":["GET"]}}],"collection":[{"href":"https:\/\/vimaterial.de\/fr\/wp-json\/wp\/v2\/product"}],"about":[{"href":"https:\/\/vimaterial.de\/fr\/wp-json\/wp\/v2\/types\/product"}],"replies":[{"embeddable":true,"href":"https:\/\/vimaterial.de\/fr\/wp-json\/wp\/v2\/comments?post=1022171"}],"wp:featuredmedia":[{"embeddable":true,"href":"https:\/\/vimaterial.de\/fr\/wp-json\/wp\/v2\/media\/1032104"}],"wp:attachment":[{"href":"https:\/\/vimaterial.de\/fr\/wp-json\/wp\/v2\/media?parent=1022171"}],"wp:term":[{"taxonomy":"product_brand","embeddable":true,"href":"https:\/\/vimaterial.de\/fr\/wp-json\/wp\/v2\/product_brand?post=1022171"},{"taxonomy":"product_cat","embeddable":true,"href":"https:\/\/vimaterial.de\/fr\/wp-json\/wp\/v2\/product_cat?post=1022171"},{"taxonomy":"product_tag","embeddable":true,"href":"https:\/\/vimaterial.de\/fr\/wp-json\/wp\/v2\/product_tag?post=1022171"}],"curies":[{"name":"wp","href":"https:\/\/api.w.org\/{rel}","templated":true}]}}