{"id":1021577,"date":"2024-06-17T15:36:33","date_gmt":"2024-06-17T07:36:33","guid":{"rendered":"https:\/\/vimaterial.de\/product\/oxyde-dindium-zinc-etain-izto\/"},"modified":"2024-10-31T10:42:38","modified_gmt":"2024-10-31T02:42:38","slug":"oxyde-dindium-zinc-etain-izto","status":"publish","type":"product","link":"https:\/\/vimaterial.de\/fr\/product\/oxyde-dindium-zinc-etain-izto\/","title":{"rendered":"Oxyde d\u2019indium, de zinc et d\u2019\u00e9tain (IZTO)"},"content":{"rendered":"<p>Les cibles d\u2019oxyde d\u2019indium et de zinc et d\u2019\u00e9tain sont un mat\u00e9riau fonctionnel important.<\/p>\n<h3>Informations de base :<\/h3>\n<p>Composition\u00a0: Les cibles d\u2019oxyde d\u2019\u00e9tain et d\u2019indium et de zinc sont principalement compos\u00e9es d\u2019oxyde d\u2019indium (In\u2082O\u2083), d\u2019oxyde de zinc (ZnO) et d\u2019oxyde d\u2019\u00e9tain (SnO\u2082), qui sont m\u00e9lang\u00e9s dans un certain rapport de ces trois oxydes m\u00e9talliques.<\/p>\n<p>Structure : G\u00e9n\u00e9ralement avec une structure polycristalline, les caract\u00e9ristiques de la structure cristalline affectent les propri\u00e9t\u00e9s physiques et chimiques de la cible, ainsi que la qualit\u00e9 des films pr\u00e9par\u00e9s par la suite.<\/p>\n<p>Propri\u00e9t\u00e9s \u00e9lectriques : La mobilit\u00e9 \u00e9lev\u00e9e des porteurs, qui permet aux films IZTO d\u2019assurer un transport de charge rapide dans les appareils \u00e9lectroniques, est importante pour la fabrication d\u2019appareils \u00e9lectroniques haute performance tels que les transistors \u00e0 couche mince (TFT).<\/p>\n<p>Propri\u00e9t\u00e9s optiques : Transmittance \u00e9lev\u00e9e dans le domaine visible, mais aussi dans la r\u00e9gion infrarouge. Ces propri\u00e9t\u00e9s optiques rendent les cibles IZTO potentiellement pr\u00e9cieuses pour des applications dans les dispositifs optiques et les cellules solaires.<\/p>\n<h3>Domaines d\u2019application :<\/h3>\n<p>Affichage \u00e0 \u00e9cran plat : dans l\u2019affichage \u00e0 cristaux liquides (LCD), l\u2019affichage \u00e0 diodes \u00e9lectroluminescentes organiques actives (AMOLED) et l\u2019affichage flexible et d\u2019autres technologies d\u2019affichage \u00e0 \u00e9cran plat, les cibles IZTO peuvent \u00eatre utilis\u00e9es pour pr\u00e9parer la couche semi-conductrice du TFT, peuvent am\u00e9liorer les performances et la r\u00e9solution de l\u2019affichage.<\/p>\n<p>Cellules solaires\u00a0: Le film d\u2019oxyde d\u2019indium et de zinc et d\u2019\u00e9tain a une bonne conductivit\u00e9 et des propri\u00e9t\u00e9s optiques, peut \u00eatre utilis\u00e9 comme mat\u00e9riaux d\u2019\u00e9lectrode transparents pour les cellules solaires, am\u00e9liore l\u2019efficacit\u00e9 de conversion photo\u00e9lectrique des cellules solaires.<\/p>\n<p>Capteurs\u00a0: Les propri\u00e9t\u00e9s \u00e9lectriques des mat\u00e9riaux d\u2019oxyde d\u2019indium et de zinc et d\u2019\u00e9tain sont sensibles au gaz, \u00e0 la temp\u00e9rature, \u00e0 l\u2019humidit\u00e9 et \u00e0 d\u2019autres facteurs de l\u2019environnement, et peuvent \u00eatre utilis\u00e9es pour pr\u00e9parer une vari\u00e9t\u00e9 de capteurs, tels que des capteurs de gaz, des capteurs de temp\u00e9rature, etc.<\/p>\n","protected":false},"excerpt":{"rendered":"<p>Les cibles d\u2019oxyde d\u2019indium et de zinc et d\u2019\u00e9tain sont un mat\u00e9riau fonctionnel important.<\/p>\n<p>Affichage \u00e0 \u00e9cran plat : dans l\u2019affichage \u00e0 cristaux liquides (LCD), l\u2019affichage \u00e0 diodes \u00e9lectroluminescentes organiques actives (AMOLED) et l\u2019affichage flexible et d\u2019autres technologies d\u2019affichage \u00e0 \u00e9cran plat, les cibles IZTO peuvent \u00eatre utilis\u00e9es pour pr\u00e9parer la couche semi-conductrice du TFT, peuvent am\u00e9liorer les performances et la r\u00e9solution de l\u2019affichage.<\/p>\n<p>Cellules solaires\u00a0: le film IZTO a une bonne conductivit\u00e9 et des propri\u00e9t\u00e9s optiques, peut \u00eatre utilis\u00e9 comme mat\u00e9riaux d\u2019\u00e9lectrode transparents pour les cellules solaires, am\u00e9liore l\u2019efficacit\u00e9 de conversion photo\u00e9lectrique des cellules solaires.<\/p>\n","protected":false},"featured_media":1032259,"comment_status":"open","ping_status":"closed","template":"","meta":{"_acf_changed":false},"product_brand":[],"product_cat":[235],"product_tag":[],"class_list":{"0":"post-1021577","1":"product","2":"type-product","3":"status-publish","4":"has-post-thumbnail","6":"product_cat-cibles-de-pulverisation-planaire","8":"first","9":"instock","10":"shipping-taxable","11":"product-type-variable"},"acf":[],"_links":{"self":[{"href":"https:\/\/vimaterial.de\/fr\/wp-json\/wp\/v2\/product\/1021577","targetHints":{"allow":["GET"]}}],"collection":[{"href":"https:\/\/vimaterial.de\/fr\/wp-json\/wp\/v2\/product"}],"about":[{"href":"https:\/\/vimaterial.de\/fr\/wp-json\/wp\/v2\/types\/product"}],"replies":[{"embeddable":true,"href":"https:\/\/vimaterial.de\/fr\/wp-json\/wp\/v2\/comments?post=1021577"}],"wp:featuredmedia":[{"embeddable":true,"href":"https:\/\/vimaterial.de\/fr\/wp-json\/wp\/v2\/media\/1032259"}],"wp:attachment":[{"href":"https:\/\/vimaterial.de\/fr\/wp-json\/wp\/v2\/media?parent=1021577"}],"wp:term":[{"taxonomy":"product_brand","embeddable":true,"href":"https:\/\/vimaterial.de\/fr\/wp-json\/wp\/v2\/product_brand?post=1021577"},{"taxonomy":"product_cat","embeddable":true,"href":"https:\/\/vimaterial.de\/fr\/wp-json\/wp\/v2\/product_cat?post=1021577"},{"taxonomy":"product_tag","embeddable":true,"href":"https:\/\/vimaterial.de\/fr\/wp-json\/wp\/v2\/product_tag?post=1021577"}],"curies":[{"name":"wp","href":"https:\/\/api.w.org\/{rel}","templated":true}]}}