{"id":1021526,"date":"2024-06-17T15:36:33","date_gmt":"2024-06-17T07:36:33","guid":{"rendered":"https:\/\/vimaterial.de\/product\/sulfure-dindium-3\/"},"modified":"2024-10-31T10:52:21","modified_gmt":"2024-10-31T02:52:21","slug":"sulfure-dindium-3","status":"publish","type":"product","link":"https:\/\/vimaterial.de\/fr\/product\/sulfure-dindium-3\/","title":{"rendered":"Sulfure d\u2019indium"},"content":{"rendered":"<p>Les particules In\u2082S\u2083 sont un mat\u00e9riau semi-conducteur important avec une vari\u00e9t\u00e9 de propri\u00e9t\u00e9s uniques et un large \u00e9ventail d\u2019applications.<\/p>\n<h3>Propri\u00e9t\u00e9s de base :<\/h3>\n<p>Composition chimique : compos\u00e9 de deux \u00e9l\u00e9ments, l\u2019indium (In) et le soufre (S), de formule chimique In\u2082S\u2083.<\/p>\n<p>Structure cristalline : In\u2082S\u2083 a trois structures cristallines, qui sont cubiques, t\u00e9tragonales et tripartites.<\/p>\n<p>Bande passante : Avec une bande passante de 2,0 \u00e0 2,3 eV, le \u2083No\u2083 appartient aux mat\u00e9riaux semi-conducteurs \u00e0 bande passante \u00e9troite, ce qui lui conf\u00e8re une certaine capacit\u00e9 d\u2019absorption et de r\u00e9ponse dans le domaine de la lumi\u00e8re visible.<\/p>\n<p>Propri\u00e9t\u00e9s \u00e9lectriques : En tant que mat\u00e9riau semi-conducteur n-conducteur, il a une grande mobilit\u00e9 \u00e9lectronique, ce qui est important pour le transport d\u2019\u00e9lectrons et les applications de dispositifs \u00e9lectroniques connexes.<\/p>\n<h3>Domaines d\u2019application :<\/h3>\n<p>Photocatalyse : Les particules de sulfure d\u2019indium ont une certaine capacit\u00e9 d\u2019absorption de la lumi\u00e8re sous la lumi\u00e8re visible et sont capables de g\u00e9n\u00e9rer des paires \u00e9lectron-cavit\u00e9, qui peuvent \u00eatre utilis\u00e9es pour la d\u00e9gradation photocatalytique des polluants organiques, la d\u00e9composition de l\u2019eau pour produire de l\u2019hydrog\u00e8ne, etc.<\/p>\n<p>Champ de cellules solaires\u00a0: En raison de sa largeur de bande interdite appropri\u00e9e et de ses meilleures propri\u00e9t\u00e9s \u00e9lectriques, les particules de sulfure d\u2019indium peuvent \u00eatre utilis\u00e9es comme couche absorbante ou mat\u00e9riau de couche tampon des cellules solaires pour am\u00e9liorer l\u2019efficacit\u00e9 de conversion photo\u00e9lectrique des cellules solaires.<\/p>\n<p>Champ du capteur : Les particules In\u2082S\u2083 sont sensibles au gaz, \u00e0 l\u2019humidit\u00e9 et \u00e0 d\u2019autres facteurs de l\u2019environnement, et peuvent \u00eatre utilis\u00e9es pour pr\u00e9parer des capteurs de gaz, des capteurs d\u2019humidit\u00e9, etc.<\/p>\n<p>Champ des dispositifs \u00e9lectroniques : par exemple, dans les diodes \u00e9lectroluminescentes \u00e0 points quantiques, les particules In\u2082S\u2083 peuvent \u00eatre utilis\u00e9es comme mat\u00e9riaux de couche de transport d\u2019\u00e9lectrons pour am\u00e9liorer les performances de transport d\u2019\u00e9lectrons et l\u2019efficacit\u00e9 lumineuse du dispositif.<\/p>\n","protected":false},"excerpt":{"rendered":"<p>Les particules de sulfure d\u2019indium sont un mat\u00e9riau semi-conducteur important avec une vari\u00e9t\u00e9 de propri\u00e9t\u00e9s uniques et un large \u00e9ventail d\u2019applications.<\/p>\n<p>Photocatalyse : Les particules de sulfure d\u2019indium ont une certaine capacit\u00e9 d\u2019absorption de la lumi\u00e8re sous la lumi\u00e8re visible et sont capables de g\u00e9n\u00e9rer des paires \u00e9lectron-cavit\u00e9, qui peuvent \u00eatre utilis\u00e9es pour la d\u00e9gradation photocatalytique des polluants organiques, la d\u00e9composition de l\u2019eau pour produire de l\u2019hydrog\u00e8ne, etc.<\/p>\n<p>Champ de cellules solaires : En raison de sa largeur de bande interdite appropri\u00e9e et de ses meilleures propri\u00e9t\u00e9s \u00e9lectriques, les particules In\u2082S\u2083 peuvent \u00eatre utilis\u00e9es comme couche absorbante ou mat\u00e9riau de couche tampon des cellules solaires pour am\u00e9liorer l\u2019efficacit\u00e9 de conversion photo\u00e9lectrique des cellules solaires.<\/p>\n","protected":false},"featured_media":1032264,"comment_status":"open","ping_status":"closed","template":"","meta":{"_acf_changed":false},"product_brand":[],"product_cat":[236],"product_tag":[],"class_list":{"0":"post-1021526","1":"product","2":"type-product","3":"status-publish","4":"has-post-thumbnail","6":"product_cat-materiaux-devaporation","8":"first","9":"instock","10":"shipping-taxable","11":"purchasable","12":"product-type-variable"},"acf":[],"_links":{"self":[{"href":"https:\/\/vimaterial.de\/fr\/wp-json\/wp\/v2\/product\/1021526","targetHints":{"allow":["GET"]}}],"collection":[{"href":"https:\/\/vimaterial.de\/fr\/wp-json\/wp\/v2\/product"}],"about":[{"href":"https:\/\/vimaterial.de\/fr\/wp-json\/wp\/v2\/types\/product"}],"replies":[{"embeddable":true,"href":"https:\/\/vimaterial.de\/fr\/wp-json\/wp\/v2\/comments?post=1021526"}],"wp:featuredmedia":[{"embeddable":true,"href":"https:\/\/vimaterial.de\/fr\/wp-json\/wp\/v2\/media\/1032264"}],"wp:attachment":[{"href":"https:\/\/vimaterial.de\/fr\/wp-json\/wp\/v2\/media?parent=1021526"}],"wp:term":[{"taxonomy":"product_brand","embeddable":true,"href":"https:\/\/vimaterial.de\/fr\/wp-json\/wp\/v2\/product_brand?post=1021526"},{"taxonomy":"product_cat","embeddable":true,"href":"https:\/\/vimaterial.de\/fr\/wp-json\/wp\/v2\/product_cat?post=1021526"},{"taxonomy":"product_tag","embeddable":true,"href":"https:\/\/vimaterial.de\/fr\/wp-json\/wp\/v2\/product_tag?post=1021526"}],"curies":[{"name":"wp","href":"https:\/\/api.w.org\/{rel}","templated":true}]}}