{"id":1021494,"date":"2024-06-17T15:36:33","date_gmt":"2024-06-17T07:36:33","guid":{"rendered":"https:\/\/vimaterial.de\/product\/sulfure-dindium\/"},"modified":"2024-10-31T11:05:50","modified_gmt":"2024-10-31T03:05:50","slug":"sulfure-dindium","status":"publish","type":"product","link":"https:\/\/vimaterial.de\/fr\/product\/sulfure-dindium\/","title":{"rendered":"Sulfure d\u2019indium"},"content":{"rendered":"<p>La poudre de sulfure d\u2019indium est un compos\u00e9 inorganique important.<\/p>\n<h3>Propri\u00e9t\u00e9s de base :<\/h3>\n<p>Composition chimique : compos\u00e9 de deux \u00e9l\u00e9ments, l\u2019indium (In) et le soufre (S), de formule chimique In\u2082S\u2083.<\/p>\n<p>Aspect et couleur : G\u00e9n\u00e9ralement jaune ou jaune orang\u00e9. Densit\u00e9 et duret\u00e9 : La densit\u00e9 est d\u2019environ 4,9 \u00e0 5,0 g\/cm\u00b3.<\/p>\n<p>Structure cristalline : In\u2082S\u2083 a trois structures cristallines, qui sont cubiques, t\u00e9tragonales et tripartites.<\/p>\n<p>Bande passante : Avec une bande passante de 2,0 \u00e0 2,3 eV, le \u2083No\u2083 appartient aux mat\u00e9riaux semi-conducteurs \u00e0 bande passante \u00e9troite, ce qui lui conf\u00e8re une certaine capacit\u00e9 d\u2019absorption et de r\u00e9ponse dans le domaine de la lumi\u00e8re visible.<\/p>\n<p>Propri\u00e9t\u00e9s \u00e9lectriques : En tant que mat\u00e9riau semi-conducteur n-conducteur, il a une grande mobilit\u00e9 \u00e9lectronique, ce qui est important pour le transport d\u2019\u00e9lectrons et les applications de dispositifs \u00e9lectroniques connexes.<\/p>\n<h3>Domaines d\u2019application :<\/h3>\n<p>Cellules solaires : Les poudres de sulfure d\u2019indium peuvent \u00eatre utilis\u00e9es pour pr\u00e9parer des mat\u00e9riaux pour les couches tampons ou absorbantes dans les cellules solaires. En raison de sa largeur de bande interdite appropri\u00e9e et de ses bonnes propri\u00e9t\u00e9s optiques, il peut am\u00e9liorer l\u2019efficacit\u00e9 d\u2019absorption de la lumi\u00e8re du soleil par la cellule solaire, augmentant ainsi l\u2019efficacit\u00e9 de conversion photo\u00e9lectrique.<\/p>\n<p>Diode \u00e9lectroluminescente (LED) : Dans la fabrication de LED, la poudre de sulfure d\u2019indium peut \u00eatre utilis\u00e9e comme mat\u00e9riau \u00e9lectroluminescent ou mat\u00e9riau de couche de transport d\u2019\u00e9lectrons. Sur la base de ses propri\u00e9t\u00e9s optiques et \u00e9lectriques, la longueur d\u2019onde \u00e9lectroluminescente, l\u2019intensit\u00e9 et l\u2019efficacit\u00e9 des LED peuvent \u00eatre ajust\u00e9es par dopage et en optimisant le processus.<\/p>\n<p>Principe de la r\u00e9action photocatalytique : L\u2019application de la poudre In\u2082S\u2083 dans le domaine de la photocatalyse est bas\u00e9e sur sa capacit\u00e9 \u00e0 g\u00e9n\u00e9rer des paires \u00e9lectron-cavit\u00e9 sous la lumi\u00e8re. Capteurs de gaz : La poudre In\u2082S\u2083 poss\u00e8de des propri\u00e9t\u00e9s de r\u00e9ponse \u00e9lectrique et optique sensibles \u00e0 certains gaz et peut \u00eatre utilis\u00e9e pour pr\u00e9parer des capteurs de gaz.<\/p>\n","protected":false},"excerpt":{"rendered":"<p>La poudre de sulfure d\u2019indium est un compos\u00e9 inorganique important.<\/p>\n<p>Cellules solaires : Les poudres de sulfure d\u2019indium peuvent \u00eatre utilis\u00e9es pour pr\u00e9parer des mat\u00e9riaux pour les couches tampons ou absorbantes dans les cellules solaires. En raison de sa largeur de bande interdite appropri\u00e9e et de ses bonnes propri\u00e9t\u00e9s optiques, il peut am\u00e9liorer l\u2019efficacit\u00e9 d\u2019absorption de la lumi\u00e8re du soleil par la cellule solaire, augmentant ainsi l\u2019efficacit\u00e9 de conversion photo\u00e9lectrique.<\/p>\n<p>Diode \u00e9lectroluminescente (LED) : Dans la fabrication de LED, la poudre de sulfure d\u2019indium peut \u00eatre utilis\u00e9e comme mat\u00e9riau \u00e9lectroluminescent ou mat\u00e9riau de couche de transport d\u2019\u00e9lectrons. Sur la base de ses propri\u00e9t\u00e9s optiques et \u00e9lectriques, la longueur d\u2019onde \u00e9lectroluminescente, l\u2019intensit\u00e9 et l\u2019efficacit\u00e9 des LED peuvent \u00eatre ajust\u00e9es par dopage et en optimisant le processus.<\/p>\n","protected":false},"featured_media":1032269,"comment_status":"open","ping_status":"closed","template":"","meta":{"_acf_changed":false},"product_brand":[],"product_cat":[238],"product_tag":[],"class_list":{"0":"post-1021494","1":"product","2":"type-product","3":"status-publish","4":"has-post-thumbnail","6":"product_cat-materiaux-de-chalcogenure","8":"first","9":"instock","10":"shipping-taxable","11":"purchasable","12":"product-type-variable"},"acf":[],"_links":{"self":[{"href":"https:\/\/vimaterial.de\/fr\/wp-json\/wp\/v2\/product\/1021494","targetHints":{"allow":["GET"]}}],"collection":[{"href":"https:\/\/vimaterial.de\/fr\/wp-json\/wp\/v2\/product"}],"about":[{"href":"https:\/\/vimaterial.de\/fr\/wp-json\/wp\/v2\/types\/product"}],"replies":[{"embeddable":true,"href":"https:\/\/vimaterial.de\/fr\/wp-json\/wp\/v2\/comments?post=1021494"}],"wp:featuredmedia":[{"embeddable":true,"href":"https:\/\/vimaterial.de\/fr\/wp-json\/wp\/v2\/media\/1032269"}],"wp:attachment":[{"href":"https:\/\/vimaterial.de\/fr\/wp-json\/wp\/v2\/media?parent=1021494"}],"wp:term":[{"taxonomy":"product_brand","embeddable":true,"href":"https:\/\/vimaterial.de\/fr\/wp-json\/wp\/v2\/product_brand?post=1021494"},{"taxonomy":"product_cat","embeddable":true,"href":"https:\/\/vimaterial.de\/fr\/wp-json\/wp\/v2\/product_cat?post=1021494"},{"taxonomy":"product_tag","embeddable":true,"href":"https:\/\/vimaterial.de\/fr\/wp-json\/wp\/v2\/product_tag?post=1021494"}],"curies":[{"name":"wp","href":"https:\/\/api.w.org\/{rel}","templated":true}]}}