{"id":1021463,"date":"2024-06-17T15:36:34","date_gmt":"2024-06-17T07:36:34","guid":{"rendered":"https:\/\/vimaterial.de\/product\/seleniure-dindium\/"},"modified":"2024-10-31T09:23:41","modified_gmt":"2024-10-31T01:23:41","slug":"seleniure-dindium","status":"publish","type":"product","link":"https:\/\/vimaterial.de\/fr\/product\/seleniure-dindium\/","title":{"rendered":"S\u00e9l\u00e9niure d\u2019indium"},"content":{"rendered":"<p>La cible InSe est une cible de pulv\u00e9risation importante.<\/p>\n<p>Informations de base :<\/p>\n<p>Formule chimique : In\u2082Se\u2083, un compos\u00e9 compos\u00e9 de deux \u00e9l\u00e9ments, l\u2019indium (In) et le s\u00e9l\u00e9nium (Se).<br \/>\nApparence\u00a0: Appara\u00eet g\u00e9n\u00e9ralement sous la forme d\u2019un solide cristallin gris argent\u00e9.<br \/>\nPoint de fusion : environ 890\u00b0C.<br \/>\nDensit\u00e9 th\u00e9orique : 5,67 g\/cm\u00b3.<br \/>\nSolubilit\u00e9 : insoluble dans l\u2019eau.<br \/>\nHaute puret\u00e9 : les cibles InSe de haute puret\u00e9 peuvent garantir la qualit\u00e9 et les performances des films pulv\u00e9ris\u00e9s et r\u00e9duire l\u2019impact des impuret\u00e9s sur les performances du dispositif.<br \/>\nBonne cristallinit\u00e9 : Les cibles avec une bonne cristallinit\u00e9 peuvent donner au film pulv\u00e9ris\u00e9 une meilleure structure cristalline et une meilleure uniformit\u00e9, am\u00e9liorant ainsi la stabilit\u00e9 et la fiabilit\u00e9 de l\u2019appareil.<\/p>\n<p>Domaine d\u2019application :<\/p>\n<p>Domaine des semi-conducteurs\u00a0: Le s\u00e9l\u00e9niure d\u2019indium est un mat\u00e9riau semi-conducteur important, les cibles InSe peuvent \u00eatre utilis\u00e9es pour pr\u00e9parer des films minces semi-conducteurs, qui ont un large \u00e9ventail d\u2019applications dans le domaine des dispositifs \u00e9lectroniques, des dispositifs opto\u00e9lectroniques et d\u2019autres domaines.<\/p>\n<p>Champ optique : Le s\u00e9l\u00e9niure d\u2019indium peut \u00eatre utilis\u00e9 pour pr\u00e9parer des rev\u00eatements optiques, tels que des rev\u00eatements antireflets, des rev\u00eatements am\u00e9liorant la transmission, etc., afin d\u2019am\u00e9liorer les performances des dispositifs optiques.<\/p>\n<p>Champ photovolta\u00efque\u00a0: Il a un certain potentiel d\u2019application dans le domaine des cellules solaires et peut fournir une efficacit\u00e9 de conversion photo\u00e9lectrique \u00e9lev\u00e9e pour les cellules solaires.<\/p>\n<p>Recherche scientifique : couramment utilis\u00e9 dans les exp\u00e9riences de recherche scientifique comme un outil important pour \u00e9tudier les propri\u00e9t\u00e9s des mat\u00e9riaux InSe et des ph\u00e9nom\u00e8nes physiques associ\u00e9s, ce qui est d\u2019une grande importance pour l\u2019exploration de nouveaux types de mat\u00e9riaux et de dispositifs.<\/p>\n","protected":false},"excerpt":{"rendered":"<p>La cible du s\u00e9l\u00e9niure d\u2019indium est une cible importante pour la pulv\u00e9risation.<\/p>\n<p>Domaine des semi-conducteurs\u00a0: Le s\u00e9l\u00e9niure d\u2019indium est un mat\u00e9riau semi-conducteur important, les cibles InSe peuvent \u00eatre utilis\u00e9es pour pr\u00e9parer des films minces semi-conducteurs, qui ont un large \u00e9ventail d\u2019applications dans le domaine des dispositifs \u00e9lectroniques, des dispositifs opto\u00e9lectroniques et d\u2019autres domaines.<\/p>\n<p>Champ optique : Il peut \u00eatre utilis\u00e9 pour pr\u00e9parer des rev\u00eatements optiques, tels que des rev\u00eatements antireflets, des rev\u00eatements am\u00e9liorant la transmission, etc., afin d\u2019am\u00e9liorer les performances des dispositifs optiques.<\/p>\n","protected":false},"featured_media":1032279,"comment_status":"open","ping_status":"closed","template":"","meta":{"_acf_changed":false},"product_brand":[],"product_cat":[235],"product_tag":[],"class_list":{"0":"post-1021463","1":"product","2":"type-product","3":"status-publish","4":"has-post-thumbnail","6":"product_cat-cibles-de-pulverisation-planaire","8":"first","9":"instock","10":"shipping-taxable","11":"product-type-variable"},"acf":[],"_links":{"self":[{"href":"https:\/\/vimaterial.de\/fr\/wp-json\/wp\/v2\/product\/1021463","targetHints":{"allow":["GET"]}}],"collection":[{"href":"https:\/\/vimaterial.de\/fr\/wp-json\/wp\/v2\/product"}],"about":[{"href":"https:\/\/vimaterial.de\/fr\/wp-json\/wp\/v2\/types\/product"}],"replies":[{"embeddable":true,"href":"https:\/\/vimaterial.de\/fr\/wp-json\/wp\/v2\/comments?post=1021463"}],"wp:featuredmedia":[{"embeddable":true,"href":"https:\/\/vimaterial.de\/fr\/wp-json\/wp\/v2\/media\/1032279"}],"wp:attachment":[{"href":"https:\/\/vimaterial.de\/fr\/wp-json\/wp\/v2\/media?parent=1021463"}],"wp:term":[{"taxonomy":"product_brand","embeddable":true,"href":"https:\/\/vimaterial.de\/fr\/wp-json\/wp\/v2\/product_brand?post=1021463"},{"taxonomy":"product_cat","embeddable":true,"href":"https:\/\/vimaterial.de\/fr\/wp-json\/wp\/v2\/product_cat?post=1021463"},{"taxonomy":"product_tag","embeddable":true,"href":"https:\/\/vimaterial.de\/fr\/wp-json\/wp\/v2\/product_tag?post=1021463"}],"curies":[{"name":"wp","href":"https:\/\/api.w.org\/{rel}","templated":true}]}}