{"id":1021439,"date":"2024-06-17T15:36:34","date_gmt":"2024-06-17T07:36:34","guid":{"rendered":"https:\/\/vimaterial.de\/product\/tellurure-dindium-2\/"},"modified":"2024-10-31T10:05:54","modified_gmt":"2024-10-31T02:05:54","slug":"tellurure-dindium-2","status":"publish","type":"product","link":"https:\/\/vimaterial.de\/fr\/product\/tellurure-dindium-2\/","title":{"rendered":"Tellurure d\u2019indium"},"content":{"rendered":"<p>La poudre de telluride d\u2019indium est une poudre compos\u00e9e d\u2019indium (In) et de tellure (Te).<\/p>\n<h3>Propri\u00e9t\u00e9s de base<\/h3>\n<p>Apparence\u00a0: Les poudres InTe sont g\u00e9n\u00e9ralement de couleur grise ou noire.<\/p>\n<p>Densit\u00e9 : La densit\u00e9 th\u00e9orique de l\u2019InTe est d\u2019environ 6,24 g\/cm\u00b3.<\/p>\n<p>Point de fusion : InTe a un point de fusion d\u2019environ 790 \u00e0 800 \u00b0C.<\/p>\n<p>Conductivit\u00e9 thermique : InTe a une conductivit\u00e9 thermique relativement faible, une propri\u00e9t\u00e9 qui le rend potentiellement pr\u00e9cieux dans les applications o\u00f9 une isolation thermique ou un flux de chaleur contr\u00f4l\u00e9 est requis.<\/p>\n<p>Propri\u00e9t\u00e9s \u00e9lectriques : L\u2019InTe est un mat\u00e9riau semi-conducteur et ses propri\u00e9t\u00e9s \u00e9lectriques sont affect\u00e9es par un certain nombre de facteurs.<\/p>\n<h3>Domaines d\u2019application<\/h3>\n<p>Dispositifs \u00e0 semi-conducteurs : En tant que mat\u00e9riau semi-conducteur, le telluride d\u2019indium est utilis\u00e9 dans la fabrication d\u2019une vari\u00e9t\u00e9 de dispositifs \u00e9lectroniques tels que les transistors, les transistors \u00e0 effet de champ (FET) et les circuits int\u00e9gr\u00e9s.<\/p>\n<p>Opto\u00e9lectronique : Sur la base de ses propri\u00e9t\u00e9s optiques, le telluride d\u2019indium peut \u00eatre utilis\u00e9 pour fabriquer des dispositifs opto\u00e9lectroniques tels que des photod\u00e9tecteurs, des diodes \u00e9lectroluminescentes (LED) et des diodes laser.<\/p>\n<p>Thermo\u00e9lectrique : Les propri\u00e9t\u00e9s semi-conductrices et thermiques de l\u2019InTe en font l\u2019un des candidats pour les mat\u00e9riaux thermo\u00e9lectriques. Les mat\u00e9riaux thermo\u00e9lectriques permettent une conversion directe entre l\u2019\u00e9nergie thermique et l\u2019\u00e9nergie \u00e9lectrique.<\/p>\n<p>Catalyseurs : Les poudres InTe peuvent \u00eatre utilis\u00e9es comme catalyseurs ou transporteurs de catalyseurs dans certaines r\u00e9actions chimiques. Rev\u00eatements fonctionnels : Les poudres InTe peuvent \u00eatre utilis\u00e9es pour la pr\u00e9paration de rev\u00eatements fonctionnels, tels que des rev\u00eatements thermiques ou antioxydants sur des surfaces m\u00e9talliques.<\/p>\n","protected":false},"excerpt":{"rendered":"<p>La poudre de telluride d\u2019indium est une poudre compos\u00e9e d\u2019indium (In) et de tellure (Te).<\/p>\n<p>Dispositifs \u00e0 semi-conducteurs : En tant que mat\u00e9riau semi-conducteur, le telluride d\u2019indium est utilis\u00e9 dans la fabrication d\u2019une vari\u00e9t\u00e9 de dispositifs \u00e9lectroniques tels que les transistors, les transistors \u00e0 effet de champ (FET) et les circuits int\u00e9gr\u00e9s.<\/p>\n<p>Opto\u00e9lectronique : Sur la base de ses propri\u00e9t\u00e9s optiques, InTe peut \u00eatre utilis\u00e9 pour fabriquer des dispositifs opto\u00e9lectroniques tels que des photod\u00e9tecteurs, des diodes \u00e9lectroluminescentes (LED) et des diodes laser.<\/p>\n","protected":false},"featured_media":1032294,"comment_status":"open","ping_status":"closed","template":"","meta":{"_acf_changed":false},"product_brand":[],"product_cat":[238],"product_tag":[],"class_list":{"0":"post-1021439","1":"product","2":"type-product","3":"status-publish","4":"has-post-thumbnail","6":"product_cat-materiaux-de-chalcogenure","8":"first","9":"instock","10":"shipping-taxable","11":"product-type-variable"},"acf":[],"_links":{"self":[{"href":"https:\/\/vimaterial.de\/fr\/wp-json\/wp\/v2\/product\/1021439","targetHints":{"allow":["GET"]}}],"collection":[{"href":"https:\/\/vimaterial.de\/fr\/wp-json\/wp\/v2\/product"}],"about":[{"href":"https:\/\/vimaterial.de\/fr\/wp-json\/wp\/v2\/types\/product"}],"replies":[{"embeddable":true,"href":"https:\/\/vimaterial.de\/fr\/wp-json\/wp\/v2\/comments?post=1021439"}],"wp:featuredmedia":[{"embeddable":true,"href":"https:\/\/vimaterial.de\/fr\/wp-json\/wp\/v2\/media\/1032294"}],"wp:attachment":[{"href":"https:\/\/vimaterial.de\/fr\/wp-json\/wp\/v2\/media?parent=1021439"}],"wp:term":[{"taxonomy":"product_brand","embeddable":true,"href":"https:\/\/vimaterial.de\/fr\/wp-json\/wp\/v2\/product_brand?post=1021439"},{"taxonomy":"product_cat","embeddable":true,"href":"https:\/\/vimaterial.de\/fr\/wp-json\/wp\/v2\/product_cat?post=1021439"},{"taxonomy":"product_tag","embeddable":true,"href":"https:\/\/vimaterial.de\/fr\/wp-json\/wp\/v2\/product_tag?post=1021439"}],"curies":[{"name":"wp","href":"https:\/\/api.w.org\/{rel}","templated":true}]}}