{"id":1021435,"date":"2024-06-17T15:36:34","date_gmt":"2024-06-17T07:36:34","guid":{"rendered":"https:\/\/vimaterial.de\/product\/tellurure-dindium\/"},"modified":"2024-10-31T09:37:36","modified_gmt":"2024-10-31T01:37:36","slug":"tellurure-dindium","status":"publish","type":"product","link":"https:\/\/vimaterial.de\/fr\/product\/tellurure-dindium\/","title":{"rendered":"Tellurure d\u2019indium"},"content":{"rendered":"<p>Les particules InTe sont des particules compos\u00e9es d\u2019indium (In) et de tellure (Te).<\/p>\n<h3>Propri\u00e9t\u00e9s de base<\/h3>\n<p>Propri\u00e9t\u00e9s structurelles : Il a une structure cristalline en couches, une caract\u00e9ristique structurelle qui lui fait pr\u00e9senter une anisotropie marqu\u00e9e dans certaines propri\u00e9t\u00e9s physiques et chimiques.<\/p>\n<p>Propri\u00e9t\u00e9s \u00e9lectriques : L\u2019InTe est un mat\u00e9riau semi-conducteur dont les propri\u00e9t\u00e9s \u00e9lectriques peuvent \u00eatre ajust\u00e9es en modifiant les conditions externes (par exemple, la temp\u00e9rature, la pression, le dopage, etc.).<\/p>\n<p>Propri\u00e9t\u00e9s optiques : En termes d\u2019optique, les propri\u00e9t\u00e9s d\u2019absorption et de r\u00e9flexion d\u2019InTe sont \u00e9troitement li\u00e9es \u00e0 la longueur d\u2019onde de la lumi\u00e8re. Il a une certaine capacit\u00e9 d\u2019absorption et d\u2019\u00e9mission dans la bande des longueurs d\u2019onde infrarouges, ce qui le rend potentiellement applicable dans le domaine des dispositifs opto\u00e9lectroniques infrarouges.<\/p>\n<p>Propri\u00e9t\u00e9s thermiques : La conductivit\u00e9 thermique relativement faible d\u2019InTe signifie qu\u2019il peut avoir des applications sp\u00e9ciales dans la gestion thermique.<\/p>\n<h3>Domaines d\u2019application<\/h3>\n<p>\u00c9lectronique\u00a0: Le telluride d\u2019indium peut \u00eatre utilis\u00e9 comme mat\u00e9riau semi-conducteur dans les appareils \u00e9lectroniques, utilis\u00e9 dans la fabrication de transistors, de diodes et d\u2019autres composants \u00e9lectroniques de base.<\/p>\n<p>Dispositifs opto\u00e9lectroniques : Sur la base de ses propri\u00e9t\u00e9s optiques, le telluride d\u2019indium peut \u00eatre utilis\u00e9 pour fabriquer des dispositifs opto\u00e9lectroniques tels que des d\u00e9tecteurs infrarouges, des diodes \u00e9lectroluminescentes (LED) et des diodes laser.<\/p>\n<p>Champ thermo\u00e9lectrique : Les propri\u00e9t\u00e9s semi-conductrices et thermiques de l\u2019InTe en font un mat\u00e9riau thermo\u00e9lectrique potentiel. Les mat\u00e9riaux thermo\u00e9lectriques peuvent r\u00e9aliser une conversion directe entre la chaleur et l\u2019\u00e9lectricit\u00e9, et ont des applications importantes dans des domaines tels que la r\u00e9cup\u00e9ration de chaleur r\u00e9siduelle, la production d\u2019\u00e9nergie par diff\u00e9rence de temp\u00e9rature et la r\u00e9frig\u00e9ration.<\/p>\n","protected":false},"excerpt":{"rendered":"<p>Les particules de tellurure d\u2019indium sont des particules compos\u00e9es d\u2019indium (In) et de tellure (Te).<\/p>\n<p>\u00c9lectronique\u00a0: Le telluride d\u2019indium peut \u00eatre utilis\u00e9 comme mat\u00e9riau semi-conducteur dans les appareils \u00e9lectroniques, utilis\u00e9 dans la fabrication de transistors, de diodes et d\u2019autres composants \u00e9lectroniques de base.<\/p>\n<p>Dispositifs opto\u00e9lectroniques : Sur la base de ses propri\u00e9t\u00e9s optiques, le telluride d\u2019indium peut \u00eatre utilis\u00e9 pour fabriquer des dispositifs opto\u00e9lectroniques tels que des d\u00e9tecteurs infrarouges, des diodes \u00e9lectroluminescentes (LED) et des diodes laser.<\/p>\n<p>&nbsp;<\/p>\n","protected":false},"featured_media":1032289,"comment_status":"open","ping_status":"closed","template":"","meta":{"_acf_changed":false},"product_brand":[],"product_cat":[236],"product_tag":[],"class_list":{"0":"post-1021435","1":"product","2":"type-product","3":"status-publish","4":"has-post-thumbnail","6":"product_cat-materiaux-devaporation","8":"first","9":"instock","10":"shipping-taxable","11":"product-type-variable"},"acf":[],"_links":{"self":[{"href":"https:\/\/vimaterial.de\/fr\/wp-json\/wp\/v2\/product\/1021435","targetHints":{"allow":["GET"]}}],"collection":[{"href":"https:\/\/vimaterial.de\/fr\/wp-json\/wp\/v2\/product"}],"about":[{"href":"https:\/\/vimaterial.de\/fr\/wp-json\/wp\/v2\/types\/product"}],"replies":[{"embeddable":true,"href":"https:\/\/vimaterial.de\/fr\/wp-json\/wp\/v2\/comments?post=1021435"}],"wp:featuredmedia":[{"embeddable":true,"href":"https:\/\/vimaterial.de\/fr\/wp-json\/wp\/v2\/media\/1032289"}],"wp:attachment":[{"href":"https:\/\/vimaterial.de\/fr\/wp-json\/wp\/v2\/media?parent=1021435"}],"wp:term":[{"taxonomy":"product_brand","embeddable":true,"href":"https:\/\/vimaterial.de\/fr\/wp-json\/wp\/v2\/product_brand?post=1021435"},{"taxonomy":"product_cat","embeddable":true,"href":"https:\/\/vimaterial.de\/fr\/wp-json\/wp\/v2\/product_cat?post=1021435"},{"taxonomy":"product_tag","embeddable":true,"href":"https:\/\/vimaterial.de\/fr\/wp-json\/wp\/v2\/product_tag?post=1021435"}],"curies":[{"name":"wp","href":"https:\/\/api.w.org\/{rel}","templated":true}]}}