{"id":1021382,"date":"2024-06-17T15:36:35","date_gmt":"2024-06-17T07:36:35","guid":{"rendered":"https:\/\/vimaterial.de\/product\/chlorure-dindium\/"},"modified":"2024-09-04T16:10:55","modified_gmt":"2024-09-04T08:10:55","slug":"chlorure-dindium","status":"publish","type":"product","link":"https:\/\/vimaterial.de\/fr\/product\/chlorure-dindium\/","title":{"rendered":"Chlorure d\u2019indium"},"content":{"rendered":"<p>Le chlorure d\u2019indium (InCl\u2083) est un compos\u00e9 chimique compos\u00e9 d\u2019indium et de chlore.On le trouve le plus souvent sous forme de poudre et a plusieurs applications importantes dans l\u2019industrie et la recherche.<\/p>\n<p>Caract\u00e9ristiques :<\/p>\n<p>Chimique Formule : InCl\u2083<\/p>\n<p>Masse molaire : 221,18 g\/mol<\/p>\n<p>Apparence : Poudre cristalline blanche \u00e0 jaune p\u00e2le<\/p>\n<p>Solubilit\u00e9 : Soluble dans l\u2019eau, l\u2019\u00e9thanol et l\u2019ac\u00e9tone<\/p>\n<p>Point de fusion : ~586 \u00b0C (pour la forme anhydre)<\/p>\n<p>Nature hygroscopique : Absorbe l\u2019humidit\u00e9 de l\u2019air, elle doit donc \u00eatre stock\u00e9e dans des r\u00e9cipients herm\u00e9tiques.<\/p>\n<p>Applications:<\/p>\n<p>1. Catalyse\u00a0: Synth\u00e8se organique\u00a0: Le chlorure d\u2019indium est largement utilis\u00e9 comme catalyseur acide de Lewis dans les r\u00e9actions organiques, telles que l\u2019alkylation et l\u2019acylation de Friedel-Crafts.<br \/>\nPolym\u00e9risation : Il agit comme un catalyseur dans certains proc\u00e9d\u00e9s de polym\u00e9risation.<br \/>\n2. Science des mat\u00e9riaux : Synth\u00e8se de nanoparticules : Utilis\u00e9 dans la production de nanoparticules \u00e0 base d\u2019indium, qui sont cruciales en \u00e9lectronique et en opto\u00e9lectronique.<br \/>\nPr\u00e9curseur des compos\u00e9s d\u2019indium : Sert de mat\u00e9riau de d\u00e9part pour la production d\u2019autres compos\u00e9s d\u2019indium, en particulier dans l\u2019industrie des semi-conducteurs.<br \/>\n3. Industrie textile\u00a0: Mordant\u00a0: Il est utilis\u00e9 comme mordant dans la teinture des textiles, aidant les colorants \u00e0 se lier aux tissus.<br \/>\n4. \u00c9lectronique\u00a0: Couches minces\u00a0: Le chlorure d\u2019indium est utilis\u00e9 dans la production d\u2019oxyde d\u2019indium et d\u2019\u00e9tain (ITO), un mat\u00e9riau utilis\u00e9 dans les rev\u00eatements conducteurs transparents pour les \u00e9crans et autres appareils \u00e9lectroniques.<br \/>\nCe compos\u00e9 est un mat\u00e9riau essentiel dans diverses applications technologiques et industrielles, en particulier dans les domaines de la chimie, de la science des mat\u00e9riaux et de l\u2019\u00e9lectronique.<\/p>\n","protected":false},"excerpt":{"rendered":"<p>Le chlorure d\u2019indium (InCl\u2083) est un compos\u00e9 chimique compos\u00e9 d\u2019indium et de chlore.On le trouve le plus souvent sous forme de poudre et a plusieurs applications importantes dans l\u2019industrie et la recherche.<\/p>\n<p>Caract\u00e9ristiques :<\/p>\n<p>Chimique Formule : InCl\u2083<\/p>\n<p>Masse molaire : 221,18 g\/mol<\/p>\n<p>Apparence : Poudre cristalline blanche \u00e0 jaune p\u00e2le<\/p>\n<p>Solubilit\u00e9 : Soluble dans l\u2019eau, l\u2019\u00e9thanol et l\u2019ac\u00e9tone<\/p>\n<p>Point de fusion : ~586 \u00b0C (pour la forme anhydre)<\/p>\n<p>Nature hygroscopique : Absorbe l\u2019humidit\u00e9 de l\u2019air, elle doit donc \u00eatre stock\u00e9e dans des r\u00e9cipients herm\u00e9tiques.<\/p>\n<p>Applications:<\/p>\n<p>1. Catalyse\u00a0: Synth\u00e8se organique\u00a0: Le chlorure d\u2019indium est largement utilis\u00e9 comme catalyseur acide de Lewis dans les r\u00e9actions organiques, telles que l\u2019alkylation et l\u2019acylation de Friedel-Crafts.<br \/>\nPolym\u00e9risation : Il agit comme un catalyseur dans certains proc\u00e9d\u00e9s de polym\u00e9risation.<br \/>\n2. Science des mat\u00e9riaux : Synth\u00e8se de nanoparticules : Utilis\u00e9 dans la production de nanoparticules \u00e0 base d\u2019indium, qui sont cruciales en \u00e9lectronique et en opto\u00e9lectronique.<br \/>\nPr\u00e9curseur des compos\u00e9s d\u2019indium : Sert de mat\u00e9riau de d\u00e9part pour la production d\u2019autres compos\u00e9s d\u2019indium, en particulier dans l\u2019industrie des semi-conducteurs.<br \/>\n3. Industrie textile\u00a0: Mordant\u00a0: Il est utilis\u00e9 comme mordant dans la teinture des textiles, aidant les colorants \u00e0 se lier aux tissus.<br \/>\n4. \u00c9lectronique\u00a0: Couches minces\u00a0: Le chlorure d\u2019indium est utilis\u00e9 dans la production d\u2019oxyde d\u2019indium et d\u2019\u00e9tain (ITO), un mat\u00e9riau utilis\u00e9 dans les rev\u00eatements conducteurs transparents pour les \u00e9crans et autres appareils \u00e9lectroniques.<br \/>\nCe compos\u00e9 est un mat\u00e9riau essentiel dans diverses applications technologiques et industrielles, en particulier dans les domaines de la chimie, de la science des mat\u00e9riaux et de l\u2019\u00e9lectronique.<\/p>\n","protected":false},"featured_media":1032314,"comment_status":"open","ping_status":"closed","template":"","meta":{"_acf_changed":false},"product_brand":[],"product_cat":[239],"product_tag":[],"class_list":{"0":"post-1021382","1":"product","2":"type-product","3":"status-publish","4":"has-post-thumbnail","6":"product_cat-materiaux-halogenes","8":"first","9":"instock","10":"shipping-taxable","11":"purchasable","12":"product-type-variable"},"acf":[],"_links":{"self":[{"href":"https:\/\/vimaterial.de\/fr\/wp-json\/wp\/v2\/product\/1021382","targetHints":{"allow":["GET"]}}],"collection":[{"href":"https:\/\/vimaterial.de\/fr\/wp-json\/wp\/v2\/product"}],"about":[{"href":"https:\/\/vimaterial.de\/fr\/wp-json\/wp\/v2\/types\/product"}],"replies":[{"embeddable":true,"href":"https:\/\/vimaterial.de\/fr\/wp-json\/wp\/v2\/comments?post=1021382"}],"wp:featuredmedia":[{"embeddable":true,"href":"https:\/\/vimaterial.de\/fr\/wp-json\/wp\/v2\/media\/1032314"}],"wp:attachment":[{"href":"https:\/\/vimaterial.de\/fr\/wp-json\/wp\/v2\/media?parent=1021382"}],"wp:term":[{"taxonomy":"product_brand","embeddable":true,"href":"https:\/\/vimaterial.de\/fr\/wp-json\/wp\/v2\/product_brand?post=1021382"},{"taxonomy":"product_cat","embeddable":true,"href":"https:\/\/vimaterial.de\/fr\/wp-json\/wp\/v2\/product_cat?post=1021382"},{"taxonomy":"product_tag","embeddable":true,"href":"https:\/\/vimaterial.de\/fr\/wp-json\/wp\/v2\/product_tag?post=1021382"}],"curies":[{"name":"wp","href":"https:\/\/api.w.org\/{rel}","templated":true}]}}