{"id":1021206,"date":"2024-06-17T15:36:36","date_gmt":"2024-06-17T07:36:36","guid":{"rendered":"https:\/\/vimaterial.de\/product\/phosphure-dindium-2\/"},"modified":"2025-01-07T14:00:04","modified_gmt":"2025-01-07T06:00:04","slug":"phosphure-dindium-2","status":"publish","type":"product","link":"https:\/\/vimaterial.de\/fr\/product\/phosphure-dindium-2\/","title":{"rendered":"Phosphure d\u2019indium"},"content":{"rendered":"<p>Les cibles de pulv\u00e9risation au phosphure d\u2019indium sont des mat\u00e9riaux solides de haute puret\u00e9 en blocs de phosphure d\u2019indium, qui sont utilis\u00e9s pour d\u00e9poser des films minces de haute qualit\u00e9 dans le domaine des semi-conducteurs et ont d\u2019excellentes propri\u00e9t\u00e9s \u00e9lectriques et optiques. VIMATERIAL est sp\u00e9cialis\u00e9 dans la production de divers produits \u00e0 base d\u2019indium. Prend en charge le traitement des mat\u00e9riaux entrants et dispose d\u2019un stock toute l\u2019ann\u00e9e.<\/p>\n<h2><span style=\"font-size: 14pt;\">Propri\u00e9t\u00e9s<\/span><\/h2>\n<p>Apparence&nbsp;: Gris argent\u00e9 solide \u00e0 temp\u00e9rature ambiante, le monocristal est un cristal cubique noir. Densit\u00e9 : 4,81 g\/cm\u00b3 Point de fusion : 1062 \u00b0C (1944 \u00b0F ; 1335 K) Constante du r\u00e9seau : a = 5,8687 \u00c5 Indice de r\u00e9fraction : 3,1 dans l\u2019infrarouge ; 3,55 \u00e0 632,8 nm. Duret\u00e9 : Le phosphure d\u2019indium a une duret\u00e9 d\u2019environ 4100 N\/mm\u00b2, mesur\u00e9e sur l\u2019\u00e9chelle de Knoop. Propri\u00e9t\u00e9s chimiques : Tr\u00e8s l\u00e9g\u00e8rement soluble dans les acides inorganiques, l\u2019hydrolyse produit de la phosphine.<\/p>\n<h2><span style=\"font-size: 14pt;\">Quelle est l\u2019application de la cible de pulv\u00e9risation de phosphure d\u2019indium ?<\/span><\/h2>\n<p>La cible d\u2019aputtering au phosphure d\u2019indium a un large \u00e9ventail d\u2019applications dans les mat\u00e9riaux semi-conducteurs. Il peut \u00eatre utilis\u00e9 pour fabriquer des appareils \u00e9lectroniques \u00e0 grande vitesse, des appareils opto\u00e9lectroniques, des appareils \u00e0 micro-ondes, etc. En particulier, dans la technologie de communication par fibre optique, la cible de pulv\u00e9risation de phosphure d\u2019indium est un mat\u00e9riau important. La technologie de communication par fibre optique est une partie importante de la technologie de communication moderne, et le phosphure d\u2019indium est une partie importante de la technologie de communication par fibre optique. La cible de pulv\u00e9risation de phosphure d\u2019indium peut \u00eatre utilis\u00e9e pour fabriquer des dispositifs opto\u00e9lectroniques tels que des modulateurs photo\u00e9lectriques, des lasers et des d\u00e9tecteurs, qui jouent un r\u00f4le essentiel dans la technologie de communication par fibre optique.    <\/p>\n<h2><span style=\"font-size: 14pt;\">Quels sont les avantages du phosphure d\u2019indium (InP) par rapport \u00e0 l\u2019ars\u00e9niure de gallium (GaAs) ?<\/span><\/h2>\n<p>(1) Le phosphure d\u2019indium pr\u00e9sente les avantages d\u2019une vitesse de d\u00e9rive de pic d\u2019\u00e9lectrons \u00e9lev\u00e9e, d\u2019une largeur de bande interdite \u00e9lev\u00e9e et d\u2019une conductivit\u00e9 thermique \u00e9lev\u00e9e. La bande interdite de transition directe d\u2019InP est de 1,34 eV, ce qui correspond \u00e0 la bande avec la plus faible perte de transmission dans la communication optique ; la conductivit\u00e9 thermique est sup\u00e9rieure \u00e0 celle du GaAs et les performances de dissipation thermique sont meilleures&nbsp;; (2) Le phosphure d\u2019indium pr\u00e9sente plus d\u2019avantages que le GaAs dans la fabrication de dispositifs. Le rapport courant-cr\u00eate\/vall\u00e9e \u00e9lev\u00e9 des dispositifs InP d\u00e9termine l\u2019efficacit\u00e9 de conversion \u00e9lev\u00e9e du dispositif ; la constante de temps d\u2019\u00e9nergie inertielle de l\u2019InP est la moiti\u00e9 de celle du GaAs, et la limite de l\u2019efficacit\u00e9 de travail est le double de celle des dispositifs GaAs ; Les dispositifs InP ont de meilleures caract\u00e9ristiques de bruit&nbsp;; (3) Le phosphure d\u2019indium (InP) en tant que mat\u00e9riau de substrat a les principales applications suivantes. Les dispositifs opto\u00e9lectroniques, y compris les sources lumineuses (LED) et les d\u00e9tecteurs (photod\u00e9tecteurs d\u2019avalanche APD), sont principalement utilis\u00e9s dans les syst\u00e8mes de communication par fibre optique ; lasers int\u00e9gr\u00e9s, d\u00e9tecteurs et amplificateurs optiques, etc., sont des circuits int\u00e9gr\u00e9s opto\u00e9lectroniques et sont des composants essentiels de la nouvelle g\u00e9n\u00e9ration de syst\u00e8mes de communication 40Gb\/s. <\/p>\n<h2><span style=\"font-size: 14pt;\">Contr\u00f4le qualit\u00e9<\/span><\/h2>\n<p>Nos produits mettent en \u0153uvre le syst\u00e8me de gestion de la qualit\u00e9 le plus strict. Il existe des normes d\u2019inspection strictes pour les mat\u00e9riaux entrants, les processus, les inspections finales et les inspections d\u2019usine. Des mesures d\u2019isolement strictes seront adopt\u00e9es pour le traitement non qualifi\u00e9 afin d\u2019\u00e9viter que les produits non qualifi\u00e9s ne passent au processus suivant. Des \u00e9chantillons seront fournis aux clients selon les exigences du client pour la r\u00e9inspection.   <\/p>\n<h2><span style=\"font-size: 14pt;\">Emballage et stockage<\/span><\/h2>\n<p>La partie int\u00e9rieure est envelopp\u00e9e de mat\u00e9riaux souples et emball\u00e9e sous vide, et la partie ext\u00e9rieure est emball\u00e9e dans une bo\u00eete en carton\/bois. La cible de pulv\u00e9risation au phosphure d\u2019indium doit \u00eatre stock\u00e9e dans un environnement sec et ventil\u00e9, \u00e9viter la lumi\u00e8re directe du soleil et rester \u00e0 l\u2019\u00e9cart des substances corrosives telles que les acides et les alcalis. Si l\u2019humidit\u00e9 de l\u2019environnement de stockage est \u00e9lev\u00e9e, un d\u00e9shydratant peut \u00eatre plac\u00e9 dans le r\u00e9cipient de stockage.<\/p>\n","protected":false},"excerpt":{"rendered":"<p>Les cibles de pulv\u00e9risation au phosphure d\u2019indium sont des mat\u00e9riaux solides de haute puret\u00e9 en blocs de phosphure d\u2019indium, qui sont utilis\u00e9s pour d\u00e9poser des films minces de haute qualit\u00e9 dans le domaine des semi-conducteurs et ont d\u2019excellentes propri\u00e9t\u00e9s \u00e9lectriques et optiques. VIMATERIAL est sp\u00e9cialis\u00e9 dans la production de divers produits \u00e0 base d\u2019indium. Prend [&hellip;]<\/p>\n","protected":false},"featured_media":1032344,"comment_status":"open","ping_status":"closed","template":"","meta":{"_acf_changed":false},"product_brand":[],"product_cat":[235],"product_tag":[],"class_list":{"0":"post-1021206","1":"product","2":"type-product","3":"status-publish","4":"has-post-thumbnail","6":"product_cat-cibles-de-pulverisation-planaire","8":"first","9":"instock","10":"shipping-taxable","11":"product-type-variable"},"acf":[],"_links":{"self":[{"href":"https:\/\/vimaterial.de\/fr\/wp-json\/wp\/v2\/product\/1021206","targetHints":{"allow":["GET"]}}],"collection":[{"href":"https:\/\/vimaterial.de\/fr\/wp-json\/wp\/v2\/product"}],"about":[{"href":"https:\/\/vimaterial.de\/fr\/wp-json\/wp\/v2\/types\/product"}],"replies":[{"embeddable":true,"href":"https:\/\/vimaterial.de\/fr\/wp-json\/wp\/v2\/comments?post=1021206"}],"wp:featuredmedia":[{"embeddable":true,"href":"https:\/\/vimaterial.de\/fr\/wp-json\/wp\/v2\/media\/1032344"}],"wp:attachment":[{"href":"https:\/\/vimaterial.de\/fr\/wp-json\/wp\/v2\/media?parent=1021206"}],"wp:term":[{"taxonomy":"product_brand","embeddable":true,"href":"https:\/\/vimaterial.de\/fr\/wp-json\/wp\/v2\/product_brand?post=1021206"},{"taxonomy":"product_cat","embeddable":true,"href":"https:\/\/vimaterial.de\/fr\/wp-json\/wp\/v2\/product_cat?post=1021206"},{"taxonomy":"product_tag","embeddable":true,"href":"https:\/\/vimaterial.de\/fr\/wp-json\/wp\/v2\/product_tag?post=1021206"}],"curies":[{"name":"wp","href":"https:\/\/api.w.org\/{rel}","templated":true}]}}