{"id":1020727,"date":"2024-06-17T15:29:39","date_gmt":"2024-06-17T07:29:39","guid":{"rendered":"https:\/\/vimaterial.de\/product\/sulfure-de-molybdene\/"},"modified":"2024-09-26T17:07:19","modified_gmt":"2024-09-26T09:07:19","slug":"sulfure-de-molybdene","status":"publish","type":"product","link":"https:\/\/vimaterial.de\/fr\/product\/sulfure-de-molybdene\/","title":{"rendered":"Sulfure de molybd\u00e8ne"},"content":{"rendered":"<p>La poudre de sulfure de molybd\u00e8ne (MoS\u2082) est un mat\u00e9riau bien connu, principalement utilis\u00e9 pour ses excellentes propri\u00e9t\u00e9s lubrifiantes, et est de plus en plus important dans les applications \u00e9lectroniques et \u00e9nerg\u00e9tiques. En tant que membre des dichalcog\u00e9nures de m\u00e9taux de transition (TMD), le MoS\u2082 a une structure en couches, ce qui le rend id\u00e9al pour les applications n\u00e9cessitant une lubrification ainsi que pour les mat\u00e9riaux avanc\u00e9s comme les semi-conducteurs et les catalyseurs.<\/p>\n<p>Propri\u00e9t\u00e9s<\/p>\n<p>cl\u00e9s Formule chimique : MoS\u2082<br \/>\nPoids mol\u00e9culaire : ~160,07 g\/mol<br \/>\nApparence : Poudre gris fonc\u00e9 ou noire<br \/>\nStructure cristalline : Hexagonale stratifi\u00e9e (similaire au graphite)<br \/>\nDensit\u00e9 : ~5,06 g\/cm\u00b3<br \/>\nPoint de fusion : 1185\u00b0C<br \/>\nSolubilit\u00e9 : Insoluble dans l\u2019eau, mais stable dans l\u2019air et non r\u00e9actif avec la plupart des produits chimiques<br \/>\nStabilit\u00e9 thermique : Stable jusqu\u2019\u00e0 ~1100\u00b0C dans des atmosph\u00e8res inertes Caract\u00e9ristiques notables Structure en couches : Semblable au graph\u00e8ne, le MoS\u2082 a une structure en couches avec de faibles forces de van der Waals entre les couches, ce qui permet une exfoliation facile en feuilles minces, ce qui est essentiel pour son utilisation dans les mat\u00e9riaux 2D.<br \/>\nComportement semi-conducteur : Le MoS\u2082 pr\u00e9sente une bande interdite semi-conductrice (~1,2 eV en vrac, ~1,8 eV en monocouches), ce qui le rend adapt\u00e9 \u00e0 l\u2019\u00e9lectronique.<br \/>\nPropri\u00e9t\u00e9s lubrifiantes : La structure en couches permet son utilisation comme lubrifiant solide, r\u00e9duisant la friction et l\u2019usure dans les syst\u00e8mes m\u00e9caniques.<br \/>\nApplications\u00a0: Lubrifiants solides\u00a0: La poudre de sulfure de molybd\u00e8ne est largement utilis\u00e9e comme lubrifiant sec dans l\u2019a\u00e9rospatiale, l\u2019automobile et les machines industrielles. Sa structure en couches permet un glissement facile entre les feuilles, r\u00e9duisant ainsi la friction et l\u2019usure, en particulier dans les environnements \u00e0 haute temp\u00e9rature et sous vide.<br \/>\n\u00c9lectronique et opto\u00e9lectronique : MoS\u2082 est \u00e0 l\u2019\u00e9tude pour une utilisation dans l\u2019\u00e9lectronique flexible et bidimensionnelle (2D), y compris les transistors \u00e0 effet de champ (FET) et les photod\u00e9tecteurs.<br \/>\nSes propri\u00e9t\u00e9s semi-conductrices le rendent adapt\u00e9 \u00e0 la cr\u00e9ation de dispositifs \u00e9lectroniques et de capteurs ultra-minces.<br \/>\nCatalyse\u00a0: Le sulfure de molybd\u00e8ne est utilis\u00e9 dans les catalyseurs d\u2019hydrod\u00e9sulfuration (HDS) pour \u00e9liminer le soufre du p\u00e9trole brut pendant le raffinage. Il est \u00e9galement recherch\u00e9 pour catalyser les r\u00e9actions d\u2019\u00e9volution de l\u2019hydrog\u00e8ne (HER) dans les processus de s\u00e9paration de l\u2019eau pour des applications d\u2019\u00e9nergie propre.<br \/>\nStockage d\u2019\u00e9nergie : Le sulfure de molybd\u00e8ne est \u00e9tudi\u00e9 comme mat\u00e9riau d\u2019anode dans les batteries lithium-ion (LIB) et les supercondensateurs en raison de sa capacit\u00e9 \u00e0 intercaler des ions lithium entre les couches, ce qui permet d\u2019obtenir une capacit\u00e9 de stockage \u00e9lev\u00e9e.<br \/>\nRev\u00eatements\u00a0: La poudre de sulfure de molybd\u00e8ne peut \u00eatre utilis\u00e9e dans les rev\u00eatements d\u2019outils et de machines pour r\u00e9duire la friction et am\u00e9liorer la r\u00e9sistance \u00e0 l\u2019usure. Ces rev\u00eatements sont particuli\u00e8rement utiles dans les environnements difficiles tels que le vide et les temp\u00e9ratures extr\u00eames.<br \/>\nRecherche sur les mat\u00e9riaux 2D : Le MoS\u2082 a attir\u00e9 l\u2019attention en tant que mat\u00e9riau 2D, o\u00f9 il peut \u00eatre exfoli\u00e9 en monocouches et utilis\u00e9 dans des applications nanotechnologiques avanc\u00e9es.<br \/>\nGrades de poudre MoS\u2082 Qualit\u00e9 technique : Utilis\u00e9 pour des applications industrielles telles que la lubrification et les rev\u00eatements.<br \/>\nQualit\u00e9 superfine : Tailles de particules plus fines, g\u00e9n\u00e9ralement utilis\u00e9es dans les lubrifiants et les graisses haute performance.<br \/>\nNanopoudre\/MoS\u2082 exfoli\u00e9 : Utilis\u00e9 pour la recherche et les applications avanc\u00e9es comme l\u2019\u00e9lectronique, o\u00f9 des monocouches ou des MoS\u2082 \u00e0 quelques couches sont n\u00e9cessaires.<\/p>\n","protected":false},"excerpt":{"rendered":"<p>La poudre de sulfure de molybd\u00e8ne (MoS\u2082) est un mat\u00e9riau bien connu, principalement utilis\u00e9 pour ses excellentes propri\u00e9t\u00e9s lubrifiantes, et est de plus en plus important dans les applications \u00e9lectroniques et \u00e9nerg\u00e9tiques.En tant que membre des dichalcog\u00e9nures de m\u00e9taux de transition (TMD), le MoS\u2082 a une structure en couches, ce qui le rend id\u00e9al pour les applications n\u00e9cessitant une lubrification ainsi que pour les mat\u00e9riaux avanc\u00e9s comme les semi-conducteurs et les catalyseurs.<\/p>\n","protected":false},"featured_media":1031869,"comment_status":"open","ping_status":"closed","template":"","meta":{"_acf_changed":false},"product_brand":[],"product_cat":[238],"product_tag":[],"class_list":{"0":"post-1020727","1":"product","2":"type-product","3":"status-publish","4":"has-post-thumbnail","6":"product_cat-materiaux-de-chalcogenure","8":"first","9":"instock","10":"shipping-taxable","11":"product-type-variable"},"acf":[],"_links":{"self":[{"href":"https:\/\/vimaterial.de\/fr\/wp-json\/wp\/v2\/product\/1020727","targetHints":{"allow":["GET"]}}],"collection":[{"href":"https:\/\/vimaterial.de\/fr\/wp-json\/wp\/v2\/product"}],"about":[{"href":"https:\/\/vimaterial.de\/fr\/wp-json\/wp\/v2\/types\/product"}],"replies":[{"embeddable":true,"href":"https:\/\/vimaterial.de\/fr\/wp-json\/wp\/v2\/comments?post=1020727"}],"wp:featuredmedia":[{"embeddable":true,"href":"https:\/\/vimaterial.de\/fr\/wp-json\/wp\/v2\/media\/1031869"}],"wp:attachment":[{"href":"https:\/\/vimaterial.de\/fr\/wp-json\/wp\/v2\/media?parent=1020727"}],"wp:term":[{"taxonomy":"product_brand","embeddable":true,"href":"https:\/\/vimaterial.de\/fr\/wp-json\/wp\/v2\/product_brand?post=1020727"},{"taxonomy":"product_cat","embeddable":true,"href":"https:\/\/vimaterial.de\/fr\/wp-json\/wp\/v2\/product_cat?post=1020727"},{"taxonomy":"product_tag","embeddable":true,"href":"https:\/\/vimaterial.de\/fr\/wp-json\/wp\/v2\/product_tag?post=1020727"}],"curies":[{"name":"wp","href":"https:\/\/api.w.org\/{rel}","templated":true}]}}