{"id":1020615,"date":"2024-06-17T15:29:41","date_gmt":"2024-06-17T07:29:41","guid":{"rendered":"https:\/\/vimaterial.de\/product\/tellurure-de-molybdene-3\/"},"modified":"2024-10-11T16:47:00","modified_gmt":"2024-10-11T08:47:00","slug":"telluride-de-molybdene-3","status":"publish","type":"product","link":"https:\/\/vimaterial.de\/fr\/product\/telluride-de-molybdene-3\/","title":{"rendered":"Telluride de molybd\u00e8ne"},"content":{"rendered":"<p>La particule de tellurure de molybd\u00e8ne est un mat\u00e9riau compos\u00e9 inorganique important.<\/p>\n<p>&nbsp;<\/p>\n<p>Informations de base :<\/p>\n<p>&nbsp;<\/p>\n<p>Formule chimique : MoTe\u2082.<\/p>\n<p>Poids mol\u00e9culaire : 351,14 g\/mol.<\/p>\n<p>Num\u00e9ro CAS : 12058-20-7.<\/p>\n<p>Apparence\u00a0: G\u00e9n\u00e9ralement gris, hexagonal poudreux solide.<\/p>\n<p>Densit\u00e9 : Environ 7,7 g\/cm\u00b3.<\/p>\n<p>Point de fusion : Les donn\u00e9es sp\u00e9cifiques sur le point de fusion sont difficiles \u00e0 d\u00e9terminer, et des changements tels que la d\u00e9composition peuvent se produire \u00e0 des temp\u00e9ratures \u00e9lev\u00e9es.<\/p>\n<p>&nbsp;<\/p>\n<p>Propri\u00e9t\u00e9s chimiques :<\/p>\n<p>&nbsp;<\/p>\n<p>Stabilit\u00e9\u00a0: Telluride de molybd\u00e8ne peut \u00eatre stable dans l\u2019air, mais se d\u00e9composera en alcali ou sous vide \u00e0 haute temp\u00e9rature.<\/p>\n<p>Solubilit\u00e9 : Telluride de molybd\u00e8ne insoluble dans l\u2019eau, soluble dans les acides forts tels que l\u2019acide nitrique.<\/p>\n<p>R\u00e9activit\u00e9 : Il a une certaine r\u00e9ductibilit\u00e9.<\/p>\n<p>&nbsp;<\/p>\n<p>M\u00e9thode de pr\u00e9paration :<\/p>\n<p>&nbsp;<\/p>\n<p>M\u00e9thode physique : Le tellurure de molybd\u00e8ne en vrac est broy\u00e9 en particules en poudre par broyage m\u00e9canique, broyage \u00e0 billes, etc., mais la taille et la puret\u00e9 des particules obtenues par cette m\u00e9thode peuvent \u00eatre limit\u00e9es.<\/p>\n<p>&nbsp;<\/p>\n<p>M\u00e9thode chimique\u00a0: telle que la m\u00e9thode de d\u00e9p\u00f4t chimique en phase vapeur, la source de molybd\u00e8ne et la source de tellure comme mati\u00e8res premi\u00e8res, sous certaines conditions de temp\u00e9rature, de pression et d\u2019atmosph\u00e8re sous la r\u00e9action chimique, des particules de tellurure de molybd\u00e8ne sont g\u00e9n\u00e9r\u00e9es.<\/p>\n<p>&nbsp;<\/p>\n<p>Domaine d\u2019application :<\/p>\n<p>&nbsp;<\/p>\n<p>\u00c9lectronique : Telluride de molybd\u00e8ne en raison de ses propri\u00e9t\u00e9s semi-conductrices, il peut \u00eatre utilis\u00e9 pour pr\u00e9parer des dispositifs \u00e9lectroniques tels que des transistors \u00e0 effet de champ et des circuits int\u00e9gr\u00e9s. Surtout dans le domaine de la nano\u00e9lectronique \u00e0 l\u2019avenir, les particules de tellurure de molybd\u00e8ne ont un grand potentiel d\u2019application.<\/p>\n<p>&nbsp;<\/p>\n<p>Opto\u00e9lectronique :Telluride de molybd\u00e8ne en raison de ses excellentes performances optiques, il peut \u00eatre appliqu\u00e9 \u00e0 des dispositifs photo\u00e9lectroniques tels que des d\u00e9tecteurs de lumi\u00e8re et des cellules photovolta\u00efques pour r\u00e9aliser une conversion efficace de la lumi\u00e8re en \u00e9nergie \u00e9lectrique.<\/p>\n<p>&nbsp;<\/p>\n<p>Champ catalytique : Telluride de molybd\u00e8ne a une activit\u00e9 catalytique dans certaines r\u00e9actions chimiques et peut \u00eatre utilis\u00e9 comme catalyseur dans le raffinage du p\u00e9trole, la fabrication de produits chimiques et d\u2019autres processus industriels.<\/p>\n","protected":false},"excerpt":{"rendered":"<p>La particule de tellurure de molybd\u00e8ne est un mat\u00e9riau compos\u00e9 inorganique important.<\/p>\n<p>\u00c9lectronique : Telluride de molybd\u00e8ne en raison de ses propri\u00e9t\u00e9s semi-conductrices, il peut \u00eatre utilis\u00e9 pour pr\u00e9parer des dispositifs \u00e9lectroniques tels que des transistors \u00e0 effet de champ et des circuits int\u00e9gr\u00e9s. Surtout dans le domaine de la nano\u00e9lectronique \u00e0 l\u2019avenir, les particules de tellurure de molybd\u00e8ne ont un grand potentiel d\u2019application.<\/p>\n<p>Opto\u00e9lectronique :Telluride de molybd\u00e8ne\u00a0 en raison de ses excellentes performances optiques, il peut \u00eatre appliqu\u00e9 \u00e0 des dispositifs photo\u00e9lectroniques tels que des d\u00e9tecteurs de lumi\u00e8re et des cellules photovolta\u00efques pour r\u00e9aliser une conversion efficace de la lumi\u00e8re en \u00e9nergie \u00e9lectrique.<\/p>\n","protected":false},"featured_media":1031909,"comment_status":"open","ping_status":"closed","template":"","meta":{"_acf_changed":false},"product_brand":[],"product_cat":[236],"product_tag":[],"class_list":{"0":"post-1020615","1":"product","2":"type-product","3":"status-publish","4":"has-post-thumbnail","6":"product_cat-materiaux-devaporation","8":"first","9":"instock","10":"shipping-taxable","11":"product-type-variable"},"acf":[],"_links":{"self":[{"href":"https:\/\/vimaterial.de\/fr\/wp-json\/wp\/v2\/product\/1020615","targetHints":{"allow":["GET"]}}],"collection":[{"href":"https:\/\/vimaterial.de\/fr\/wp-json\/wp\/v2\/product"}],"about":[{"href":"https:\/\/vimaterial.de\/fr\/wp-json\/wp\/v2\/types\/product"}],"replies":[{"embeddable":true,"href":"https:\/\/vimaterial.de\/fr\/wp-json\/wp\/v2\/comments?post=1020615"}],"wp:featuredmedia":[{"embeddable":true,"href":"https:\/\/vimaterial.de\/fr\/wp-json\/wp\/v2\/media\/1031909"}],"wp:attachment":[{"href":"https:\/\/vimaterial.de\/fr\/wp-json\/wp\/v2\/media?parent=1020615"}],"wp:term":[{"taxonomy":"product_brand","embeddable":true,"href":"https:\/\/vimaterial.de\/fr\/wp-json\/wp\/v2\/product_brand?post=1020615"},{"taxonomy":"product_cat","embeddable":true,"href":"https:\/\/vimaterial.de\/fr\/wp-json\/wp\/v2\/product_cat?post=1020615"},{"taxonomy":"product_tag","embeddable":true,"href":"https:\/\/vimaterial.de\/fr\/wp-json\/wp\/v2\/product_tag?post=1020615"}],"curies":[{"name":"wp","href":"https:\/\/api.w.org\/{rel}","templated":true}]}}