{"id":1020600,"date":"2024-06-17T15:29:42","date_gmt":"2024-06-17T07:29:42","guid":{"rendered":"https:\/\/vimaterial.de\/product\/tellurure-de-molybdene-2\/"},"modified":"2024-10-11T15:58:22","modified_gmt":"2024-10-11T07:58:22","slug":"telluride-de-molybdene-2","status":"publish","type":"product","link":"https:\/\/vimaterial.de\/fr\/product\/telluride-de-molybdene-2\/","title":{"rendered":"Telluride de molybd\u00e8ne"},"content":{"rendered":"<p>La cible en tellurure de molybd\u00e8ne est un mat\u00e9riau de rev\u00eatement important.<\/p>\n<p>&nbsp;<\/p>\n<p>Informations de base :<\/p>\n<p>&nbsp;<\/p>\n<p>Formule chimique : MoTe\u2082, compos\u00e9 des \u00e9l\u00e9ments molybd\u00e8ne (Mo) et tellure (Te)<\/p>\n<p>Poids mol\u00e9culaire : 351.14<\/p>\n<p>Num\u00e9ro CAS : 12058-20-7<\/p>\n<p>Apparence : G\u00e9n\u00e9ralement gris fonc\u00e9 solide avec un \u00e9clat m\u00e9tallique<\/p>\n<p>Densit\u00e9 : Environ 7,7 g\/cm\u00b3<\/p>\n<p>Point de fusion : Les donn\u00e9es sp\u00e9cifiques du point de fusion sont difficiles \u00e0 d\u00e9terminer, et des changements tels que la d\u00e9composition peuvent se produire \u00e0 des temp\u00e9ratures \u00e9lev\u00e9es<\/p>\n<p>&nbsp;<\/p>\n<p>Structure cristalline\u00a0: appartient \u00e0 la structure en couches, la force de liaison entre les couches est relativement faible, cette structure lui conf\u00e8re des propri\u00e9t\u00e9s uniques dans certaines applications, telles que peuvent \u00eatre pr\u00e9par\u00e9es par d\u00e9capage m\u00e9canique et d\u2019autres m\u00e9thodes de mat\u00e9riaux bidimensionnels peu ou monocouches.<\/p>\n<p>&nbsp;<\/p>\n<p>M\u00e9thode de pr\u00e9paration :<\/p>\n<p>&nbsp;<\/p>\n<p>M\u00e9tallurgie des poudres : la poudre de tellurure de molybd\u00e8ne de haute puret\u00e9 est d\u2019abord pr\u00e9par\u00e9e, puis la poudre est transform\u00e9e en mat\u00e9riau cible par pressage, frittage et autres processus.<\/p>\n<p>&nbsp;<\/p>\n<p>M\u00e9thode de d\u00e9p\u00f4t chimique en phase vapeur : L\u2019utilisation d\u2019une source de molybd\u00e8ne et de gaz source de tellure \u00e0 une certaine temp\u00e9rature, pression et atmosph\u00e8re sous la r\u00e9action biochimique, d\u00e9pos\u00e9e sur le substrat pour former un film de tellurure de molybd\u00e8ne, puis le film est retir\u00e9 du substrat pour former une cible.<\/p>\n<p>&nbsp;<\/p>\n<p>Domaine d\u2019application :<\/p>\n<p>&nbsp;<\/p>\n<p>Champ des semi-conducteurs : Telluride de molybd\u00e8ne en tant que mat\u00e9riau semi-conducteur, les cibles de tellurure de molybd\u00e8ne peuvent \u00eatre utilis\u00e9es pour pr\u00e9parer des dispositifs semi-conducteurs, tels que des transistors \u00e0 effet de champ, des diodes, etc. Sa structure \u00e9lectronique unique et ses caract\u00e9ristiques de bande d\u2019\u00e9nergie conf\u00e8rent aux appareils pr\u00e9par\u00e9s d\u2019excellentes propri\u00e9t\u00e9s \u00e9lectriques.<\/p>\n<p>&nbsp;<\/p>\n<p>Champ optique\u00a0: Telluride de molybd\u00e8ne peut \u00eatre utilis\u00e9 pour pr\u00e9parer des films optiques, tels que le film antireflet, le film antireflet, etc., peut am\u00e9liorer les performances et l\u2019efficacit\u00e9 des dispositifs optiques.<\/p>\n<p>&nbsp;<\/p>\n<p>Champ de cellules solaires : Telluride de molybd\u00e8ne peut \u00eatre utilis\u00e9 comme mat\u00e9riau d\u2019\u00e9lectrode ou mat\u00e9riau \u00e0 couche mince pour les cellules solaires, ce qui contribue \u00e0 am\u00e9liorer l\u2019efficacit\u00e9 de la conversion photo\u00e9lectrique et la stabilit\u00e9 des cellules solaires.<\/p>\n<p>&nbsp;<\/p>\n<p>Exigences de qualit\u00e9 :<\/p>\n<p>&nbsp;<\/p>\n<p>Puret\u00e9\u00a0: Une puret\u00e9 \u00e9lev\u00e9e est un indice de qualit\u00e9 important de la cible de tellurure de molybd\u00e8ne, et la puret\u00e9 doit g\u00e9n\u00e9ralement \u00eatre sup\u00e9rieure \u00e0 99,9% pour garantir que le film pr\u00e9par\u00e9 a de bonnes performances et stabilit\u00e9.<\/p>\n<p>&nbsp;<\/p>\n<p>Densit\u00e9 :Telluride de molybd\u00e8ne la densit\u00e9 plus \u00e9lev\u00e9e peut assurer la stabilit\u00e9 et l\u2019uniformit\u00e9 de la cible dans le processus de pulv\u00e9risation et r\u00e9duire le processus de pulv\u00e9risation des particules et des d\u00e9fauts.<\/p>\n<p>&nbsp;<\/p>\n<p>Taille et forme\u00a0: Telluride de molybd\u00e8ne selon les diff\u00e9rentes exigences d\u2019application, les cibles de tellurure de molybd\u00e8ne doivent \u00eatre pr\u00e9par\u00e9es dans diff\u00e9rentes tailles et formes, telles que rondes, carr\u00e9es, rectangulaires, etc., et la pr\u00e9cision dimensionnelle doit r\u00e9pondre \u00e0 certaines exigences.<\/p>\n","protected":false},"excerpt":{"rendered":"<p>La cible en tellurure de molybd\u00e8ne est un mat\u00e9riau de rev\u00eatement important.<\/p>\n<p>Champ des semi-conducteurs : Telluride de molybd\u00e8ne en tant que mat\u00e9riau semi-conducteur, les cibles de tellurure de molybd\u00e8ne peuvent \u00eatre utilis\u00e9es pour pr\u00e9parer des dispositifs semi-conducteurs, tels que des transistors \u00e0 effet de champ, des diodes, etc. Sa structure \u00e9lectronique unique et ses caract\u00e9ristiques de bande d\u2019\u00e9nergie conf\u00e8rent aux appareils pr\u00e9par\u00e9s d\u2019excellentes propri\u00e9t\u00e9s \u00e9lectriques.<\/p>\n<p>Champ optique\u00a0: peut \u00eatre utilis\u00e9 pour pr\u00e9parer des films optiques, tels que le film antireflet, le film antireflet, etc., peut am\u00e9liorer les performances et l\u2019efficacit\u00e9 des dispositifs optiques.<\/p>\n","protected":false},"featured_media":1031909,"comment_status":"open","ping_status":"closed","template":"","meta":{"_acf_changed":false},"product_brand":[],"product_cat":[235],"product_tag":[],"class_list":{"0":"post-1020600","1":"product","2":"type-product","3":"status-publish","4":"has-post-thumbnail","6":"product_cat-cibles-de-pulverisation-planaire","8":"first","9":"instock","10":"shipping-taxable","11":"product-type-variable"},"acf":[],"_links":{"self":[{"href":"https:\/\/vimaterial.de\/fr\/wp-json\/wp\/v2\/product\/1020600","targetHints":{"allow":["GET"]}}],"collection":[{"href":"https:\/\/vimaterial.de\/fr\/wp-json\/wp\/v2\/product"}],"about":[{"href":"https:\/\/vimaterial.de\/fr\/wp-json\/wp\/v2\/types\/product"}],"replies":[{"embeddable":true,"href":"https:\/\/vimaterial.de\/fr\/wp-json\/wp\/v2\/comments?post=1020600"}],"wp:featuredmedia":[{"embeddable":true,"href":"https:\/\/vimaterial.de\/fr\/wp-json\/wp\/v2\/media\/1031909"}],"wp:attachment":[{"href":"https:\/\/vimaterial.de\/fr\/wp-json\/wp\/v2\/media?parent=1020600"}],"wp:term":[{"taxonomy":"product_brand","embeddable":true,"href":"https:\/\/vimaterial.de\/fr\/wp-json\/wp\/v2\/product_brand?post=1020600"},{"taxonomy":"product_cat","embeddable":true,"href":"https:\/\/vimaterial.de\/fr\/wp-json\/wp\/v2\/product_cat?post=1020600"},{"taxonomy":"product_tag","embeddable":true,"href":"https:\/\/vimaterial.de\/fr\/wp-json\/wp\/v2\/product_tag?post=1020600"}],"curies":[{"name":"wp","href":"https:\/\/api.w.org\/{rel}","templated":true}]}}