{"id":1020593,"date":"2024-06-17T15:29:41","date_gmt":"2024-06-17T07:29:41","guid":{"rendered":"https:\/\/vimaterial.de\/product\/tellurure-de-molybdene\/"},"modified":"2024-10-11T15:38:24","modified_gmt":"2024-10-11T07:38:24","slug":"telluride-de-molybdene","status":"publish","type":"product","link":"https:\/\/vimaterial.de\/fr\/product\/telluride-de-molybdene\/","title":{"rendered":"Telluride de molybd\u00e8ne"},"content":{"rendered":"<p>La poudre de tellurure de molybd\u00e8ne est un compos\u00e9 inorganique important.<\/p>\n<p>&nbsp;<\/p>\n<p>Informations de base :<\/p>\n<p>&nbsp;<\/p>\n<p>Formule chimique : MoTe\u2082, compos\u00e9 de deux \u00e9l\u00e9ments, le molybd\u00e8ne (Mo) et le tellure (Te).<\/p>\n<p>Poids mol\u00e9culaire : 351,14 g\/mol.<\/p>\n<p>Num\u00e9ro CAS : 12058-20-7.<\/p>\n<p>Apparence : G\u00e9n\u00e9ralement gris, hexagonal poudreux solide.<\/p>\n<p>Structure cristalline : structure stratifi\u00e9e<\/p>\n<p>Densit\u00e9 : environ 7,7 g\/cm\u00b3.<\/p>\n<p>Point de fusion : Une d\u00e9composition se produira et les donn\u00e9es sp\u00e9cifiques sur le point de fusion sont difficiles \u00e0 d\u00e9terminer.<\/p>\n<p>&nbsp;<\/p>\n<p>M\u00e9thode de pr\u00e9paration :<\/p>\n<p>&nbsp;<\/p>\n<p>M\u00e9thode physique :\u00a0Le tellurure de molybd\u00e8ne en vrac est broy\u00e9 en poudre par broyage m\u00e9canique, broyage \u00e0 billes, etc., mais la taille et la puret\u00e9 de la poudre obtenues par cette m\u00e9thode peuvent \u00eatre limit\u00e9es.<\/p>\n<p>&nbsp;<\/p>\n<p>M\u00e9thode chimique\u00a0: telle que la m\u00e9thode de d\u00e9p\u00f4t chimique en phase vapeur, la poudre de molybd\u00e8ne et la poudre de tellure comme mati\u00e8res premi\u00e8res, r\u00e9action \u00e0 une certaine temp\u00e9rature, atmosph\u00e8re gazeuse et d\u2019autres conditions pour produire de la poudre de tellurure de molybd\u00e8ne, la m\u00e9thode peut mieux contr\u00f4ler la puret\u00e9 et la morphologie du produit.<\/p>\n<p>&nbsp;<\/p>\n<p>Domaine d\u2019application :<\/p>\n<p>&nbsp;<\/p>\n<p>\u00c9lectronique :Telluride de molybd\u00e8ne en raison de ses propri\u00e9t\u00e9s semi-conductrices, il peut \u00eatre utilis\u00e9 pour pr\u00e9parer des dispositifs \u00e9lectroniques tels que des transistors \u00e0 effet de champ (FET) et des circuits int\u00e9gr\u00e9s, et a des perspectives d\u2019application dans le domaine de la nano\u00e9lectronique.<\/p>\n<p>&nbsp;<\/p>\n<p>Opto\u00e9lectronique : Telluride de molybd\u00e8ne en raison de ses excellentes performances optiques, il peut \u00eatre appliqu\u00e9 \u00e0 des dispositifs photo\u00e9lectroniques tels que les d\u00e9tecteurs de lumi\u00e8re et les cellules photovolta\u00efques, qui peuvent r\u00e9aliser une conversion efficace de la lumi\u00e8re en \u00e9nergie \u00e9lectrique.<\/p>\n<p>&nbsp;<\/p>\n<p>Champ catalytique : Telluride de molybd\u00e8ne a une activit\u00e9 catalytique dans certaines r\u00e9actions chimiques et peut \u00eatre utilis\u00e9 comme catalyseur dans le raffinage du p\u00e9trole, la fabrication de produits chimiques et d\u2019autres processus industriels pour rendre la r\u00e9action plus efficace et durable.<\/p>\n<p>&nbsp;<\/p>\n<p>Stockage de l\u2019\u00e9nergie : Les chercheurs explorent son utilisation dans les dispositifs de stockage d\u2019\u00e9nergie tels que les batteries lithium-ion afin d\u2019am\u00e9liorer la capacit\u00e9 et le rendement du stockage de l\u2019\u00e9nergie.<\/p>\n<p>&nbsp;<\/p>\n<p>Capteurs : Les capteurs \u00e0 base de tellurure de molybd\u00e8ne peuvent \u00eatre utilis\u00e9s dans des domaines tels que la d\u00e9tection de gaz et la biod\u00e9tection, avec une sensibilit\u00e9 et une s\u00e9lectivit\u00e9 \u00e9lev\u00e9es.<\/p>\n","protected":false},"excerpt":{"rendered":"<p>La poudre de tellurure de molybd\u00e8ne est un compos\u00e9 inorganique important.<\/p>\n<p>\u00c9lectronique : Telluride de molybd\u00e8ne en raison de ses propri\u00e9t\u00e9s semi-conductrices, il peut \u00eatre utilis\u00e9 pour pr\u00e9parer des dispositifs \u00e9lectroniques tels que des transistors \u00e0 effet de champ (FET) et des circuits int\u00e9gr\u00e9s, et a des perspectives d\u2019application dans le domaine de la nano\u00e9lectronique.<\/p>\n<p>Opto\u00e9lectronique : Telluride de molybd\u00e8ne en raison de ses excellentes performances optiques, il peut \u00eatre appliqu\u00e9 \u00e0 des dispositifs photo\u00e9lectroniques tels que les d\u00e9tecteurs de lumi\u00e8re et les cellules photovolta\u00efques, qui peuvent r\u00e9aliser une conversion efficace de la lumi\u00e8re en \u00e9nergie \u00e9lectrique.<\/p>\n","protected":false},"featured_media":1031909,"comment_status":"open","ping_status":"closed","template":"","meta":{"_acf_changed":false},"product_brand":[],"product_cat":[238],"product_tag":[],"class_list":{"0":"post-1020593","1":"product","2":"type-product","3":"status-publish","4":"has-post-thumbnail","6":"product_cat-materiaux-de-chalcogenure","8":"first","9":"instock","10":"shipping-taxable","11":"purchasable","12":"product-type-variable"},"acf":[],"_links":{"self":[{"href":"https:\/\/vimaterial.de\/fr\/wp-json\/wp\/v2\/product\/1020593","targetHints":{"allow":["GET"]}}],"collection":[{"href":"https:\/\/vimaterial.de\/fr\/wp-json\/wp\/v2\/product"}],"about":[{"href":"https:\/\/vimaterial.de\/fr\/wp-json\/wp\/v2\/types\/product"}],"replies":[{"embeddable":true,"href":"https:\/\/vimaterial.de\/fr\/wp-json\/wp\/v2\/comments?post=1020593"}],"wp:featuredmedia":[{"embeddable":true,"href":"https:\/\/vimaterial.de\/fr\/wp-json\/wp\/v2\/media\/1031909"}],"wp:attachment":[{"href":"https:\/\/vimaterial.de\/fr\/wp-json\/wp\/v2\/media?parent=1020593"}],"wp:term":[{"taxonomy":"product_brand","embeddable":true,"href":"https:\/\/vimaterial.de\/fr\/wp-json\/wp\/v2\/product_brand?post=1020593"},{"taxonomy":"product_cat","embeddable":true,"href":"https:\/\/vimaterial.de\/fr\/wp-json\/wp\/v2\/product_cat?post=1020593"},{"taxonomy":"product_tag","embeddable":true,"href":"https:\/\/vimaterial.de\/fr\/wp-json\/wp\/v2\/product_tag?post=1020593"}],"curies":[{"name":"wp","href":"https:\/\/api.w.org\/{rel}","templated":true}]}}