{"id":1019307,"date":"2024-06-17T15:14:58","date_gmt":"2024-06-17T07:14:58","guid":{"rendered":"https:\/\/vimaterial.de\/product\/seleniure-de-germanium-4\/"},"modified":"2024-07-12T11:52:46","modified_gmt":"2024-07-12T03:52:46","slug":"seleniure-de-germanium-4","status":"publish","type":"product","link":"https:\/\/vimaterial.de\/fr\/product\/seleniure-de-germanium-4\/","title":{"rendered":"S\u00e9l\u00e9niure de germanium"},"content":{"rendered":"<p>Caract\u00e9ristiqueLe s\u00e9l\u00e9niure de germanium est un compos\u00e9 chimique de formule GeSe.Formule chimique&nbsp;:GeSeCAS#&nbsp;:12065-10-0Masse molaire&nbsp;: 151,57 g\/molApparence&nbsp;:noirDensit\u00e9&nbsp;:5,56 g\/cm3Point de fusion&nbsp;:667 \u00b0C (1 233 \u00b0F&nbsp;; 940 K) (se d\u00e9compose)\u00c9cart de bande&nbsp;:1.07 eV (indirect)Indice de r\u00e9fraction (nD)&nbsp;:2.5Structure cristalline&nbsp;:Orthorhombique<\/p>\n","protected":false},"excerpt":{"rendered":"<p>Caract\u00e9ristiqueLe s\u00e9l\u00e9niure de germanium est un compos\u00e9 chimique de formule GeSe.Formule chimique&nbsp;:GeSeCAS#&nbsp;:12065-10-0Masse molaire&nbsp;: 151,57 g\/molApparence&nbsp;:noirDensit\u00e9&nbsp;:5,56 g\/cm3Point de fusion&nbsp;:667 \u00b0C (1 233 \u00b0F&nbsp;; 940 K) (se d\u00e9compose)\u00c9cart de bande&nbsp;:1.07 eV (indirect)Indice de r\u00e9fraction (nD)&nbsp;:2.5Structure cristalline&nbsp;:Orthorhombique<\/p>\n","protected":false},"featured_media":1004272,"comment_status":"open","ping_status":"closed","template":"","meta":{"_acf_changed":false},"product_brand":[],"product_cat":[238],"product_tag":[],"class_list":{"0":"post-1019307","1":"product","2":"type-product","3":"status-publish","4":"has-post-thumbnail","6":"product_cat-materiaux-de-chalcogenure","8":"first","9":"instock","10":"shipping-taxable","11":"product-type-variable"},"acf":[],"_links":{"self":[{"href":"https:\/\/vimaterial.de\/fr\/wp-json\/wp\/v2\/product\/1019307","targetHints":{"allow":["GET"]}}],"collection":[{"href":"https:\/\/vimaterial.de\/fr\/wp-json\/wp\/v2\/product"}],"about":[{"href":"https:\/\/vimaterial.de\/fr\/wp-json\/wp\/v2\/types\/product"}],"replies":[{"embeddable":true,"href":"https:\/\/vimaterial.de\/fr\/wp-json\/wp\/v2\/comments?post=1019307"}],"wp:featuredmedia":[{"embeddable":true,"href":"https:\/\/vimaterial.de\/fr\/wp-json\/wp\/v2\/media\/1004272"}],"wp:attachment":[{"href":"https:\/\/vimaterial.de\/fr\/wp-json\/wp\/v2\/media?parent=1019307"}],"wp:term":[{"taxonomy":"product_brand","embeddable":true,"href":"https:\/\/vimaterial.de\/fr\/wp-json\/wp\/v2\/product_brand?post=1019307"},{"taxonomy":"product_cat","embeddable":true,"href":"https:\/\/vimaterial.de\/fr\/wp-json\/wp\/v2\/product_cat?post=1019307"},{"taxonomy":"product_tag","embeddable":true,"href":"https:\/\/vimaterial.de\/fr\/wp-json\/wp\/v2\/product_tag?post=1019307"}],"curies":[{"name":"wp","href":"https:\/\/api.w.org\/{rel}","templated":true}]}}