{"id":1019040,"date":"2024-06-17T15:26:12","date_gmt":"2024-06-17T07:26:12","guid":{"rendered":"https:\/\/vimaterial.de\/product\/chlorure-de-niobium\/"},"modified":"2024-09-25T17:13:08","modified_gmt":"2024-09-25T09:13:08","slug":"chlorure-de-niobium","status":"publish","type":"product","link":"https:\/\/vimaterial.de\/fr\/product\/chlorure-de-niobium\/","title":{"rendered":"Chlorure de niobium"},"content":{"rendered":"<p>Le chlorure de niobium (NbCl\u2085), \u00e9galement connu sous le nom de pentachlorure de niobium, est un compos\u00e9 inorganique compos\u00e9 de niobium et de chlore. On le trouve g\u00e9n\u00e9ralement sous forme cristalline jaune ou en poudre et est largement utilis\u00e9 dans divers proc\u00e9d\u00e9s chimiques, en particulier dans les domaines de la synth\u00e8se organique et de la science des mat\u00e9riaux.<\/p>\n<p>Applications Catalyse : NbCl\u2085 est couramment utilis\u00e9 comme catalyseur acide de Lewis dans la synth\u00e8se organique. Il facilite les r\u00e9actions telles que les acylations et les alkylations de Friedel-Crafts, ainsi que d\u2019autres processus de polym\u00e9risation et de condensation.<br \/>\nScience des mat\u00e9riaux : Il sert de pr\u00e9curseur \u00e0 la production de niobium m\u00e9tal et d\u2019autres compos\u00e9s \u00e0 base de niobium. Il est \u00e9galement utilis\u00e9 dans le processus de d\u00e9p\u00f4t chimique en phase vapeur (CVD) pour cr\u00e9er des films minces d\u2019oxyde de niobium ou de nitrure de niobium.<br \/>\nSupraconducteurs : Les compos\u00e9s de niobium, d\u00e9riv\u00e9s du NbCl\u2085, sont cruciaux dans la production de mat\u00e9riaux supraconducteurs, y compris les alliages niobium-titane utilis\u00e9s dans les appareils d\u2019IRM et les acc\u00e9l\u00e9rateurs de particules. Par cons\u00e9quent, il doit \u00eatre manipul\u00e9 dans une atmosph\u00e8re s\u00e8che et inerte pour \u00e9viter toute d\u00e9gradation.<\/p>\n<p>Couleur et solubilit\u00e9 : Le NbCl\u2085 est d\u2019apparence jaune et soluble dans les solvants polaires comme l\u2019\u00e9thanol et l\u2019ac\u00e9tone.<br \/>\nVolatilit\u00e9\u00a0: Il est volatil, ce qui le rend utile dans les techniques de d\u00e9p\u00f4t en phase vapeur comme le CVD, o\u00f9 il peut \u00eatre utilis\u00e9 pour recouvrir des surfaces de films contenant du niobium.<br \/>\nEn raison de ses propri\u00e9t\u00e9s chimiques polyvalentes, le chlorure de niobium est un r\u00e9actif important dans la production de mat\u00e9riaux avanc\u00e9s et la synth\u00e8se organique. Il est g\u00e9n\u00e9ralement stock\u00e9 dans des conditions contr\u00f4l\u00e9es afin de pr\u00e9server sa r\u00e9activit\u00e9 et sa puret\u00e9.<\/p>\n","protected":false},"excerpt":{"rendered":"<p>Le chlorure de niobium (NbCl\u2085), \u00e9galement connu sous le nom de pentachlorure de niobium, est un compos\u00e9 inorganique compos\u00e9 de niobium et de chlore.On le trouve g\u00e9n\u00e9ralement sous forme cristalline jaune ou en poudre et est largement utilis\u00e9 dans divers proc\u00e9d\u00e9s chimiques, en particulier dans les domaines de la synth\u00e8se organique et de la science des mat\u00e9riaux.<\/p>\n<p>En raison de ses propri\u00e9t\u00e9s chimiques polyvalentes, le chlorure de niobium est un r\u00e9actif important dans la production de mat\u00e9riaux avanc\u00e9s et la synth\u00e8se organique.<br \/>\nIl est g\u00e9n\u00e9ralement stock\u00e9 dans des conditions contr\u00f4l\u00e9es afin de pr\u00e9server sa r\u00e9activit\u00e9 et sa puret\u00e9.<\/p>\n","protected":false},"featured_media":1031690,"comment_status":"open","ping_status":"closed","template":"","meta":{"_acf_changed":false},"product_brand":[],"product_cat":[239],"product_tag":[],"class_list":{"0":"post-1019040","1":"product","2":"type-product","3":"status-publish","4":"has-post-thumbnail","6":"product_cat-materiaux-halogenes","8":"first","9":"instock","10":"shipping-taxable","11":"purchasable","12":"product-type-variable"},"acf":[],"_links":{"self":[{"href":"https:\/\/vimaterial.de\/fr\/wp-json\/wp\/v2\/product\/1019040","targetHints":{"allow":["GET"]}}],"collection":[{"href":"https:\/\/vimaterial.de\/fr\/wp-json\/wp\/v2\/product"}],"about":[{"href":"https:\/\/vimaterial.de\/fr\/wp-json\/wp\/v2\/types\/product"}],"replies":[{"embeddable":true,"href":"https:\/\/vimaterial.de\/fr\/wp-json\/wp\/v2\/comments?post=1019040"}],"wp:featuredmedia":[{"embeddable":true,"href":"https:\/\/vimaterial.de\/fr\/wp-json\/wp\/v2\/media\/1031690"}],"wp:attachment":[{"href":"https:\/\/vimaterial.de\/fr\/wp-json\/wp\/v2\/media?parent=1019040"}],"wp:term":[{"taxonomy":"product_brand","embeddable":true,"href":"https:\/\/vimaterial.de\/fr\/wp-json\/wp\/v2\/product_brand?post=1019040"},{"taxonomy":"product_cat","embeddable":true,"href":"https:\/\/vimaterial.de\/fr\/wp-json\/wp\/v2\/product_cat?post=1019040"},{"taxonomy":"product_tag","embeddable":true,"href":"https:\/\/vimaterial.de\/fr\/wp-json\/wp\/v2\/product_tag?post=1019040"}],"curies":[{"name":"wp","href":"https:\/\/api.w.org\/{rel}","templated":true}]}}