{"id":1019038,"date":"2024-06-17T15:14:59","date_gmt":"2024-06-17T07:14:59","guid":{"rendered":"https:\/\/vimaterial.de\/product\/germanium-selenium-antimoine-arsenic-tellure-verre-de-chalcogenure-2\/"},"modified":"2024-07-12T11:52:44","modified_gmt":"2024-07-12T03:52:44","slug":"germanium-selenium-antimoine-arsenic-tellure-verre-de-chalcogenure-2","status":"publish","type":"product","link":"https:\/\/vimaterial.de\/fr\/product\/germanium-selenium-antimoine-arsenic-tellure-verre-de-chalcogenure-2\/","title":{"rendered":"Germanium, s\u00e9l\u00e9nium, antimoine, arsenic, tellure-chalcog\u00e9nure-verre"},"content":{"rendered":"","protected":false},"excerpt":{"rendered":"","protected":false},"featured_media":1004301,"comment_status":"open","ping_status":"closed","template":"","meta":{"_acf_changed":false},"product_brand":[],"product_cat":[238],"product_tag":[],"class_list":{"0":"post-1019038","1":"product","2":"type-product","3":"status-publish","4":"has-post-thumbnail","6":"product_cat-materiaux-de-chalcogenure","8":"first","9":"instock","10":"shipping-taxable","11":"product-type-variable"},"acf":[],"_links":{"self":[{"href":"https:\/\/vimaterial.de\/fr\/wp-json\/wp\/v2\/product\/1019038","targetHints":{"allow":["GET"]}}],"collection":[{"href":"https:\/\/vimaterial.de\/fr\/wp-json\/wp\/v2\/product"}],"about":[{"href":"https:\/\/vimaterial.de\/fr\/wp-json\/wp\/v2\/types\/product"}],"replies":[{"embeddable":true,"href":"https:\/\/vimaterial.de\/fr\/wp-json\/wp\/v2\/comments?post=1019038"}],"wp:featuredmedia":[{"embeddable":true,"href":"https:\/\/vimaterial.de\/fr\/wp-json\/wp\/v2\/media\/1004301"}],"wp:attachment":[{"href":"https:\/\/vimaterial.de\/fr\/wp-json\/wp\/v2\/media?parent=1019038"}],"wp:term":[{"taxonomy":"product_brand","embeddable":true,"href":"https:\/\/vimaterial.de\/fr\/wp-json\/wp\/v2\/product_brand?post=1019038"},{"taxonomy":"product_cat","embeddable":true,"href":"https:\/\/vimaterial.de\/fr\/wp-json\/wp\/v2\/product_cat?post=1019038"},{"taxonomy":"product_tag","embeddable":true,"href":"https:\/\/vimaterial.de\/fr\/wp-json\/wp\/v2\/product_tag?post=1019038"}],"curies":[{"name":"wp","href":"https:\/\/api.w.org\/{rel}","templated":true}]}}