{"id":1019032,"date":"2024-06-17T15:14:58","date_gmt":"2024-06-17T07:14:58","guid":{"rendered":"https:\/\/vimaterial.de\/product\/seleniure-de-germanium\/"},"modified":"2024-07-12T11:52:33","modified_gmt":"2024-07-12T03:52:33","slug":"seleniure-de-germanium","status":"publish","type":"product","link":"https:\/\/vimaterial.de\/fr\/product\/seleniure-de-germanium\/","title":{"rendered":"S\u00e9l\u00e9niure de germanium"},"content":{"rendered":"<p>Caract\u00e9ristiqueDiss\u00e9l\u00e9niure de germanium, cristal orange. Structure orthogonale avec constante de r\u00e9seau de 1,296 nm. La densit\u00e9 est de 4,56 g\/cm3. Le point de fusion est de 707 \u00b0C.CAS#&nbsp;:12065-11-1ApplicationPour les mat\u00e9riaux semi-conducteurs.<\/p>\n","protected":false},"excerpt":{"rendered":"<p>Caract\u00e9ristiqueDiss\u00e9l\u00e9niure de germanium, cristal orange. Structure orthogonale avec constante de r\u00e9seau de 1,296 nm. La densit\u00e9 est de 4,56 g\/cm3. Le point de fusion est de 707 \u00b0C.CAS#&nbsp;:12065-11-1ApplicationPour les mat\u00e9riaux semi-conducteurs.<\/p>\n","protected":false},"featured_media":1004294,"comment_status":"open","ping_status":"closed","template":"","meta":{"_acf_changed":false},"product_brand":[],"product_cat":[235],"product_tag":[],"class_list":{"0":"post-1019032","1":"product","2":"type-product","3":"status-publish","4":"has-post-thumbnail","6":"product_cat-cibles-de-pulverisation-planaire","8":"first","9":"instock","10":"shipping-taxable","11":"product-type-variable"},"acf":[],"_links":{"self":[{"href":"https:\/\/vimaterial.de\/fr\/wp-json\/wp\/v2\/product\/1019032","targetHints":{"allow":["GET"]}}],"collection":[{"href":"https:\/\/vimaterial.de\/fr\/wp-json\/wp\/v2\/product"}],"about":[{"href":"https:\/\/vimaterial.de\/fr\/wp-json\/wp\/v2\/types\/product"}],"replies":[{"embeddable":true,"href":"https:\/\/vimaterial.de\/fr\/wp-json\/wp\/v2\/comments?post=1019032"}],"wp:featuredmedia":[{"embeddable":true,"href":"https:\/\/vimaterial.de\/fr\/wp-json\/wp\/v2\/media\/1004294"}],"wp:attachment":[{"href":"https:\/\/vimaterial.de\/fr\/wp-json\/wp\/v2\/media?parent=1019032"}],"wp:term":[{"taxonomy":"product_brand","embeddable":true,"href":"https:\/\/vimaterial.de\/fr\/wp-json\/wp\/v2\/product_brand?post=1019032"},{"taxonomy":"product_cat","embeddable":true,"href":"https:\/\/vimaterial.de\/fr\/wp-json\/wp\/v2\/product_cat?post=1019032"},{"taxonomy":"product_tag","embeddable":true,"href":"https:\/\/vimaterial.de\/fr\/wp-json\/wp\/v2\/product_tag?post=1019032"}],"curies":[{"name":"wp","href":"https:\/\/api.w.org\/{rel}","templated":true}]}}