{"id":1019008,"date":"2024-06-17T15:16:05","date_gmt":"2024-06-17T07:16:05","guid":{"rendered":"https:\/\/vimaterial.de\/product\/tellurure-de-germanium-5\/"},"modified":"2024-07-12T11:53:08","modified_gmt":"2024-07-12T03:53:08","slug":"tellurure-de-germanium-5","status":"publish","type":"product","link":"https:\/\/vimaterial.de\/fr\/product\/tellurure-de-germanium-5\/","title":{"rendered":"Tellurure de germanium"},"content":{"rendered":"<p>Le tellurure de germanium (GeTe) est un compos\u00e9 chimique du germanium et du tellure et est un composant des verres de chalcog\u00e9nure. Il pr\u00e9sente une conduction semi-m\u00e9tallique et un comportement ferro\u00e9lectrique. Formule chimique&nbsp;:GeTeMasse molaire&nbsp;:200.21 g\/molApparence&nbsp;:solideDensit\u00e9&nbsp;:6.14 g\/cm3Point de fusion&nbsp;:725 \u00b0C (1 337 \u00b0F&nbsp;; 998 K)\u00c9cart de bande&nbsp;:0.6 eVRindice de s\u00e9fractivit\u00e9 (nD)&nbsp;:5Structure cristalline&nbsp;:Rhombo\u00e9drique, hR6ApplicationLe tellurure de germanium dop\u00e9 est un supraconducteur \u00e0 basse temp\u00e9rature.<\/p>\n","protected":false},"excerpt":{"rendered":"<p>Le tellurure de germanium (GeTe) est un compos\u00e9 chimique du germanium et du tellure et est un composant des verres de chalcog\u00e9nure. Il pr\u00e9sente une conduction semi-m\u00e9tallique et un comportement ferro\u00e9lectrique. Formule chimique&nbsp;:GeTeMasse molaire&nbsp;:200.21 g\/molApparence&nbsp;:solideDensit\u00e9&nbsp;:6.14 g\/cm3Point de fusion&nbsp;:725 \u00b0C (1 337 \u00b0F&nbsp;; 998 K)\u00c9cart de bande&nbsp;:0.6 eVRindice de s\u00e9fractivit\u00e9 (nD)&nbsp;:5Structure cristalline&nbsp;:Rhombo\u00e9drique, hR6ApplicationLe tellurure de germanium [&hellip;]<\/p>\n","protected":false},"featured_media":1004312,"comment_status":"open","ping_status":"closed","template":"","meta":{"_acf_changed":false},"product_brand":[],"product_cat":[236],"product_tag":[],"class_list":{"0":"post-1019008","1":"product","2":"type-product","3":"status-publish","4":"has-post-thumbnail","6":"product_cat-materiaux-devaporation","8":"first","9":"instock","10":"shipping-taxable","11":"purchasable","12":"product-type-variable"},"acf":[],"_links":{"self":[{"href":"https:\/\/vimaterial.de\/fr\/wp-json\/wp\/v2\/product\/1019008","targetHints":{"allow":["GET"]}}],"collection":[{"href":"https:\/\/vimaterial.de\/fr\/wp-json\/wp\/v2\/product"}],"about":[{"href":"https:\/\/vimaterial.de\/fr\/wp-json\/wp\/v2\/types\/product"}],"replies":[{"embeddable":true,"href":"https:\/\/vimaterial.de\/fr\/wp-json\/wp\/v2\/comments?post=1019008"}],"wp:featuredmedia":[{"embeddable":true,"href":"https:\/\/vimaterial.de\/fr\/wp-json\/wp\/v2\/media\/1004312"}],"wp:attachment":[{"href":"https:\/\/vimaterial.de\/fr\/wp-json\/wp\/v2\/media?parent=1019008"}],"wp:term":[{"taxonomy":"product_brand","embeddable":true,"href":"https:\/\/vimaterial.de\/fr\/wp-json\/wp\/v2\/product_brand?post=1019008"},{"taxonomy":"product_cat","embeddable":true,"href":"https:\/\/vimaterial.de\/fr\/wp-json\/wp\/v2\/product_cat?post=1019008"},{"taxonomy":"product_tag","embeddable":true,"href":"https:\/\/vimaterial.de\/fr\/wp-json\/wp\/v2\/product_tag?post=1019008"}],"curies":[{"name":"wp","href":"https:\/\/api.w.org\/{rel}","templated":true}]}}