{"id":1019003,"date":"2024-06-17T15:16:05","date_gmt":"2024-06-17T07:16:05","guid":{"rendered":"https:\/\/vimaterial.de\/product\/germanium-selenium-tellure-chalcogenure-verre\/"},"modified":"2024-07-12T11:53:16","modified_gmt":"2024-07-12T03:53:16","slug":"germanium-selenium-tellure-chalcogenure-verre","status":"publish","type":"product","link":"https:\/\/vimaterial.de\/fr\/product\/germanium-selenium-tellure-chalcogenure-verre\/","title":{"rendered":"Germanium S\u00e9l\u00e9nium Tellure &#8211; Chalcog\u00e9nure-Verre"},"content":{"rendered":"<p>VI HALBLEITERMATERIAL se sp\u00e9cialise dans la production de diverses sp\u00e9cifications de poudres chimiques inorganiques de haute puret\u00e9, de mat\u00e9riaux d\u2019\u00e9vaporation, de cibles de pulv\u00e9risation. Y compris toutes sortes de mat\u00e9riaux m\u00e9talliques, mat\u00e9riaux c\u00e9ramiques, mat\u00e9riaux cristallins&nbsp;: tellure (Te) de haute puret\u00e9 4N-7N, cadmium (Cd), soufre (S), indium (In), s\u00e9l\u00e9nium (Se), gallium (Ga), antimoine (Sb), \u00e9tain (Sn), plomb (Pb), germanium (Ge), cuivre (Cu), zinc (Zn), etc.4N-7N tellure, soufre, s\u00e9l\u00e9nium, compos\u00e9s et mat\u00e9riaux et cibles de cuivre, indium gallium (CIGS). Les produits sont appliqu\u00e9s \u00e0 divers domaines par diverses m\u00e9thodes&nbsp;: recherche scientifique, a\u00e9rospatiale, automobile, micro\u00e9lectronique, industrie des circuits int\u00e9gr\u00e9s, source lumineuse, optique, d\u00e9coration, industrie de l\u2019affichage \u00e0 \u00e9cran plat, industrie du stockage d\u2019informations, stockage de donn\u00e9es, etc. Les produits de notre entreprise avec une excellente qualit\u00e9, un mod\u00e8le complet, un service attentionn\u00e9, par la majorit\u00e9 des utilisateurs font confiance, les produits sont vendus dans le monde entier, a une bonne r\u00e9putation. Nous fournissons \u00e9galement des services personnalis\u00e9s en fonction de vos besoinsNos entreprises bas\u00e9es sur l\u2019int\u00e9grit\u00e9, la qualit\u00e9 d\u2019abord, accueillent chaleureusement les clients \u00e0 consulter.<\/p>\n","protected":false},"excerpt":{"rendered":"<p>VI HALBLEITERMATERIAL se sp\u00e9cialise dans la production de diverses sp\u00e9cifications de poudres chimiques inorganiques de haute puret\u00e9, de mat\u00e9riaux d\u2019\u00e9vaporation, de cibles de pulv\u00e9risation. Y compris toutes sortes de mat\u00e9riaux m\u00e9talliques, mat\u00e9riaux c\u00e9ramiques, mat\u00e9riaux cristallins&nbsp;: tellure (Te) de haute puret\u00e9 4N-7N, cadmium (Cd), soufre (S), indium (In), s\u00e9l\u00e9nium (Se), gallium (Ga), antimoine (Sb), \u00e9tain (Sn), [&hellip;]<\/p>\n","protected":false},"featured_media":999846,"comment_status":"open","ping_status":"closed","template":"","meta":{"_acf_changed":false},"product_brand":[],"product_cat":[238],"product_tag":[],"class_list":{"0":"post-1019003","1":"product","2":"type-product","3":"status-publish","4":"has-post-thumbnail","6":"product_cat-materiaux-de-chalcogenure","8":"first","9":"instock","10":"shipping-taxable","11":"product-type-variable"},"acf":[],"_links":{"self":[{"href":"https:\/\/vimaterial.de\/fr\/wp-json\/wp\/v2\/product\/1019003","targetHints":{"allow":["GET"]}}],"collection":[{"href":"https:\/\/vimaterial.de\/fr\/wp-json\/wp\/v2\/product"}],"about":[{"href":"https:\/\/vimaterial.de\/fr\/wp-json\/wp\/v2\/types\/product"}],"replies":[{"embeddable":true,"href":"https:\/\/vimaterial.de\/fr\/wp-json\/wp\/v2\/comments?post=1019003"}],"wp:featuredmedia":[{"embeddable":true,"href":"https:\/\/vimaterial.de\/fr\/wp-json\/wp\/v2\/media\/999846"}],"wp:attachment":[{"href":"https:\/\/vimaterial.de\/fr\/wp-json\/wp\/v2\/media?parent=1019003"}],"wp:term":[{"taxonomy":"product_brand","embeddable":true,"href":"https:\/\/vimaterial.de\/fr\/wp-json\/wp\/v2\/product_brand?post=1019003"},{"taxonomy":"product_cat","embeddable":true,"href":"https:\/\/vimaterial.de\/fr\/wp-json\/wp\/v2\/product_cat?post=1019003"},{"taxonomy":"product_tag","embeddable":true,"href":"https:\/\/vimaterial.de\/fr\/wp-json\/wp\/v2\/product_tag?post=1019003"}],"curies":[{"name":"wp","href":"https:\/\/api.w.org\/{rel}","templated":true}]}}