{"id":1018923,"date":"2024-06-17T15:16:15","date_gmt":"2024-06-17T07:16:15","guid":{"rendered":"https:\/\/vimaterial.de\/product\/sulfure-darsenic-3\/"},"modified":"2024-07-12T11:53:49","modified_gmt":"2024-07-12T03:53:49","slug":"sulfure-darsenic-3","status":"publish","type":"product","link":"https:\/\/vimaterial.de\/fr\/product\/sulfure-darsenic-3\/","title":{"rendered":"Sulfure d\u2019arsenic"},"content":{"rendered":"<p>Caract\u00e9ristiqueLe trisulfure de diarsenic est le compos\u00e9 inorganique de formule As2S3. C\u2019est un solide jaune vif qui est insoluble dans l\u2019eau. Formule chimique&nbsp;:As2S3Masse molaire&nbsp;:246.02 g\u00b7mol\u22121Apparence&nbsp;:Cristaux orangeDensit\u00e9&nbsp;:3,43 g cm\u22123Point de fusion&nbsp;:310 \u00b0C (590 \u00b0F&nbsp;; 583 K)Point d\u2019\u00e9bullition&nbsp;:707 \u00b0C (1 305 \u00b0F&nbsp;; 980 K)Susceptibilit\u00e9 magn\u00e9tique (\u03c7)&nbsp;:-70.0\u00b710\u22126 cm3\/molApplicationLes min\u00e9raux de l\u2019arsenic sont principalement utilis\u00e9s pour extraire l\u2019\u00e9l\u00e9ment arsenic et pour produire de l\u2019ars\u00e9niate et des compos\u00e9s de l\u2019arsenic, tels que l\u2019ars\u00e9niate de calcium, l\u2019ars\u00e9niate de sodium, l\u2019ars\u00e9niate de plomb, etc. Utilis\u00e9 dans le raffinage des alliages d\u2019arsenic dans l\u2019industrie m\u00e9tallurgique&nbsp;; Les alliages d\u2019arsenic et de plomb sont utilis\u00e9s dans l\u2019industrie militaire pour fabriquer des balles, des poisons militaires et des feux d\u2019artifice ; Les alliages arsenic-cuivre sont utilis\u00e9s pour fabriquer des pi\u00e8ces de radar et des voitures ; Utilis\u00e9 dans l\u2019industrie l\u00e9g\u00e8re pour la fabrication de verre opalescent, la d\u00e9coloration du verre, le trempage et le lavage de la laine, des agents de tannage et pour l\u2019anticorrosion du bois&nbsp;; Pesticides, herbicides, rodenticides et autres pesticides agricoles contenant de l\u2019arsenic&nbsp;; Le nom m\u00e9dicinal des produits chinois \u00e0 base d\u2019arsenic est l\u2019arsenic. La poudre concentr\u00e9e Realgar peut \u00eatre utilis\u00e9e pour faire des p\u00e9tards, des feux d\u2019artifice.<\/p>\n","protected":false},"excerpt":{"rendered":"<p>Caract\u00e9ristiqueLe trisulfure de diarsenic est le compos\u00e9 inorganique de formule As2S3. C\u2019est un solide jaune vif qui est insoluble dans l\u2019eau. Formule chimique&nbsp;:As2S3Masse molaire&nbsp;:246.02 g\u00b7mol\u22121Apparence&nbsp;:Cristaux orangeDensit\u00e9&nbsp;:3,43 g cm\u22123Point de fusion&nbsp;:310 \u00b0C (590 \u00b0F&nbsp;; 583 K)Point d\u2019\u00e9bullition&nbsp;:707 \u00b0C (1 305 \u00b0F&nbsp;; 980 K)Susceptibilit\u00e9 magn\u00e9tique (\u03c7)&nbsp;:-70.0\u00b710\u22126 cm3\/molApplicationLes min\u00e9raux de l\u2019arsenic sont principalement utilis\u00e9s pour extraire l\u2019\u00e9l\u00e9ment arsenic [&hellip;]<\/p>\n","protected":false},"featured_media":1004356,"comment_status":"open","ping_status":"closed","template":"","meta":{"_acf_changed":false},"product_brand":[],"product_cat":[236],"product_tag":[],"class_list":{"0":"post-1018923","1":"product","2":"type-product","3":"status-publish","4":"has-post-thumbnail","6":"product_cat-materiaux-devaporation","8":"first","9":"instock","10":"shipping-taxable","11":"purchasable","12":"product-type-variable"},"acf":[],"_links":{"self":[{"href":"https:\/\/vimaterial.de\/fr\/wp-json\/wp\/v2\/product\/1018923","targetHints":{"allow":["GET"]}}],"collection":[{"href":"https:\/\/vimaterial.de\/fr\/wp-json\/wp\/v2\/product"}],"about":[{"href":"https:\/\/vimaterial.de\/fr\/wp-json\/wp\/v2\/types\/product"}],"replies":[{"embeddable":true,"href":"https:\/\/vimaterial.de\/fr\/wp-json\/wp\/v2\/comments?post=1018923"}],"wp:featuredmedia":[{"embeddable":true,"href":"https:\/\/vimaterial.de\/fr\/wp-json\/wp\/v2\/media\/1004356"}],"wp:attachment":[{"href":"https:\/\/vimaterial.de\/fr\/wp-json\/wp\/v2\/media?parent=1018923"}],"wp:term":[{"taxonomy":"product_brand","embeddable":true,"href":"https:\/\/vimaterial.de\/fr\/wp-json\/wp\/v2\/product_brand?post=1018923"},{"taxonomy":"product_cat","embeddable":true,"href":"https:\/\/vimaterial.de\/fr\/wp-json\/wp\/v2\/product_cat?post=1018923"},{"taxonomy":"product_tag","embeddable":true,"href":"https:\/\/vimaterial.de\/fr\/wp-json\/wp\/v2\/product_tag?post=1018923"}],"curies":[{"name":"wp","href":"https:\/\/api.w.org\/{rel}","templated":true}]}}