{"id":1018886,"date":"2024-06-17T15:17:07","date_gmt":"2024-06-17T07:17:07","guid":{"rendered":"https:\/\/vimaterial.de\/product\/arsenic-seleniure-2\/"},"modified":"2024-07-12T11:53:47","modified_gmt":"2024-07-12T03:53:47","slug":"arsenic-seleniure-2","status":"publish","type":"product","link":"https:\/\/vimaterial.de\/fr\/product\/arsenic-seleniure-2\/","title":{"rendered":"S\u00e9l\u00e9niure d\u2019arsenic"},"content":{"rendered":"<p>Caract\u00e9ristiqueLe tris\u00e9l\u00e9niure de diarseic (As2Se3) est un compos\u00e9 chimique inorganique, un s\u00e9l\u00e9niure de l\u2019arsenic. Formule chimique&nbsp;:As2Se3CAS#&nbsp;:1303-36-2Masse molaire&nbsp;:386.72 g\/molApparence&nbsp;:poudre brun-noirOdeur&nbsp;:inodoreDensit\u00e9&nbsp;:4.75 g\/cm3Point de fusion&nbsp;:377 \u00b0C (711 \u00b0F&nbsp;; 650 K)Solubilit\u00e9 dans l\u2019eau&nbsp;:insolubleStructure cristalline&nbsp;:Monoclinique, mP20ApplicationLe tris\u00e9niure d\u2019arsenic amorphe est utilis\u00e9 comme verre chalcog\u00e9nure pour l\u2019optique infrarouge. Lorsqu\u2019il est purifi\u00e9, il transmet de la lumi\u00e8re avec des longueurs d\u2019onde comprises entre env. 0,7 et 19 \u03bcm.<\/p>\n","protected":false},"excerpt":{"rendered":"<p>Caract\u00e9ristiqueLe tris\u00e9l\u00e9niure de diarseic (As2Se3) est un compos\u00e9 chimique inorganique, un s\u00e9l\u00e9niure de l\u2019arsenic. Formule chimique&nbsp;:As2Se3CAS#&nbsp;:1303-36-2Masse molaire&nbsp;:386.72 g\/molApparence&nbsp;:poudre brun-noirOdeur&nbsp;:inodoreDensit\u00e9&nbsp;:4.75 g\/cm3Point de fusion&nbsp;:377 \u00b0C (711 \u00b0F&nbsp;; 650 K)Solubilit\u00e9 dans l\u2019eau&nbsp;:insolubleStructure cristalline&nbsp;:Monoclinique, mP20ApplicationLe tris\u00e9niure d\u2019arsenic amorphe est utilis\u00e9 comme verre chalcog\u00e9nure pour l\u2019optique infrarouge. Lorsqu\u2019il est purifi\u00e9, il transmet de la lumi\u00e8re avec des longueurs d\u2019onde comprises [&hellip;]<\/p>\n","protected":false},"featured_media":1004368,"comment_status":"open","ping_status":"closed","template":"","meta":{"_acf_changed":false},"product_brand":[],"product_cat":[236],"product_tag":[],"class_list":{"0":"post-1018886","1":"product","2":"type-product","3":"status-publish","4":"has-post-thumbnail","6":"product_cat-materiaux-devaporation","8":"first","9":"instock","10":"shipping-taxable","11":"product-type-variable"},"acf":[],"_links":{"self":[{"href":"https:\/\/vimaterial.de\/fr\/wp-json\/wp\/v2\/product\/1018886","targetHints":{"allow":["GET"]}}],"collection":[{"href":"https:\/\/vimaterial.de\/fr\/wp-json\/wp\/v2\/product"}],"about":[{"href":"https:\/\/vimaterial.de\/fr\/wp-json\/wp\/v2\/types\/product"}],"replies":[{"embeddable":true,"href":"https:\/\/vimaterial.de\/fr\/wp-json\/wp\/v2\/comments?post=1018886"}],"wp:featuredmedia":[{"embeddable":true,"href":"https:\/\/vimaterial.de\/fr\/wp-json\/wp\/v2\/media\/1004368"}],"wp:attachment":[{"href":"https:\/\/vimaterial.de\/fr\/wp-json\/wp\/v2\/media?parent=1018886"}],"wp:term":[{"taxonomy":"product_brand","embeddable":true,"href":"https:\/\/vimaterial.de\/fr\/wp-json\/wp\/v2\/product_brand?post=1018886"},{"taxonomy":"product_cat","embeddable":true,"href":"https:\/\/vimaterial.de\/fr\/wp-json\/wp\/v2\/product_cat?post=1018886"},{"taxonomy":"product_tag","embeddable":true,"href":"https:\/\/vimaterial.de\/fr\/wp-json\/wp\/v2\/product_tag?post=1018886"}],"curies":[{"name":"wp","href":"https:\/\/api.w.org\/{rel}","templated":true}]}}