{"id":1018837,"date":"2024-06-17T15:17:14","date_gmt":"2024-06-17T07:17:14","guid":{"rendered":"https:\/\/vimaterial.de\/product\/selenium-metal-4\/"},"modified":"2024-07-12T11:54:27","modified_gmt":"2024-07-12T03:54:27","slug":"selenium-metal-4","status":"publish","type":"product","link":"https:\/\/vimaterial.de\/fr\/product\/selenium-metal-4\/","title":{"rendered":"S\u00e9l\u00e9nium m\u00e9tal"},"content":{"rendered":"<p>Caract\u00e9ristiqueLe s\u00e9l\u00e9nium est un \u00e9l\u00e9ment chimique de symbole Se et de num\u00e9ro atomique 34. C\u2019est un non-m\u00e9tal (plus rarement consid\u00e9r\u00e9 comme m\u00e9tallo\u00efde) avec des propri\u00e9t\u00e9s interm\u00e9diaires entre les \u00e9l\u00e9ments au-dessus et en dessous du tableau p\u00e9riodique, le soufre et le tellure, et pr\u00e9sente \u00e9galement des similitudes avec l\u2019arsenic. Phase \u00e0 l\u2019\u00e9tat solide STPpoint de fusion 494 K (221 \u00b0C, 430 \u00b0F)Point d\u2019\u00e9bullition 958 K (685 \u00b0C, 1265 \u00b0F)Densit\u00e9 (pr\u00e8s de la valeur r.t.) gris : 4,81 g\/cm3 alpha : 4,39 g\/cm3vitreux : 4,28 g\/cm3lorsqu\u2019il est liquide (\u00e0 m.p.) 3,99 g\/cm3Point critique 1766 K, 27,2 MPaChaleur de fusion gris : 6,69 kJ\/molChaleur de vaporisation 95,48 kJ\/molCapacit\u00e9 calorifique molaire 25,363 J\/(mol\u00b7 K) ApplicationLes principales utilisations commerciales du s\u00e9l\u00e9nium aujourd\u2019hui sont la verrerie et les pigments. Le s\u00e9l\u00e9nium est un semi-conducteur et est utilis\u00e9 dans les cellules photo\u00e9lectriques. Les applications dans l\u2019\u00e9lectronique, autrefois importantes, ont \u00e9t\u00e9 principalement remplac\u00e9es par des dispositifs \u00e0 semi-conducteurs en silicium. Le s\u00e9l\u00e9nium est encore utilis\u00e9 dans quelques types de parasurtenseurs de courant continu et un type de point quantique fluorescent.<\/p>\n","protected":false},"excerpt":{"rendered":"<p>Caract\u00e9ristiqueLe s\u00e9l\u00e9nium est un \u00e9l\u00e9ment chimique de symbole Se et de num\u00e9ro atomique 34. C\u2019est un non-m\u00e9tal (plus rarement consid\u00e9r\u00e9 comme m\u00e9tallo\u00efde) avec des propri\u00e9t\u00e9s interm\u00e9diaires entre les \u00e9l\u00e9ments au-dessus et en dessous du tableau p\u00e9riodique, le soufre et le tellure, et pr\u00e9sente \u00e9galement des similitudes avec l\u2019arsenic. Phase \u00e0 l\u2019\u00e9tat solide STPpoint de fusion [&hellip;]<\/p>\n","protected":false},"featured_media":1004390,"comment_status":"open","ping_status":"closed","template":"","meta":{"_acf_changed":false},"product_brand":[],"product_cat":[236],"product_tag":[],"class_list":{"0":"post-1018837","1":"product","2":"type-product","3":"status-publish","4":"has-post-thumbnail","6":"product_cat-materiaux-devaporation","8":"first","9":"instock","10":"shipping-taxable","11":"purchasable","12":"product-type-variable"},"acf":[],"_links":{"self":[{"href":"https:\/\/vimaterial.de\/fr\/wp-json\/wp\/v2\/product\/1018837","targetHints":{"allow":["GET"]}}],"collection":[{"href":"https:\/\/vimaterial.de\/fr\/wp-json\/wp\/v2\/product"}],"about":[{"href":"https:\/\/vimaterial.de\/fr\/wp-json\/wp\/v2\/types\/product"}],"replies":[{"embeddable":true,"href":"https:\/\/vimaterial.de\/fr\/wp-json\/wp\/v2\/comments?post=1018837"}],"wp:featuredmedia":[{"embeddable":true,"href":"https:\/\/vimaterial.de\/fr\/wp-json\/wp\/v2\/media\/1004390"}],"wp:attachment":[{"href":"https:\/\/vimaterial.de\/fr\/wp-json\/wp\/v2\/media?parent=1018837"}],"wp:term":[{"taxonomy":"product_brand","embeddable":true,"href":"https:\/\/vimaterial.de\/fr\/wp-json\/wp\/v2\/product_brand?post=1018837"},{"taxonomy":"product_cat","embeddable":true,"href":"https:\/\/vimaterial.de\/fr\/wp-json\/wp\/v2\/product_cat?post=1018837"},{"taxonomy":"product_tag","embeddable":true,"href":"https:\/\/vimaterial.de\/fr\/wp-json\/wp\/v2\/product_tag?post=1018837"}],"curies":[{"name":"wp","href":"https:\/\/api.w.org\/{rel}","templated":true}]}}