{"id":1018811,"date":"2024-06-17T15:17:14","date_gmt":"2024-06-17T07:17:14","guid":{"rendered":"https:\/\/vimaterial.de\/product\/selenium-metal-2\/"},"modified":"2024-07-12T11:54:28","modified_gmt":"2024-07-12T03:54:28","slug":"selenium-metal-2","status":"publish","type":"product","link":"https:\/\/vimaterial.de\/fr\/product\/selenium-metal-2\/","title":{"rendered":"S\u00e9l\u00e9nium m\u00e9tal"},"content":{"rendered":"<p>En raison de mat\u00e9riaux dangereux, le d\u00e9lai de livraison ne peut pas \u00eatre enti\u00e8rement garanti (\u00e9ventuellement prolong\u00e9). N\u2019h\u00e9sitez pas \u00e0 nous contacter pour plus de d\u00e9tails. Le s\u00e9l\u00e9nium est un non-m\u00e9tal (plus rarement consid\u00e9r\u00e9 comme un m\u00e9tallo\u00efde) avec des propri\u00e9t\u00e9s interm\u00e9diaires entre les \u00e9l\u00e9ments au-dessus et en dessous du tableau p\u00e9riodique, le soufre et le tellure, et pr\u00e9sente \u00e9galement des similitudes avec l\u2019arsenic. Propri\u00e9t\u00e9s&nbsp;:Point de fusion 494 K (221 \u00b0C, 430 \u00b0F)Point d\u2019\u00e9bullition 958 K (685 \u00b0C, 1265 \u00b0F)Densit\u00e9 (pr\u00e8s de la tr) gris&nbsp;: 4,81 g\/cm3\/alpha&nbsp;: 4,39 g\/cm3\/vitreux&nbsp;: 4,28 g\/cm3ApplicationLes principales utilisations commerciales du s\u00e9l\u00e9nium aujourd\u2019hui sont la fabrication du verre et des pigments. Le s\u00e9l\u00e9nium est un semi-conducteur et est utilis\u00e9 dans les cellules photo\u00e9lectriques. Les applications dans l\u2019\u00e9lectronique, autrefois importantes, ont \u00e9t\u00e9 principalement remplac\u00e9es par des dispositifs \u00e0 semi-conducteurs en silicium. Le s\u00e9l\u00e9nium est encore utilis\u00e9 dans quelques types de parasurtenseurs de courant continu et un type de point quantique fluorescent.<\/p>\n","protected":false},"excerpt":{"rendered":"<p>En raison de mat\u00e9riaux dangereux, le d\u00e9lai de livraison ne peut pas \u00eatre enti\u00e8rement garanti (\u00e9ventuellement prolong\u00e9). N\u2019h\u00e9sitez pas \u00e0 nous contacter pour plus de d\u00e9tails. Le s\u00e9l\u00e9nium est un non-m\u00e9tal (plus rarement consid\u00e9r\u00e9 comme un m\u00e9tallo\u00efde) avec des propri\u00e9t\u00e9s interm\u00e9diaires entre les \u00e9l\u00e9ments au-dessus et en dessous du tableau p\u00e9riodique, le soufre et le [&hellip;]<\/p>\n","protected":false},"featured_media":1004399,"comment_status":"open","ping_status":"closed","template":"","meta":{"_acf_changed":false},"product_brand":[],"product_cat":[250],"product_tag":[],"class_list":{"0":"post-1018811","1":"product","2":"type-product","3":"status-publish","4":"has-post-thumbnail","6":"product_cat-poudre-de-metal-pur-et-dalliage","8":"first","9":"instock","10":"shipping-taxable","11":"purchasable","12":"product-type-variable"},"acf":[],"_links":{"self":[{"href":"https:\/\/vimaterial.de\/fr\/wp-json\/wp\/v2\/product\/1018811","targetHints":{"allow":["GET"]}}],"collection":[{"href":"https:\/\/vimaterial.de\/fr\/wp-json\/wp\/v2\/product"}],"about":[{"href":"https:\/\/vimaterial.de\/fr\/wp-json\/wp\/v2\/types\/product"}],"replies":[{"embeddable":true,"href":"https:\/\/vimaterial.de\/fr\/wp-json\/wp\/v2\/comments?post=1018811"}],"wp:featuredmedia":[{"embeddable":true,"href":"https:\/\/vimaterial.de\/fr\/wp-json\/wp\/v2\/media\/1004399"}],"wp:attachment":[{"href":"https:\/\/vimaterial.de\/fr\/wp-json\/wp\/v2\/media?parent=1018811"}],"wp:term":[{"taxonomy":"product_brand","embeddable":true,"href":"https:\/\/vimaterial.de\/fr\/wp-json\/wp\/v2\/product_brand?post=1018811"},{"taxonomy":"product_cat","embeddable":true,"href":"https:\/\/vimaterial.de\/fr\/wp-json\/wp\/v2\/product_cat?post=1018811"},{"taxonomy":"product_tag","embeddable":true,"href":"https:\/\/vimaterial.de\/fr\/wp-json\/wp\/v2\/product_tag?post=1018811"}],"curies":[{"name":"wp","href":"https:\/\/api.w.org\/{rel}","templated":true}]}}